{"id":5278,"date":"2019-11-20T19:47:02","date_gmt":"2019-11-20T19:47:02","guid":{"rendered":"https:\/\/blogsaverroes.juntadeandalucia.es\/iescastillodetempul\/?page_id=5278"},"modified":"2019-11-22T20:21:44","modified_gmt":"2019-11-22T20:21:44","slug":"2050-2","status":"publish","type":"page","link":"https:\/\/blogsaverroes.juntadeandalucia.es\/iescastillodetempul\/2050-2\/","title":{"rendered":"2050"},"content":{"rendered":"<p>Un corto del \u00c1mbito Socioling\u00fc\u00edstico 3\u00ba PMAR<\/p>\n<p>&nbsp;<br \/>\n<iframe loading=\"lazy\" src=\"https:\/\/www.youtube.com\/embed\/mtwun6zlrCU\" width=\"560\" height=\"315\" frameborder=\"0\"><\/iframe><\/p>\n<p><strong>Documentaci\u00f3n:<\/strong> <a href=\"https:\/\/geoviolenciasexual.com\/\">geoviolenciasexual.com<\/a><br \/>\nM\u00fasica: Patrick de Arteaga<br \/>\n<strong>Intervienen:<\/strong><br \/>\nMar\u00eda<br \/>\nAdela<br \/>\nZoraida<br \/>\nRub\u00e9n<br \/>\nF. Javier<br \/>\nMiguel<br \/>\nAlicia<br \/>\nYenheva<br \/>\nCristian<br \/>\nJuan de Dios<br \/>\n<strong>Colaboran:<\/strong><br \/>\nCecilia Bellido<br \/>\nPilar Hern\u00e1ndez<br \/>\nRocio Mart\u00ednez<br \/>\n<strong>Centro:<\/strong> IES Castillo de Tempul<br \/>\n<strong>Lugar:<\/strong> San Jos\u00e9 del Valle<br \/>\n<a href=\"https:\/\/blogsaverroes.juntadeandalucia.es\/iescastillodetempul\/files\/2019\/11\/2050.jpg\"><img loading=\"lazy\" decoding=\"async\" class=\"aligncenter size-medium wp-image-5277\" src=\"https:\/\/blogsaverroes.juntadeandalucia.es\/iescastillodetempul\/files\/2019\/11\/2050-725x1024.jpg\" alt=\"\" width=\"725\" height=\"1024\" srcset=\"https:\/\/blogsaverroes.juntadeandalucia.es\/iescastillodetempul\/files\/2019\/11\/2050-725x1024.jpg 725w, https:\/\/blogsaverroes.juntadeandalucia.es\/iescastillodetempul\/files\/2019\/11\/2050-768x1085.jpg 768w, https:\/\/blogsaverroes.juntadeandalucia.es\/iescastillodetempul\/files\/2019\/11\/2050-700x989.jpg 700w, https:\/\/blogsaverroes.juntadeandalucia.es\/iescastillodetempul\/files\/2019\/11\/2050-17x24.jpg 17w, https:\/\/blogsaverroes.juntadeandalucia.es\/iescastillodetempul\/files\/2019\/11\/2050-25x36.jpg 25w, https:\/\/blogsaverroes.juntadeandalucia.es\/iescastillodetempul\/files\/2019\/11\/2050-34x48.jpg 34w, https:\/\/blogsaverroes.juntadeandalucia.es\/iescastillodetempul\/files\/2019\/11\/2050.jpg 1132w\" sizes=\"(max-width: 725px) 100vw, 725px\" \/><\/a><\/p>\n","protected":false},"excerpt":{"rendered":"<p>Un corto del \u00c1mbito Socioling\u00fc\u00edstico 3\u00ba PMAR &nbsp; Documentaci\u00f3n: geoviolenciasexual.com M\u00fasica: Patrick de Arteaga Intervienen: Mar\u00eda Adela Zoraida Rub\u00e9n F. Javier Miguel Alicia Yenheva Cristian Juan de Dios Colaboran: Cecilia Bellido Pilar Hern\u00e1ndez Rocio&#46;&#46;&#46;<\/p>\n","protected":false},"author":4130,"featured_media":0,"parent":0,"menu_order":0,"comment_status":"closed","ping_status":"closed","template":"","meta":{"ngg_post_thumbnail":0,"footnotes":"","_mc_calendar":[]},"aioseo_notices":[],"_links":{"self":[{"href":"https:\/\/blogsaverroes.juntadeandalucia.es\/iescastillodetempul\/wp-json\/wp\/v2\/pages\/5278"}],"collection":[{"href":"https:\/\/blogsaverroes.juntadeandalucia.es\/iescastillodetempul\/wp-json\/wp\/v2\/pages"}],"about":[{"href":"https:\/\/blogsaverroes.juntadeandalucia.es\/iescastillodetempul\/wp-json\/wp\/v2\/types\/page"}],"author":[{"embeddable":true,"href":"https:\/\/blogsaverroes.juntadeandalucia.es\/iescastillodetempul\/wp-json\/wp\/v2\/users\/4130"}],"replies":[{"embeddable":true,"href":"https:\/\/blogsaverroes.juntadeandalucia.es\/iescastillodetempul\/wp-json\/wp\/v2\/comments?post=5278"}],"version-history":[{"count":5,"href":"https:\/\/blogsaverroes.juntadeandalucia.es\/iescastillodetempul\/wp-json\/wp\/v2\/pages\/5278\/revisions"}],"predecessor-version":[{"id":5288,"href":"https:\/\/blogsaverroes.juntadeandalucia.es\/iescastillodetempul\/wp-json\/wp\/v2\/pages\/5278\/revisions\/5288"}],"wp:attachment":[{"href":"https:\/\/blogsaverroes.juntadeandalucia.es\/iescastillodetempul\/wp-json\/wp\/v2\/media?parent=5278"}],"curies":[{"name":"wp","href":"https:\/\/api.w.org\/{rel}","templated":true}]}}