{"id":5438,"date":"2020-01-27T21:08:57","date_gmt":"2020-01-27T21:08:57","guid":{"rendered":"https:\/\/blogsaverroes.juntadeandalucia.es\/iescastillodetempul\/?page_id=5438"},"modified":"2020-11-30T10:13:08","modified_gmt":"2020-11-30T10:13:08","slug":"talleres-de-la-fundacion-triangulo","status":"publish","type":"page","link":"https:\/\/blogsaverroes.juntadeandalucia.es\/iescastillodetempul\/talleres-de-la-fundacion-triangulo\/","title":{"rendered":"Talleres de la fundaci\u00f3n Tri\u00e1ngulo curso"},"content":{"rendered":"<h3 style=\"text-align: left\"><a href=\"https:\/\/blogsaverroes.juntadeandalucia.es\/iescastillodetempul\/files\/2020\/01\/LOGO-FT-VECTORIAL-ancho-web-2019-color-300x67.png\">CURSO 19\/20<br \/>\n<img loading=\"lazy\" decoding=\"async\" class=\"aligncenter size-full wp-image-5441\" src=\"https:\/\/blogsaverroes.juntadeandalucia.es\/iescastillodetempul\/files\/2020\/01\/LOGO-FT-VECTORIAL-ancho-web-2019-color-300x67.png\" alt=\"\" width=\"300\" height=\"67\" srcset=\"https:\/\/blogsaverroes.juntadeandalucia.es\/iescastillodetempul\/files\/2020\/01\/LOGO-FT-VECTORIAL-ancho-web-2019-color-300x67.png 300w, https:\/\/blogsaverroes.juntadeandalucia.es\/iescastillodetempul\/files\/2020\/01\/LOGO-FT-VECTORIAL-ancho-web-2019-color-300x67-24x5.png 24w, https:\/\/blogsaverroes.juntadeandalucia.es\/iescastillodetempul\/files\/2020\/01\/LOGO-FT-VECTORIAL-ancho-web-2019-color-300x67-36x8.png 36w, https:\/\/blogsaverroes.juntadeandalucia.es\/iescastillodetempul\/files\/2020\/01\/LOGO-FT-VECTORIAL-ancho-web-2019-color-300x67-48x11.png 48w\" sizes=\"(max-width: 300px) 100vw, 300px\" \/><\/a>El Martes 21 de enero de 2020, La Fundaci\u00f3n Tri\u00e1ngulo imparti\u00f3 un taller sobre salud&nbsp; y sensibilizaci\u00f3n en orientaci\u00f3n sexual e identidad de g\u00e9nero en 1\u00b0 ESO, 2\u00b0 ESO A y 2\u00b0 ESO B.<br \/>\n<a href=\"https:\/\/blogsaverroes.juntadeandalucia.es\/iescastillodetempul\/files\/2020\/01\/IMG-20200121-WA0012.jpg\"><img loading=\"lazy\" decoding=\"async\" class=\"aligncenter size-medium wp-image-5443\" src=\"https:\/\/blogsaverroes.juntadeandalucia.es\/iescastillodetempul\/files\/2020\/01\/IMG-20200121-WA0012-1024x768.jpg\" alt=\"\" width=\"1024\" height=\"768\" srcset=\"https:\/\/blogsaverroes.juntadeandalucia.es\/iescastillodetempul\/files\/2020\/01\/IMG-20200121-WA0012-1024x768.jpg 1024w, https:\/\/blogsaverroes.juntadeandalucia.es\/iescastillodetempul\/files\/2020\/01\/IMG-20200121-WA0012-768x576.jpg 768w, https:\/\/blogsaverroes.juntadeandalucia.es\/iescastillodetempul\/files\/2020\/01\/IMG-20200121-WA0012-700x525.jpg 700w, https:\/\/blogsaverroes.juntadeandalucia.es\/iescastillodetempul\/files\/2020\/01\/IMG-20200121-WA0012-24x18.jpg 24w, https:\/\/blogsaverroes.juntadeandalucia.es\/iescastillodetempul\/files\/2020\/01\/IMG-20200121-WA0012-36x27.jpg 36w, https:\/\/blogsaverroes.juntadeandalucia.es\/iescastillodetempul\/files\/2020\/01\/IMG-20200121-WA0012-48x36.jpg 48w, https:\/\/blogsaverroes.juntadeandalucia.es\/iescastillodetempul\/files\/2020\/01\/IMG-20200121-WA0012.jpg 1600w\" sizes=\"(max-width: 1024px) 100vw, 1024px\" \/><\/a><a href=\"https:\/\/blogsaverroes.juntadeandalucia.es\/iescastillodetempul\/files\/2020\/01\/IMG-20200121-WA0009.jpg\"><img loading=\"lazy\" decoding=\"async\" class=\"aligncenter size-medium wp-image-5444\" src=\"https:\/\/blogsaverroes.juntadeandalucia.es\/iescastillodetempul\/files\/2020\/01\/IMG-20200121-WA0009-1024x768.jpg\" alt=\"\" width=\"1024\" height=\"768\" srcset=\"https:\/\/blogsaverroes.juntadeandalucia.es\/iescastillodetempul\/files\/2020\/01\/IMG-20200121-WA0009-1024x768.jpg 1024w, https:\/\/blogsaverroes.juntadeandalucia.es\/iescastillodetempul\/files\/2020\/01\/IMG-20200121-WA0009-768x576.jpg 768w, https:\/\/blogsaverroes.juntadeandalucia.es\/iescastillodetempul\/files\/2020\/01\/IMG-20200121-WA0009-700x525.jpg 700w, https:\/\/blogsaverroes.juntadeandalucia.es\/iescastillodetempul\/files\/2020\/01\/IMG-20200121-WA0009-24x18.jpg 24w, https:\/\/blogsaverroes.juntadeandalucia.es\/iescastillodetempul\/files\/2020\/01\/IMG-20200121-WA0009-36x27.jpg 36w, https:\/\/blogsaverroes.juntadeandalucia.es\/iescastillodetempul\/files\/2020\/01\/IMG-20200121-WA0009-48x36.jpg 48w, https:\/\/blogsaverroes.juntadeandalucia.es\/iescastillodetempul\/files\/2020\/01\/IMG-20200121-WA0009.jpg 1600w\" sizes=\"(max-width: 1024px) 100vw, 1024px\" \/><\/a><a href=\"https:\/\/blogsaverroes.juntadeandalucia.es\/iescastillodetempul\/files\/2020\/01\/IMG-20200121-WA0004.jpg\"><img loading=\"lazy\" decoding=\"async\" class=\"aligncenter size-medium wp-image-5442\" src=\"https:\/\/blogsaverroes.juntadeandalucia.es\/iescastillodetempul\/files\/2020\/01\/IMG-20200121-WA0004-1024x767.jpg\" alt=\"\" width=\"1024\" height=\"767\" srcset=\"https:\/\/blogsaverroes.juntadeandalucia.es\/iescastillodetempul\/files\/2020\/01\/IMG-20200121-WA0004-1024x767.jpg 1024w, https:\/\/blogsaverroes.juntadeandalucia.es\/iescastillodetempul\/files\/2020\/01\/IMG-20200121-WA0004-768x575.jpg 768w, https:\/\/blogsaverroes.juntadeandalucia.es\/iescastillodetempul\/files\/2020\/01\/IMG-20200121-WA0004-700x524.jpg 700w, https:\/\/blogsaverroes.juntadeandalucia.es\/iescastillodetempul\/files\/2020\/01\/IMG-20200121-WA0004-24x18.jpg 24w, https:\/\/blogsaverroes.juntadeandalucia.es\/iescastillodetempul\/files\/2020\/01\/IMG-20200121-WA0004-36x27.jpg 36w, https:\/\/blogsaverroes.juntadeandalucia.es\/iescastillodetempul\/files\/2020\/01\/IMG-20200121-WA0004-48x36.jpg 48w, https:\/\/blogsaverroes.juntadeandalucia.es\/iescastillodetempul\/files\/2020\/01\/IMG-20200121-WA0004.jpg 1372w\" sizes=\"(max-width: 1024px) 100vw, 1024px\" \/><\/a><\/h3>\n","protected":false},"excerpt":{"rendered":"<p>CURSO 19\/20 El Martes 21 de enero de 2020, La Fundaci\u00f3n Tri\u00e1ngulo imparti\u00f3 un taller sobre salud&nbsp; y sensibilizaci\u00f3n en orientaci\u00f3n sexual e identidad de g\u00e9nero en 1\u00b0 ESO, 2\u00b0 ESO A y 2\u00b0&#46;&#46;&#46;<\/p>\n","protected":false},"author":4130,"featured_media":0,"parent":0,"menu_order":0,"comment_status":"closed","ping_status":"closed","template":"","meta":{"ngg_post_thumbnail":0,"footnotes":"","_mc_calendar":[]},"aioseo_notices":[],"_links":{"self":[{"href":"https:\/\/blogsaverroes.juntadeandalucia.es\/iescastillodetempul\/wp-json\/wp\/v2\/pages\/5438"}],"collection":[{"href":"https:\/\/blogsaverroes.juntadeandalucia.es\/iescastillodetempul\/wp-json\/wp\/v2\/pages"}],"about":[{"href":"https:\/\/blogsaverroes.juntadeandalucia.es\/iescastillodetempul\/wp-json\/wp\/v2\/types\/page"}],"author":[{"embeddable":true,"href":"https:\/\/blogsaverroes.juntadeandalucia.es\/iescastillodetempul\/wp-json\/wp\/v2\/users\/4130"}],"replies":[{"embeddable":true,"href":"https:\/\/blogsaverroes.juntadeandalucia.es\/iescastillodetempul\/wp-json\/wp\/v2\/comments?post=5438"}],"version-history":[{"count":6,"href":"https:\/\/blogsaverroes.juntadeandalucia.es\/iescastillodetempul\/wp-json\/wp\/v2\/pages\/5438\/revisions"}],"predecessor-version":[{"id":5679,"href":"https:\/\/blogsaverroes.juntadeandalucia.es\/iescastillodetempul\/wp-json\/wp\/v2\/pages\/5438\/revisions\/5679"}],"wp:attachment":[{"href":"https:\/\/blogsaverroes.juntadeandalucia.es\/iescastillodetempul\/wp-json\/wp\/v2\/media?parent=5438"}],"curies":[{"name":"wp","href":"https:\/\/api.w.org\/{rel}","templated":true}]}}