{"id":5475,"date":"2020-02-18T12:09:23","date_gmt":"2020-02-18T12:09:23","guid":{"rendered":"https:\/\/blogsaverroes.juntadeandalucia.es\/iescastillodetempul\/?page_id=5475"},"modified":"2020-02-18T12:15:58","modified_gmt":"2020-02-18T12:15:58","slug":"true-love","status":"publish","type":"page","link":"https:\/\/blogsaverroes.juntadeandalucia.es\/iescastillodetempul\/true-love\/","title":{"rendered":"True Love"},"content":{"rendered":"<p><a href=\"https:\/\/blogsaverroes.juntadeandalucia.es\/iescastillodetempul\/files\/2020\/02\/photostudio_1582027047900.jpg\"><img loading=\"lazy\" decoding=\"async\" class=\"aligncenter size-medium wp-image-5469\" src=\"https:\/\/blogsaverroes.juntadeandalucia.es\/iescastillodetempul\/files\/2020\/02\/photostudio_1582027047900-1024x581.jpg\" alt=\"\" width=\"1024\" height=\"581\" srcset=\"https:\/\/blogsaverroes.juntadeandalucia.es\/iescastillodetempul\/files\/2020\/02\/photostudio_1582027047900-1024x581.jpg 1024w, https:\/\/blogsaverroes.juntadeandalucia.es\/iescastillodetempul\/files\/2020\/02\/photostudio_1582027047900-768x436.jpg 768w, https:\/\/blogsaverroes.juntadeandalucia.es\/iescastillodetempul\/files\/2020\/02\/photostudio_1582027047900-700x397.jpg 700w, https:\/\/blogsaverroes.juntadeandalucia.es\/iescastillodetempul\/files\/2020\/02\/photostudio_1582027047900-24x14.jpg 24w, https:\/\/blogsaverroes.juntadeandalucia.es\/iescastillodetempul\/files\/2020\/02\/photostudio_1582027047900-36x20.jpg 36w, https:\/\/blogsaverroes.juntadeandalucia.es\/iescastillodetempul\/files\/2020\/02\/photostudio_1582027047900-48x27.jpg 48w, https:\/\/blogsaverroes.juntadeandalucia.es\/iescastillodetempul\/files\/2020\/02\/photostudio_1582027047900.jpg 1600w\" sizes=\"(max-width: 1024px) 100vw, 1024px\" \/><\/a><\/p>\n<p>TRUE LOVE ha sido la actividad realizada hoy para transmitir a nuestro alumnado valores esenciales para evitar conductas t\u00f3xicas y machistas en las relaciones de pareja. Cadigenia ha conseguido que el alumnado interact\u00fae en todo momento, de forma fluida y amena, ense\u00f1andoles \u00aba ligar\u00bb de una manera igualitaria, desde la empat\u00eda, la comunicaci\u00f3n constructiva y la autoestima tanto en chicos como en chicas.<\/p>\n<p><a href=\"https:\/\/blogsaverroes.juntadeandalucia.es\/iescastillodetempul\/files\/2020\/02\/IMG-20200217-WA0017.jpg\"><img loading=\"lazy\" decoding=\"async\" class=\"aligncenter size-medium wp-image-5472\" src=\"https:\/\/blogsaverroes.juntadeandalucia.es\/iescastillodetempul\/files\/2020\/02\/IMG-20200217-WA0017-1024x768.jpg\" alt=\"\" width=\"1024\" height=\"768\" srcset=\"https:\/\/blogsaverroes.juntadeandalucia.es\/iescastillodetempul\/files\/2020\/02\/IMG-20200217-WA0017-1024x768.jpg 1024w, https:\/\/blogsaverroes.juntadeandalucia.es\/iescastillodetempul\/files\/2020\/02\/IMG-20200217-WA0017-768x576.jpg 768w, https:\/\/blogsaverroes.juntadeandalucia.es\/iescastillodetempul\/files\/2020\/02\/IMG-20200217-WA0017-700x525.jpg 700w, https:\/\/blogsaverroes.juntadeandalucia.es\/iescastillodetempul\/files\/2020\/02\/IMG-20200217-WA0017-24x18.jpg 24w, https:\/\/blogsaverroes.juntadeandalucia.es\/iescastillodetempul\/files\/2020\/02\/IMG-20200217-WA0017-36x27.jpg 36w, https:\/\/blogsaverroes.juntadeandalucia.es\/iescastillodetempul\/files\/2020\/02\/IMG-20200217-WA0017-48x36.jpg 48w, https:\/\/blogsaverroes.juntadeandalucia.es\/iescastillodetempul\/files\/2020\/02\/IMG-20200217-WA0017.jpg 1600w\" sizes=\"(max-width: 1024px) 100vw, 1024px\" \/><\/a><br \/>\n<a href=\"https:\/\/blogsaverroes.juntadeandalucia.es\/iescastillodetempul\/files\/2020\/02\/unnamed.png\"><img loading=\"lazy\" decoding=\"async\" class=\"aligncenter size-full wp-image-5470\" src=\"https:\/\/blogsaverroes.juntadeandalucia.es\/iescastillodetempul\/files\/2020\/02\/unnamed.png\" alt=\"\" width=\"450\" height=\"232\" srcset=\"https:\/\/blogsaverroes.juntadeandalucia.es\/iescastillodetempul\/files\/2020\/02\/unnamed.png 450w, https:\/\/blogsaverroes.juntadeandalucia.es\/iescastillodetempul\/files\/2020\/02\/unnamed-24x12.png 24w, https:\/\/blogsaverroes.juntadeandalucia.es\/iescastillodetempul\/files\/2020\/02\/unnamed-36x19.png 36w, https:\/\/blogsaverroes.juntadeandalucia.es\/iescastillodetempul\/files\/2020\/02\/unnamed-48x25.png 48w\" sizes=\"(max-width: 450px) 100vw, 450px\" \/><\/a><\/p>\nngg_shortcode_0_placeholder\n","protected":false},"excerpt":{"rendered":"<p>TRUE LOVE ha sido la actividad realizada hoy para transmitir a nuestro alumnado valores esenciales para evitar conductas t\u00f3xicas y machistas en las relaciones de pareja. Cadigenia ha conseguido que el alumnado interact\u00fae en&#46;&#46;&#46;<\/p>\n","protected":false},"author":4130,"featured_media":0,"parent":0,"menu_order":0,"comment_status":"closed","ping_status":"closed","template":"","meta":{"ngg_post_thumbnail":0,"footnotes":"","_mc_calendar":[]},"aioseo_notices":[],"_links":{"self":[{"href":"https:\/\/blogsaverroes.juntadeandalucia.es\/iescastillodetempul\/wp-json\/wp\/v2\/pages\/5475"}],"collection":[{"href":"https:\/\/blogsaverroes.juntadeandalucia.es\/iescastillodetempul\/wp-json\/wp\/v2\/pages"}],"about":[{"href":"https:\/\/blogsaverroes.juntadeandalucia.es\/iescastillodetempul\/wp-json\/wp\/v2\/types\/page"}],"author":[{"embeddable":true,"href":"https:\/\/blogsaverroes.juntadeandalucia.es\/iescastillodetempul\/wp-json\/wp\/v2\/users\/4130"}],"replies":[{"embeddable":true,"href":"https:\/\/blogsaverroes.juntadeandalucia.es\/iescastillodetempul\/wp-json\/wp\/v2\/comments?post=5475"}],"version-history":[{"count":4,"href":"https:\/\/blogsaverroes.juntadeandalucia.es\/iescastillodetempul\/wp-json\/wp\/v2\/pages\/5475\/revisions"}],"predecessor-version":[{"id":5492,"href":"https:\/\/blogsaverroes.juntadeandalucia.es\/iescastillodetempul\/wp-json\/wp\/v2\/pages\/5475\/revisions\/5492"}],"wp:attachment":[{"href":"https:\/\/blogsaverroes.juntadeandalucia.es\/iescastillodetempul\/wp-json\/wp\/v2\/media?parent=5475"}],"curies":[{"name":"wp","href":"https:\/\/api.w.org\/{rel}","templated":true}]}}