{"id":5690,"date":"2020-11-30T12:21:11","date_gmt":"2020-11-30T12:21:11","guid":{"rendered":"https:\/\/blogsaverroes.juntadeandalucia.es\/iescastillodetempul\/?page_id=5690"},"modified":"2020-11-30T12:23:00","modified_gmt":"2020-11-30T12:23:00","slug":"talleres-de-la-fundacion-triangulo-2","status":"publish","type":"page","link":"https:\/\/blogsaverroes.juntadeandalucia.es\/iescastillodetempul\/talleres-de-la-fundacion-triangulo-2\/","title":{"rendered":"Talleres de la fundaci\u00f3n Tri\u00e1ngulo"},"content":{"rendered":"<h3><a href=\"https:\/\/blogsaverroes.juntadeandalucia.es\/iescastillodetempul\/files\/2020\/01\/LOGO-FT-VECTORIAL-ancho-web-2019-color-300x67.png\">CURSO 20\/21<br \/>\n<img loading=\"lazy\" decoding=\"async\" class=\"aligncenter size-full wp-image-5441\" src=\"https:\/\/blogsaverroes.juntadeandalucia.es\/iescastillodetempul\/files\/2020\/01\/LOGO-FT-VECTORIAL-ancho-web-2019-color-300x67.png\" alt=\"\" width=\"300\" height=\"67\" srcset=\"https:\/\/blogsaverroes.juntadeandalucia.es\/iescastillodetempul\/files\/2020\/01\/LOGO-FT-VECTORIAL-ancho-web-2019-color-300x67.png 300w, https:\/\/blogsaverroes.juntadeandalucia.es\/iescastillodetempul\/files\/2020\/01\/LOGO-FT-VECTORIAL-ancho-web-2019-color-300x67-24x5.png 24w, https:\/\/blogsaverroes.juntadeandalucia.es\/iescastillodetempul\/files\/2020\/01\/LOGO-FT-VECTORIAL-ancho-web-2019-color-300x67-36x8.png 36w, https:\/\/blogsaverroes.juntadeandalucia.es\/iescastillodetempul\/files\/2020\/01\/LOGO-FT-VECTORIAL-ancho-web-2019-color-300x67-48x11.png 48w\" sizes=\"(max-width: 300px) 100vw, 300px\" \/><\/a>El Jueves 19 de Noviembre de 2020, La Fundaci\u00f3n Tri\u00e1ngulo imparti\u00f3 un taller sobre salud&nbsp; y sensibilizaci\u00f3n en orientaci\u00f3n sexual e identidad de g\u00e9nero en 1\u00b0 ESO y 2\u00b0 ESO.<\/h3>\n<p><a href=\"https:\/\/blogsaverroes.juntadeandalucia.es\/iescastillodetempul\/files\/2020\/11\/IMG-20201119-WA0020.jpg\"><img loading=\"lazy\" decoding=\"async\" class=\"aligncenter size-medium wp-image-5682\" src=\"https:\/\/blogsaverroes.juntadeandalucia.es\/iescastillodetempul\/files\/2020\/11\/IMG-20201119-WA0020-1024x768.jpg\" alt=\"\" width=\"1024\" height=\"768\" srcset=\"https:\/\/blogsaverroes.juntadeandalucia.es\/iescastillodetempul\/files\/2020\/11\/IMG-20201119-WA0020-1024x768.jpg 1024w, https:\/\/blogsaverroes.juntadeandalucia.es\/iescastillodetempul\/files\/2020\/11\/IMG-20201119-WA0020-768x576.jpg 768w, https:\/\/blogsaverroes.juntadeandalucia.es\/iescastillodetempul\/files\/2020\/11\/IMG-20201119-WA0020-1536x1152.jpg 1536w, https:\/\/blogsaverroes.juntadeandalucia.es\/iescastillodetempul\/files\/2020\/11\/IMG-20201119-WA0020-700x525.jpg 700w, https:\/\/blogsaverroes.juntadeandalucia.es\/iescastillodetempul\/files\/2020\/11\/IMG-20201119-WA0020-24x18.jpg 24w, https:\/\/blogsaverroes.juntadeandalucia.es\/iescastillodetempul\/files\/2020\/11\/IMG-20201119-WA0020-36x27.jpg 36w, https:\/\/blogsaverroes.juntadeandalucia.es\/iescastillodetempul\/files\/2020\/11\/IMG-20201119-WA0020-48x36.jpg 48w, https:\/\/blogsaverroes.juntadeandalucia.es\/iescastillodetempul\/files\/2020\/11\/IMG-20201119-WA0020.jpg 1600w\" sizes=\"(max-width: 1024px) 100vw, 1024px\" \/><\/a><a href=\"https:\/\/blogsaverroes.juntadeandalucia.es\/iescastillodetempul\/files\/2020\/11\/IMG-20201119-WA0019.jpg\"><img loading=\"lazy\" decoding=\"async\" class=\"aligncenter size-medium wp-image-5683\" src=\"https:\/\/blogsaverroes.juntadeandalucia.es\/iescastillodetempul\/files\/2020\/11\/IMG-20201119-WA0019-1024x768.jpg\" alt=\"\" width=\"1024\" height=\"768\" srcset=\"https:\/\/blogsaverroes.juntadeandalucia.es\/iescastillodetempul\/files\/2020\/11\/IMG-20201119-WA0019-1024x768.jpg 1024w, https:\/\/blogsaverroes.juntadeandalucia.es\/iescastillodetempul\/files\/2020\/11\/IMG-20201119-WA0019-768x576.jpg 768w, https:\/\/blogsaverroes.juntadeandalucia.es\/iescastillodetempul\/files\/2020\/11\/IMG-20201119-WA0019-1536x1152.jpg 1536w, https:\/\/blogsaverroes.juntadeandalucia.es\/iescastillodetempul\/files\/2020\/11\/IMG-20201119-WA0019-700x525.jpg 700w, https:\/\/blogsaverroes.juntadeandalucia.es\/iescastillodetempul\/files\/2020\/11\/IMG-20201119-WA0019-24x18.jpg 24w, https:\/\/blogsaverroes.juntadeandalucia.es\/iescastillodetempul\/files\/2020\/11\/IMG-20201119-WA0019-36x27.jpg 36w, https:\/\/blogsaverroes.juntadeandalucia.es\/iescastillodetempul\/files\/2020\/11\/IMG-20201119-WA0019-48x36.jpg 48w, https:\/\/blogsaverroes.juntadeandalucia.es\/iescastillodetempul\/files\/2020\/11\/IMG-20201119-WA0019.jpg 1600w\" sizes=\"(max-width: 1024px) 100vw, 1024px\" \/><\/a><a href=\"https:\/\/blogsaverroes.juntadeandalucia.es\/iescastillodetempul\/files\/2020\/11\/IMG-20201119-WA0016.jpg\"><img loading=\"lazy\" decoding=\"async\" class=\"aligncenter size-medium wp-image-5684\" src=\"https:\/\/blogsaverroes.juntadeandalucia.es\/iescastillodetempul\/files\/2020\/11\/IMG-20201119-WA0016-1024x768.jpg\" alt=\"\" width=\"1024\" height=\"768\" srcset=\"https:\/\/blogsaverroes.juntadeandalucia.es\/iescastillodetempul\/files\/2020\/11\/IMG-20201119-WA0016-1024x768.jpg 1024w, https:\/\/blogsaverroes.juntadeandalucia.es\/iescastillodetempul\/files\/2020\/11\/IMG-20201119-WA0016-768x576.jpg 768w, https:\/\/blogsaverroes.juntadeandalucia.es\/iescastillodetempul\/files\/2020\/11\/IMG-20201119-WA0016-1536x1152.jpg 1536w, https:\/\/blogsaverroes.juntadeandalucia.es\/iescastillodetempul\/files\/2020\/11\/IMG-20201119-WA0016-700x525.jpg 700w, https:\/\/blogsaverroes.juntadeandalucia.es\/iescastillodetempul\/files\/2020\/11\/IMG-20201119-WA0016-24x18.jpg 24w, https:\/\/blogsaverroes.juntadeandalucia.es\/iescastillodetempul\/files\/2020\/11\/IMG-20201119-WA0016-36x27.jpg 36w, https:\/\/blogsaverroes.juntadeandalucia.es\/iescastillodetempul\/files\/2020\/11\/IMG-20201119-WA0016-48x36.jpg 48w, https:\/\/blogsaverroes.juntadeandalucia.es\/iescastillodetempul\/files\/2020\/11\/IMG-20201119-WA0016.jpg 1600w\" sizes=\"(max-width: 1024px) 100vw, 1024px\" \/><\/a><a href=\"https:\/\/blogsaverroes.juntadeandalucia.es\/iescastillodetempul\/files\/2020\/11\/IMG-20201119-WA0010.jpg\"><img loading=\"lazy\" decoding=\"async\" class=\"aligncenter size-medium wp-image-5685\" src=\"https:\/\/blogsaverroes.juntadeandalucia.es\/iescastillodetempul\/files\/2020\/11\/IMG-20201119-WA0010-1024x768.jpg\" alt=\"\" width=\"1024\" height=\"768\" srcset=\"https:\/\/blogsaverroes.juntadeandalucia.es\/iescastillodetempul\/files\/2020\/11\/IMG-20201119-WA0010-1024x768.jpg 1024w, https:\/\/blogsaverroes.juntadeandalucia.es\/iescastillodetempul\/files\/2020\/11\/IMG-20201119-WA0010-768x576.jpg 768w, https:\/\/blogsaverroes.juntadeandalucia.es\/iescastillodetempul\/files\/2020\/11\/IMG-20201119-WA0010-1536x1152.jpg 1536w, https:\/\/blogsaverroes.juntadeandalucia.es\/iescastillodetempul\/files\/2020\/11\/IMG-20201119-WA0010-700x525.jpg 700w, https:\/\/blogsaverroes.juntadeandalucia.es\/iescastillodetempul\/files\/2020\/11\/IMG-20201119-WA0010-24x18.jpg 24w, https:\/\/blogsaverroes.juntadeandalucia.es\/iescastillodetempul\/files\/2020\/11\/IMG-20201119-WA0010-36x27.jpg 36w, https:\/\/blogsaverroes.juntadeandalucia.es\/iescastillodetempul\/files\/2020\/11\/IMG-20201119-WA0010-48x36.jpg 48w, https:\/\/blogsaverroes.juntadeandalucia.es\/iescastillodetempul\/files\/2020\/11\/IMG-20201119-WA0010.jpg 1600w\" sizes=\"(max-width: 1024px) 100vw, 1024px\" \/><\/a><a href=\"https:\/\/blogsaverroes.juntadeandalucia.es\/iescastillodetempul\/files\/2020\/11\/IMG-20201119-WA0015.jpg\"><img loading=\"lazy\" decoding=\"async\" class=\"aligncenter size-medium wp-image-5686\" src=\"https:\/\/blogsaverroes.juntadeandalucia.es\/iescastillodetempul\/files\/2020\/11\/IMG-20201119-WA0015-1024x768.jpg\" alt=\"\" width=\"1024\" height=\"768\" srcset=\"https:\/\/blogsaverroes.juntadeandalucia.es\/iescastillodetempul\/files\/2020\/11\/IMG-20201119-WA0015-1024x768.jpg 1024w, https:\/\/blogsaverroes.juntadeandalucia.es\/iescastillodetempul\/files\/2020\/11\/IMG-20201119-WA0015-768x576.jpg 768w, https:\/\/blogsaverroes.juntadeandalucia.es\/iescastillodetempul\/files\/2020\/11\/IMG-20201119-WA0015-1536x1152.jpg 1536w, https:\/\/blogsaverroes.juntadeandalucia.es\/iescastillodetempul\/files\/2020\/11\/IMG-20201119-WA0015-700x525.jpg 700w, https:\/\/blogsaverroes.juntadeandalucia.es\/iescastillodetempul\/files\/2020\/11\/IMG-20201119-WA0015-24x18.jpg 24w, https:\/\/blogsaverroes.juntadeandalucia.es\/iescastillodetempul\/files\/2020\/11\/IMG-20201119-WA0015-36x27.jpg 36w, https:\/\/blogsaverroes.juntadeandalucia.es\/iescastillodetempul\/files\/2020\/11\/IMG-20201119-WA0015-48x36.jpg 48w, https:\/\/blogsaverroes.juntadeandalucia.es\/iescastillodetempul\/files\/2020\/11\/IMG-20201119-WA0015.jpg 1600w\" sizes=\"(max-width: 1024px) 100vw, 1024px\" \/><\/a><a href=\"https:\/\/blogsaverroes.juntadeandalucia.es\/iescastillodetempul\/files\/2020\/11\/IMG-20201126-WA0019.jpg\"><img loading=\"lazy\" decoding=\"async\" class=\"aligncenter size-medium wp-image-5687\" src=\"https:\/\/blogsaverroes.juntadeandalucia.es\/iescastillodetempul\/files\/2020\/11\/IMG-20201126-WA0019-1024x768.jpg\" alt=\"\" width=\"1024\" height=\"768\" srcset=\"https:\/\/blogsaverroes.juntadeandalucia.es\/iescastillodetempul\/files\/2020\/11\/IMG-20201126-WA0019-1024x768.jpg 1024w, https:\/\/blogsaverroes.juntadeandalucia.es\/iescastillodetempul\/files\/2020\/11\/IMG-20201126-WA0019-768x576.jpg 768w, https:\/\/blogsaverroes.juntadeandalucia.es\/iescastillodetempul\/files\/2020\/11\/IMG-20201126-WA0019-1536x1152.jpg 1536w, https:\/\/blogsaverroes.juntadeandalucia.es\/iescastillodetempul\/files\/2020\/11\/IMG-20201126-WA0019-700x525.jpg 700w, https:\/\/blogsaverroes.juntadeandalucia.es\/iescastillodetempul\/files\/2020\/11\/IMG-20201126-WA0019-24x18.jpg 24w, https:\/\/blogsaverroes.juntadeandalucia.es\/iescastillodetempul\/files\/2020\/11\/IMG-20201126-WA0019-36x27.jpg 36w, https:\/\/blogsaverroes.juntadeandalucia.es\/iescastillodetempul\/files\/2020\/11\/IMG-20201126-WA0019-48x36.jpg 48w, https:\/\/blogsaverroes.juntadeandalucia.es\/iescastillodetempul\/files\/2020\/11\/IMG-20201126-WA0019.jpg 1600w\" sizes=\"(max-width: 1024px) 100vw, 1024px\" \/><\/a>l<\/p>\n","protected":false},"excerpt":{"rendered":"<p>CURSO 20\/21 El Jueves 19 de Noviembre de 2020, La Fundaci\u00f3n Tri\u00e1ngulo imparti\u00f3 un taller sobre salud&nbsp; y sensibilizaci\u00f3n en orientaci\u00f3n sexual e identidad de g\u00e9nero en 1\u00b0 ESO y 2\u00b0 ESO. l<\/p>\n","protected":false},"author":4130,"featured_media":0,"parent":0,"menu_order":0,"comment_status":"closed","ping_status":"closed","template":"","meta":{"ngg_post_thumbnail":0,"footnotes":"","_mc_calendar":[]},"aioseo_notices":[],"_links":{"self":[{"href":"https:\/\/blogsaverroes.juntadeandalucia.es\/iescastillodetempul\/wp-json\/wp\/v2\/pages\/5690"}],"collection":[{"href":"https:\/\/blogsaverroes.juntadeandalucia.es\/iescastillodetempul\/wp-json\/wp\/v2\/pages"}],"about":[{"href":"https:\/\/blogsaverroes.juntadeandalucia.es\/iescastillodetempul\/wp-json\/wp\/v2\/types\/page"}],"author":[{"embeddable":true,"href":"https:\/\/blogsaverroes.juntadeandalucia.es\/iescastillodetempul\/wp-json\/wp\/v2\/users\/4130"}],"replies":[{"embeddable":true,"href":"https:\/\/blogsaverroes.juntadeandalucia.es\/iescastillodetempul\/wp-json\/wp\/v2\/comments?post=5690"}],"version-history":[{"count":3,"href":"https:\/\/blogsaverroes.juntadeandalucia.es\/iescastillodetempul\/wp-json\/wp\/v2\/pages\/5690\/revisions"}],"predecessor-version":[{"id":5694,"href":"https:\/\/blogsaverroes.juntadeandalucia.es\/iescastillodetempul\/wp-json\/wp\/v2\/pages\/5690\/revisions\/5694"}],"wp:attachment":[{"href":"https:\/\/blogsaverroes.juntadeandalucia.es\/iescastillodetempul\/wp-json\/wp\/v2\/media?parent=5690"}],"curies":[{"name":"wp","href":"https:\/\/api.w.org\/{rel}","templated":true}]}}