{"id":5818,"date":"2021-12-18T18:06:16","date_gmt":"2021-12-18T18:06:16","guid":{"rendered":"https:\/\/blogsaverroes.juntadeandalucia.es\/iescastillodetempul\/?page_id=5818"},"modified":"2021-12-19T16:24:46","modified_gmt":"2021-12-19T16:24:46","slug":"dia-de-la-diversidad-funcional-2021","status":"publish","type":"page","link":"https:\/\/blogsaverroes.juntadeandalucia.es\/iescastillodetempul\/dia-de-la-diversidad-funcional-2021\/","title":{"rendered":"D\u00eda de la diversidad funcional 2021"},"content":{"rendered":"<p><a href=\"https:\/\/blogsaverroes.juntadeandalucia.es\/iescastillodetempul\/files\/2017\/07\/2015-onu-1__01.jpg\"><br \/>\n<img loading=\"lazy\" decoding=\"async\" class=\"size-full wp-image-5821 alignleft\" src=\"https:\/\/blogsaverroes.juntadeandalucia.es\/iescastillodetempul\/files\/2017\/07\/2015-onu-1__01.jpg\" alt=\"\" width=\"36\" height=\"36\" srcset=\"https:\/\/blogsaverroes.juntadeandalucia.es\/iescastillodetempul\/files\/2017\/07\/2015-onu-1__01.jpg 364w, https:\/\/blogsaverroes.juntadeandalucia.es\/iescastillodetempul\/files\/2017\/07\/2015-onu-1__01-300x300.jpg 300w, https:\/\/blogsaverroes.juntadeandalucia.es\/iescastillodetempul\/files\/2017\/07\/2015-onu-1__01-268x268.jpg 268w\" sizes=\"(max-width: 36px) 100vw, 36px\" \/><\/a><\/p>\n<p>El 3 de diciembre se conmemora el D\u00eda Internacional de las Personas con Diversidad Funcional y el IES Castillo de Tempul se suma con una programaci\u00f3n de actividades organizada por el Departamento de Orientaci\u00f3n con el apoyo del resto de Profesores y alumnos del instituto.<br \/>\n<a href=\"https:\/\/blogsaverroes.juntadeandalucia.es\/iescastillodetempul\/files\/2017\/07\/photostudio_1639850447549.png\"><img loading=\"lazy\" decoding=\"async\" class=\"size-medium wp-image-5820 alignright\" src=\"https:\/\/blogsaverroes.juntadeandalucia.es\/iescastillodetempul\/files\/2017\/07\/photostudio_1639850447549-762x1024.png\" alt=\"\" width=\"762\" height=\"1024\" srcset=\"https:\/\/blogsaverroes.juntadeandalucia.es\/iescastillodetempul\/files\/2017\/07\/photostudio_1639850447549-762x1024.png 762w, https:\/\/blogsaverroes.juntadeandalucia.es\/iescastillodetempul\/files\/2017\/07\/photostudio_1639850447549-768x1032.png 768w, https:\/\/blogsaverroes.juntadeandalucia.es\/iescastillodetempul\/files\/2017\/07\/photostudio_1639850447549-1143x1536.png 1143w, https:\/\/blogsaverroes.juntadeandalucia.es\/iescastillodetempul\/files\/2017\/07\/photostudio_1639850447549-700x941.png 700w, https:\/\/blogsaverroes.juntadeandalucia.es\/iescastillodetempul\/files\/2017\/07\/photostudio_1639850447549.png 1190w\" sizes=\"(max-width: 762px) 100vw, 762px\" \/><\/a><br \/>\nEl D\u00eda Internacional de las Personas con Diversidad Funcional se conmemora este a\u00f1o con el lema Tu conocimiento es nuestra normalidad. Con estas palabras, las personas con discapacidad reivindican la necesidad de que toda la sociedad conozca su realidad para garantizar una buena atenci\u00f3n y tambi\u00e9n para entender que, si tienen los apoyos necesarios, pueden realizar su vida de forma aut\u00f3noma.<\/p>\nngg_shortcode_0_placeholder\n","protected":false},"excerpt":{"rendered":"<p>El 3 de diciembre se conmemora el D\u00eda Internacional de las Personas con Diversidad Funcional y el IES Castillo de Tempul se suma con una programaci\u00f3n de actividades organizada por el Departamento de Orientaci\u00f3n&#46;&#46;&#46;<\/p>\n","protected":false},"author":4130,"featured_media":0,"parent":0,"menu_order":0,"comment_status":"closed","ping_status":"closed","template":"","meta":{"ngg_post_thumbnail":0,"footnotes":"","_mc_calendar":[]},"aioseo_notices":[],"_links":{"self":[{"href":"https:\/\/blogsaverroes.juntadeandalucia.es\/iescastillodetempul\/wp-json\/wp\/v2\/pages\/5818"}],"collection":[{"href":"https:\/\/blogsaverroes.juntadeandalucia.es\/iescastillodetempul\/wp-json\/wp\/v2\/pages"}],"about":[{"href":"https:\/\/blogsaverroes.juntadeandalucia.es\/iescastillodetempul\/wp-json\/wp\/v2\/types\/page"}],"author":[{"embeddable":true,"href":"https:\/\/blogsaverroes.juntadeandalucia.es\/iescastillodetempul\/wp-json\/wp\/v2\/users\/4130"}],"replies":[{"embeddable":true,"href":"https:\/\/blogsaverroes.juntadeandalucia.es\/iescastillodetempul\/wp-json\/wp\/v2\/comments?post=5818"}],"version-history":[{"count":5,"href":"https:\/\/blogsaverroes.juntadeandalucia.es\/iescastillodetempul\/wp-json\/wp\/v2\/pages\/5818\/revisions"}],"predecessor-version":[{"id":5863,"href":"https:\/\/blogsaverroes.juntadeandalucia.es\/iescastillodetempul\/wp-json\/wp\/v2\/pages\/5818\/revisions\/5863"}],"wp:attachment":[{"href":"https:\/\/blogsaverroes.juntadeandalucia.es\/iescastillodetempul\/wp-json\/wp\/v2\/media?parent=5818"}],"curies":[{"name":"wp","href":"https:\/\/api.w.org\/{rel}","templated":true}]}}