{"id":6401,"date":"2023-11-20T09:16:43","date_gmt":"2023-11-20T09:16:43","guid":{"rendered":"https:\/\/blogsaverroes.juntadeandalucia.es\/iescastillodetempul\/?page_id=6401"},"modified":"2023-11-27T10:08:50","modified_gmt":"2023-11-27T10:08:50","slug":"taller-performusic","status":"publish","type":"page","link":"https:\/\/blogsaverroes.juntadeandalucia.es\/iescastillodetempul\/taller-performusic\/","title":{"rendered":"Taller Performusic"},"content":{"rendered":"<p><a href=\"https:\/\/blogsaverroes.juntadeandalucia.es\/iescastillodetempul\/files\/2023\/11\/logotipo-cadigenia.png\"><img loading=\"lazy\" decoding=\"async\" class=\"aligncenter size-full wp-image-6405\" src=\"https:\/\/blogsaverroes.juntadeandalucia.es\/iescastillodetempul\/files\/2023\/11\/logotipo-cadigenia.png\" alt=\"\" width=\"250\" height=\"132\"><\/a><br \/>\nEl pasado 14 de Noviembre los alumnos de 4\u00ba de la ESO y del aula abierta del IES Castillo de Tempul realizaron el Taller Performusic, con el objetivo de analizar, crea y transformar a trav\u00e9s de la m\u00fasica. De esta forma, los contenidos de esta iniciativa est\u00e1n dirigidos fundamentalmente a la erradicaci\u00f3n de mitos e ideas err\u00f3neas con respecto a las relaciones entre j\u00f3venes, promocionando la autoconfianza, las relaciones saludables, diversas y la prevenci\u00f3n de la violencia de g\u00e9nero.<\/p>\n<p>El taller consist\u00eda en el an\u00e1lisis de letras de las canciones que habitualmente escuchan nuestros adolescentes, e intentar darles la vuelta a esos estereotipos que encontramos en ellas.<\/p>\n<p>Y es que, una relaci\u00f3n sana es cuando dos personas se quieren, se respetan y se divierten estando juntas. La m\u00fasica puede evocarnos sensaciones muy positivas, pero algunas canciones nos transmiten la idea de un amor dependiente e insano. Saber diferenciar los mensajes positivos de los negativos ayuda a los\/las j\u00f3venes a utilizar la m\u00fasica para fomentar el buen rollo.<\/p>\n<p>A partir de una pista musical, previamente preparada, se realizar\u00e1 un recorrido hist\u00f3rico por los diferentes estilos musicales de baile (desde el funky o rock and roll hasta el trap actual), los chicos y chicas ir\u00e1n cambiando de canci\u00f3n, aprendiendo a realizar mezclas, ajustar las velocidades y a manipular botones como el crossfader , o los controles b\u00e1sicos desde el port\u00e1til.<\/p>\n<p>Por \u00faltimo, una vez preparado el terreno en cuanto a contenidos, reflexi\u00f3n y t\u00e9cnicas, se crear\u00e1 una canci\u00f3n de reggaeton alternativo. Se introduce la actividad con la importancia de poseer una actitud cr\u00edtica ante lo que o\u00edmos en este estilo musical, destacando el machismo en sus letras, la violencia o el consumo de drogas. Los\/as chicos\/as cantar\u00e1n y grabar\u00e1n sus voces, utilizando frases igualitarias, mensajes feministas, no violentos y divertidos.<br \/>\n<iframe loading=\"lazy\" width=\"560\" height=\"315\" src=\"https:\/\/www.youtube.com\/embed\/s1jaHsAn-4A?si=aLCZxjvmA0EHGAHL\" frameborder=\"0\"><\/iframe><br \/>\n<a href=\"https:\/\/blogsaverroes.juntadeandalucia.es\/iescastillodetempul\/files\/2023\/11\/PERFORMUSIC-1.jpg\"><img loading=\"lazy\" decoding=\"async\" class=\"aligncenter size-medium wp-image-6410\" src=\"https:\/\/blogsaverroes.juntadeandalucia.es\/iescastillodetempul\/files\/2023\/11\/PERFORMUSIC-1-1024x768.jpg\" alt=\"\" width=\"1024\" height=\"768\" srcset=\"https:\/\/blogsaverroes.juntadeandalucia.es\/iescastillodetempul\/files\/2023\/11\/PERFORMUSIC-1-1024x768.jpg 1024w, https:\/\/blogsaverroes.juntadeandalucia.es\/iescastillodetempul\/files\/2023\/11\/PERFORMUSIC-1-768x576.jpg 768w, https:\/\/blogsaverroes.juntadeandalucia.es\/iescastillodetempul\/files\/2023\/11\/PERFORMUSIC-1-1536x1152.jpg 1536w, https:\/\/blogsaverroes.juntadeandalucia.es\/iescastillodetempul\/files\/2023\/11\/PERFORMUSIC-1-700x525.jpg 700w, https:\/\/blogsaverroes.juntadeandalucia.es\/iescastillodetempul\/files\/2023\/11\/PERFORMUSIC-1.jpg 1600w\" sizes=\"(max-width: 1024px) 100vw, 1024px\" \/><\/a><\/p>\n<p><a href=\"https:\/\/blogsaverroes.juntadeandalucia.es\/iescastillodetempul\/files\/2023\/11\/PERFORMUSIC-2.jpg\"><img loading=\"lazy\" decoding=\"async\" class=\"aligncenter size-medium wp-image-6411\" src=\"https:\/\/blogsaverroes.juntadeandalucia.es\/iescastillodetempul\/files\/2023\/11\/PERFORMUSIC-2-768x1024.jpg\" alt=\"\" width=\"768\" height=\"1024\" srcset=\"https:\/\/blogsaverroes.juntadeandalucia.es\/iescastillodetempul\/files\/2023\/11\/PERFORMUSIC-2-768x1024.jpg 768w, https:\/\/blogsaverroes.juntadeandalucia.es\/iescastillodetempul\/files\/2023\/11\/PERFORMUSIC-2-1152x1536.jpg 1152w, https:\/\/blogsaverroes.juntadeandalucia.es\/iescastillodetempul\/files\/2023\/11\/PERFORMUSIC-2-700x933.jpg 700w, https:\/\/blogsaverroes.juntadeandalucia.es\/iescastillodetempul\/files\/2023\/11\/PERFORMUSIC-2.jpg 1200w\" sizes=\"(max-width: 768px) 100vw, 768px\" \/><\/a><\/p>\n","protected":false},"excerpt":{"rendered":"<p>El pasado 14 de Noviembre los alumnos de 4\u00ba de la ESO y del aula abierta del IES Castillo de Tempul realizaron el Taller Performusic, con el objetivo de analizar, crea y transformar a&#46;&#46;&#46;<\/p>\n","protected":false},"author":4130,"featured_media":0,"parent":0,"menu_order":0,"comment_status":"closed","ping_status":"closed","template":"","meta":{"ngg_post_thumbnail":0,"footnotes":"","_mc_calendar":[]},"aioseo_notices":[],"_links":{"self":[{"href":"https:\/\/blogsaverroes.juntadeandalucia.es\/iescastillodetempul\/wp-json\/wp\/v2\/pages\/6401"}],"collection":[{"href":"https:\/\/blogsaverroes.juntadeandalucia.es\/iescastillodetempul\/wp-json\/wp\/v2\/pages"}],"about":[{"href":"https:\/\/blogsaverroes.juntadeandalucia.es\/iescastillodetempul\/wp-json\/wp\/v2\/types\/page"}],"author":[{"embeddable":true,"href":"https:\/\/blogsaverroes.juntadeandalucia.es\/iescastillodetempul\/wp-json\/wp\/v2\/users\/4130"}],"replies":[{"embeddable":true,"href":"https:\/\/blogsaverroes.juntadeandalucia.es\/iescastillodetempul\/wp-json\/wp\/v2\/comments?post=6401"}],"version-history":[{"count":8,"href":"https:\/\/blogsaverroes.juntadeandalucia.es\/iescastillodetempul\/wp-json\/wp\/v2\/pages\/6401\/revisions"}],"predecessor-version":[{"id":6429,"href":"https:\/\/blogsaverroes.juntadeandalucia.es\/iescastillodetempul\/wp-json\/wp\/v2\/pages\/6401\/revisions\/6429"}],"wp:attachment":[{"href":"https:\/\/blogsaverroes.juntadeandalucia.es\/iescastillodetempul\/wp-json\/wp\/v2\/media?parent=6401"}],"curies":[{"name":"wp","href":"https:\/\/api.w.org\/{rel}","templated":true}]}}