{"id":6433,"date":"2023-11-27T10:21:38","date_gmt":"2023-11-27T10:21:38","guid":{"rendered":"https:\/\/blogsaverroes.juntadeandalucia.es\/iescastillodetempul\/?page_id=6433"},"modified":"2023-11-27T10:43:30","modified_gmt":"2023-11-27T10:43:30","slug":"concurso-de-pegatinas","status":"publish","type":"page","link":"https:\/\/blogsaverroes.juntadeandalucia.es\/iescastillodetempul\/concurso-de-pegatinas\/","title":{"rendered":"Concurso de pegatinas"},"content":{"rendered":"<p><a href=\"https:\/\/blogsaverroes.juntadeandalucia.es\/iescastillodetempul\/files\/2023\/11\/BASES-DEL-CONCURSO.pdf\">BASES DEL CONCURSO<\/a><br \/>\n<a href=\"https:\/\/blogsaverroes.juntadeandalucia.es\/iescastillodetempul\/files\/2023\/11\/8.jpg\"><img loading=\"lazy\" decoding=\"async\" class=\"wp-image-6413 alignnone\" src=\"https:\/\/blogsaverroes.juntadeandalucia.es\/iescastillodetempul\/files\/2023\/11\/8-1024x620.jpg\" alt=\"\" width=\"427\" height=\"261\"><\/a><br \/>\nEl pasado viernes 24 de noviembre se entregaron los premios del concurso de pegatinas<br \/>\norganizado en nuestro Centro.<\/p>\n<p>Dos fueron las ganadoras: Roc\u00edo Jim\u00e9nez Ja\u00e9n de 1o de la ESO A en la categor\u00eda de 1o y 2o de la ESO, y Ana Cabezas de 4o de la ESO A.<br \/>\nNuestra m\u00e1s sincera enhorabuena a las ganadoras por su creatividad y buen hacer.<\/p>\n<p>De la misma manera damos las gracias a todo el alumnado del Centro por su participaci\u00f3n en el concurso. Este curso ha sido muy buena la participaci\u00f3n. Tambi\u00e9n damos las gracias al profesorado por la difusi\u00f3n del concurso.<\/p>\n<p><a href=\"https:\/\/blogsaverroes.juntadeandalucia.es\/iescastillodetempul\/files\/2023\/11\/6.jpg\"><img loading=\"lazy\" decoding=\"async\" class=\"aligncenter size-medium wp-image-6419\" src=\"https:\/\/blogsaverroes.juntadeandalucia.es\/iescastillodetempul\/files\/2023\/11\/6-1024x725.jpg\" alt=\"\" width=\"1024\" height=\"725\" srcset=\"https:\/\/blogsaverroes.juntadeandalucia.es\/iescastillodetempul\/files\/2023\/11\/6-1024x725.jpg 1024w, https:\/\/blogsaverroes.juntadeandalucia.es\/iescastillodetempul\/files\/2023\/11\/6-768x543.jpg 768w, https:\/\/blogsaverroes.juntadeandalucia.es\/iescastillodetempul\/files\/2023\/11\/6-1536x1087.jpg 1536w, https:\/\/blogsaverroes.juntadeandalucia.es\/iescastillodetempul\/files\/2023\/11\/6-700x495.jpg 700w, https:\/\/blogsaverroes.juntadeandalucia.es\/iescastillodetempul\/files\/2023\/11\/6.jpg 1600w\" sizes=\"(max-width: 1024px) 100vw, 1024px\" \/><\/a> <a href=\"https:\/\/blogsaverroes.juntadeandalucia.es\/iescastillodetempul\/files\/2023\/11\/7.jpg\"><img loading=\"lazy\" decoding=\"async\" class=\"aligncenter size-medium wp-image-6418\" src=\"https:\/\/blogsaverroes.juntadeandalucia.es\/iescastillodetempul\/files\/2023\/11\/7-689x1024.jpg\" alt=\"\" width=\"689\" height=\"1024\" srcset=\"https:\/\/blogsaverroes.juntadeandalucia.es\/iescastillodetempul\/files\/2023\/11\/7-689x1024.jpg 689w, https:\/\/blogsaverroes.juntadeandalucia.es\/iescastillodetempul\/files\/2023\/11\/7-768x1141.jpg 768w, https:\/\/blogsaverroes.juntadeandalucia.es\/iescastillodetempul\/files\/2023\/11\/7-1034x1536.jpg 1034w, https:\/\/blogsaverroes.juntadeandalucia.es\/iescastillodetempul\/files\/2023\/11\/7-700x1040.jpg 700w, https:\/\/blogsaverroes.juntadeandalucia.es\/iescastillodetempul\/files\/2023\/11\/7.jpg 1077w\" sizes=\"(max-width: 689px) 100vw, 689px\" \/><\/a> <a href=\"https:\/\/blogsaverroes.juntadeandalucia.es\/iescastillodetempul\/files\/2023\/11\/9.jpg\"><img loading=\"lazy\" decoding=\"async\" class=\"aligncenter size-medium wp-image-6417\" src=\"https:\/\/blogsaverroes.juntadeandalucia.es\/iescastillodetempul\/files\/2023\/11\/9-1024x838.jpg\" alt=\"\" width=\"1024\" height=\"838\" srcset=\"https:\/\/blogsaverroes.juntadeandalucia.es\/iescastillodetempul\/files\/2023\/11\/9-1024x838.jpg 1024w, https:\/\/blogsaverroes.juntadeandalucia.es\/iescastillodetempul\/files\/2023\/11\/9-768x628.jpg 768w, https:\/\/blogsaverroes.juntadeandalucia.es\/iescastillodetempul\/files\/2023\/11\/9-1536x1256.jpg 1536w, https:\/\/blogsaverroes.juntadeandalucia.es\/iescastillodetempul\/files\/2023\/11\/9-700x573.jpg 700w, https:\/\/blogsaverroes.juntadeandalucia.es\/iescastillodetempul\/files\/2023\/11\/9.jpg 1600w\" sizes=\"(max-width: 1024px) 100vw, 1024px\" \/><\/a> <a href=\"https:\/\/blogsaverroes.juntadeandalucia.es\/iescastillodetempul\/files\/2023\/11\/8.jpg\"><img loading=\"lazy\" decoding=\"async\" class=\"aligncenter size-medium wp-image-6413\" src=\"https:\/\/blogsaverroes.juntadeandalucia.es\/iescastillodetempul\/files\/2023\/11\/8-1024x620.jpg\" alt=\"\" width=\"1024\" height=\"620\" srcset=\"https:\/\/blogsaverroes.juntadeandalucia.es\/iescastillodetempul\/files\/2023\/11\/8-1024x620.jpg 1024w, https:\/\/blogsaverroes.juntadeandalucia.es\/iescastillodetempul\/files\/2023\/11\/8-768x465.jpg 768w, https:\/\/blogsaverroes.juntadeandalucia.es\/iescastillodetempul\/files\/2023\/11\/8-1536x930.jpg 1536w, https:\/\/blogsaverroes.juntadeandalucia.es\/iescastillodetempul\/files\/2023\/11\/8-700x424.jpg 700w, https:\/\/blogsaverroes.juntadeandalucia.es\/iescastillodetempul\/files\/2023\/11\/8.jpg 1600w\" sizes=\"(max-width: 1024px) 100vw, 1024px\" \/><\/a><\/p>\n","protected":false},"excerpt":{"rendered":"<p>BASES DEL CONCURSO El pasado viernes 24 de noviembre se entregaron los premios del concurso de pegatinas organizado en nuestro Centro. Dos fueron las ganadoras: Roc\u00edo Jim\u00e9nez Ja\u00e9n de 1o de la ESO A&#46;&#46;&#46;<\/p>\n","protected":false},"author":4130,"featured_media":0,"parent":0,"menu_order":0,"comment_status":"closed","ping_status":"closed","template":"","meta":{"ngg_post_thumbnail":0,"footnotes":"","_mc_calendar":[]},"aioseo_notices":[],"_links":{"self":[{"href":"https:\/\/blogsaverroes.juntadeandalucia.es\/iescastillodetempul\/wp-json\/wp\/v2\/pages\/6433"}],"collection":[{"href":"https:\/\/blogsaverroes.juntadeandalucia.es\/iescastillodetempul\/wp-json\/wp\/v2\/pages"}],"about":[{"href":"https:\/\/blogsaverroes.juntadeandalucia.es\/iescastillodetempul\/wp-json\/wp\/v2\/types\/page"}],"author":[{"embeddable":true,"href":"https:\/\/blogsaverroes.juntadeandalucia.es\/iescastillodetempul\/wp-json\/wp\/v2\/users\/4130"}],"replies":[{"embeddable":true,"href":"https:\/\/blogsaverroes.juntadeandalucia.es\/iescastillodetempul\/wp-json\/wp\/v2\/comments?post=6433"}],"version-history":[{"count":1,"href":"https:\/\/blogsaverroes.juntadeandalucia.es\/iescastillodetempul\/wp-json\/wp\/v2\/pages\/6433\/revisions"}],"predecessor-version":[{"id":6435,"href":"https:\/\/blogsaverroes.juntadeandalucia.es\/iescastillodetempul\/wp-json\/wp\/v2\/pages\/6433\/revisions\/6435"}],"wp:attachment":[{"href":"https:\/\/blogsaverroes.juntadeandalucia.es\/iescastillodetempul\/wp-json\/wp\/v2\/media?parent=6433"}],"curies":[{"name":"wp","href":"https:\/\/api.w.org\/{rel}","templated":true}]}}