{"id":6460,"date":"2024-01-15T10:50:31","date_gmt":"2024-01-15T10:50:31","guid":{"rendered":"https:\/\/blogsaverroes.juntadeandalucia.es\/iescastillodetempul\/?page_id=6460"},"modified":"2024-01-18T10:27:49","modified_gmt":"2024-01-18T10:27:49","slug":"programa-forma-joven","status":"publish","type":"page","link":"https:\/\/blogsaverroes.juntadeandalucia.es\/iescastillodetempul\/programa-forma-joven\/","title":{"rendered":"Programa Forma Joven"},"content":{"rendered":"<p>Coordinadora: Josefi Ponce Nieto<\/p>\n<p>Enfermera escolar: Isabel Mor\u00f3n Rubio<\/p>\n<p>Forma Joven es un programa de salud dirigido a promover conductas saludables entre adolescentes y j\u00f3venes de Andaluc\u00eda y capacitarlos para que elijan las opciones m\u00e1s saludables.<\/p>\n<p>Forma joven acerca las actividades de promoci\u00f3n de la salud a los entornos frecuentados por adolescentes y j\u00f3venes, otorg\u00e1ndoles un papel activo, dot\u00e1ndolos de recursos y capacidades para afrontar riesgos, favoreciendo la elecci\u00f3n de las conductas m\u00e1s saludables en cuanto a estilos de vida: alimentaci\u00f3n y actividad f\u00edsica; sexualidad; relaciones igualitarias; bienestar emocional; prevenci\u00f3n de drogodependencias: tabaco, alcohol y otras adicciones, prevenci\u00f3n de la accidentabilidad&#8230; a trav\u00e9s de profesionales de diferentes sectores, entre los que se encuentran los profesionales de salud. Se trata de aportarles instrumentos y recursos para que puedan afrontar los riesgos para su salud m\u00e1s comunes y frecuentes en estas edades.<\/p>\n<p>La actividad principal se viene desarrollando en los centros educativos de Andaluc\u00eda que imparten educaci\u00f3n secundaria y bachiller donde se concentra el mayor n\u00famero de j\u00f3venes y adolescentes.<\/p>\n<p>H\u00e1bitos de vida saludable<\/p>\n<p>Taller sobre tabaquismo y vapers<\/p>\n<p>Taller de sexualidad y enfermedades de transmisi\u00f3n sexual.<\/p>\n<p><a href=\"https:\/\/blogsaverroes.juntadeandalucia.es\/iescastillodetempul\/proyecto-bebidas-energeticas\/\">Proyecto \u00abBebidas Energ\u00e9ticas\u00bb<\/a><\/p>\n","protected":false},"excerpt":{"rendered":"<p>Coordinadora: Josefi Ponce Nieto Enfermera escolar: Isabel Mor\u00f3n Rubio Forma Joven es un programa de salud dirigido a promover conductas saludables entre adolescentes y j\u00f3venes de Andaluc\u00eda y capacitarlos para que elijan las opciones&#46;&#46;&#46;<\/p>\n","protected":false},"author":4130,"featured_media":0,"parent":0,"menu_order":0,"comment_status":"closed","ping_status":"closed","template":"","meta":{"ngg_post_thumbnail":0,"footnotes":"","_mc_calendar":[]},"aioseo_notices":[],"_links":{"self":[{"href":"https:\/\/blogsaverroes.juntadeandalucia.es\/iescastillodetempul\/wp-json\/wp\/v2\/pages\/6460"}],"collection":[{"href":"https:\/\/blogsaverroes.juntadeandalucia.es\/iescastillodetempul\/wp-json\/wp\/v2\/pages"}],"about":[{"href":"https:\/\/blogsaverroes.juntadeandalucia.es\/iescastillodetempul\/wp-json\/wp\/v2\/types\/page"}],"author":[{"embeddable":true,"href":"https:\/\/blogsaverroes.juntadeandalucia.es\/iescastillodetempul\/wp-json\/wp\/v2\/users\/4130"}],"replies":[{"embeddable":true,"href":"https:\/\/blogsaverroes.juntadeandalucia.es\/iescastillodetempul\/wp-json\/wp\/v2\/comments?post=6460"}],"version-history":[{"count":5,"href":"https:\/\/blogsaverroes.juntadeandalucia.es\/iescastillodetempul\/wp-json\/wp\/v2\/pages\/6460\/revisions"}],"predecessor-version":[{"id":6493,"href":"https:\/\/blogsaverroes.juntadeandalucia.es\/iescastillodetempul\/wp-json\/wp\/v2\/pages\/6460\/revisions\/6493"}],"wp:attachment":[{"href":"https:\/\/blogsaverroes.juntadeandalucia.es\/iescastillodetempul\/wp-json\/wp\/v2\/media?parent=6460"}],"curies":[{"name":"wp","href":"https:\/\/api.w.org\/{rel}","templated":true}]}}