{"id":6467,"date":"2024-01-15T11:17:46","date_gmt":"2024-01-15T11:17:46","guid":{"rendered":"https:\/\/blogsaverroes.juntadeandalucia.es\/iescastillodetempul\/?page_id=6467"},"modified":"2024-01-15T11:40:35","modified_gmt":"2024-01-15T11:40:35","slug":"del-espacio-al-aula","status":"publish","type":"page","link":"https:\/\/blogsaverroes.juntadeandalucia.es\/iescastillodetempul\/del-espacio-al-aula\/","title":{"rendered":"Del espacio al aula"},"content":{"rendered":"<div class=\"wp-block-column is-layout-flow wp-block-column-is-layout-flow\">\n<h4 id=\"Del_espacio_al_aula\" class=\"wp-block-heading has-c-esero-blanco-color has-text-color\"><a href=\"https:\/\/blogsaverroes.juntadeandalucia.es\/iescastillodetempul\/files\/2024\/01\/esero-spain-logo.png\"><img loading=\"lazy\" decoding=\"async\" class=\"aligncenter size-medium wp-image-6470\" src=\"https:\/\/blogsaverroes.juntadeandalucia.es\/iescastillodetempul\/files\/2024\/01\/esero-spain-logo-1024x175.png\" alt=\"\" width=\"1024\" height=\"175\" srcset=\"https:\/\/blogsaverroes.juntadeandalucia.es\/iescastillodetempul\/files\/2024\/01\/esero-spain-logo-1024x175.png 1024w, https:\/\/blogsaverroes.juntadeandalucia.es\/iescastillodetempul\/files\/2024\/01\/esero-spain-logo-768x132.png 768w, https:\/\/blogsaverroes.juntadeandalucia.es\/iescastillodetempul\/files\/2024\/01\/esero-spain-logo-700x120.png 700w, https:\/\/blogsaverroes.juntadeandalucia.es\/iescastillodetempul\/files\/2024\/01\/esero-spain-logo.png 1133w\" sizes=\"(max-width: 1024px) 100vw, 1024px\" \/><\/a>La Oficina Europea de Recursos para la Educaci\u00f3n Espacial en Espa\u00f1a (ESERO Spain)<\/h4>\n<p>Coordinador: Manuel Castillo Garc\u00eda<\/p>\n<p class=\"has-c-esero-blanco-color has-text-color\">Con el lema \u00abdel espacio al aula\u00bb y aprovechando la fascinaci\u00f3n que el alumnado siente por el espacio, tiene como objetivo principal proporcionar recursos a docentes de primaria y secundaria para mejorar su alfabetizaci\u00f3n y competencias en materias CTIM (Ciencias, Tecnolog\u00eda, Ingenier\u00eda y Matem\u00e1ticas).<\/p>\n<blockquote class=\"wp-embedded-content\" data-secret=\"QHo9ImxhmJ\"><p><a href=\"https:\/\/esero.es\/\">Del Espacio al Aula<\/a><\/p><\/blockquote>\n<p><iframe class=\"wp-embedded-content\" sandbox=\"allow-scripts\" security=\"restricted\" style=\"position: absolute; clip: rect(1px, 1px, 1px, 1px);\" title=\"\u00abDel Espacio al Aula\u00bb \u2014 Esero.es\" src=\"https:\/\/esero.es\/embed\/#?secret=YJDcx4p1bj#?secret=QHo9ImxhmJ\" data-secret=\"QHo9ImxhmJ\" width=\"500\" height=\"282\" frameborder=\"0\" marginwidth=\"0\" marginheight=\"0\" scrolling=\"no\"><\/iframe><\/p>\n<p>&nbsp;<\/p>\n<\/div>\n","protected":false},"excerpt":{"rendered":"<p>La Oficina Europea de Recursos para la Educaci\u00f3n Espacial en Espa\u00f1a (ESERO Spain) Coordinador: Manuel Castillo Garc\u00eda Con el lema \u00abdel espacio al aula\u00bb y aprovechando la fascinaci\u00f3n que el alumnado siente por el&#46;&#46;&#46;<\/p>\n","protected":false},"author":4130,"featured_media":0,"parent":0,"menu_order":0,"comment_status":"closed","ping_status":"closed","template":"","meta":{"ngg_post_thumbnail":0,"footnotes":"","_mc_calendar":[]},"aioseo_notices":[],"_links":{"self":[{"href":"https:\/\/blogsaverroes.juntadeandalucia.es\/iescastillodetempul\/wp-json\/wp\/v2\/pages\/6467"}],"collection":[{"href":"https:\/\/blogsaverroes.juntadeandalucia.es\/iescastillodetempul\/wp-json\/wp\/v2\/pages"}],"about":[{"href":"https:\/\/blogsaverroes.juntadeandalucia.es\/iescastillodetempul\/wp-json\/wp\/v2\/types\/page"}],"author":[{"embeddable":true,"href":"https:\/\/blogsaverroes.juntadeandalucia.es\/iescastillodetempul\/wp-json\/wp\/v2\/users\/4130"}],"replies":[{"embeddable":true,"href":"https:\/\/blogsaverroes.juntadeandalucia.es\/iescastillodetempul\/wp-json\/wp\/v2\/comments?post=6467"}],"version-history":[{"count":5,"href":"https:\/\/blogsaverroes.juntadeandalucia.es\/iescastillodetempul\/wp-json\/wp\/v2\/pages\/6467\/revisions"}],"predecessor-version":[{"id":6473,"href":"https:\/\/blogsaverroes.juntadeandalucia.es\/iescastillodetempul\/wp-json\/wp\/v2\/pages\/6467\/revisions\/6473"}],"wp:attachment":[{"href":"https:\/\/blogsaverroes.juntadeandalucia.es\/iescastillodetempul\/wp-json\/wp\/v2\/media?parent=6467"}],"curies":[{"name":"wp","href":"https:\/\/api.w.org\/{rel}","templated":true}]}}