{"id":6495,"date":"2024-02-02T08:50:30","date_gmt":"2024-02-02T08:50:30","guid":{"rendered":"https:\/\/blogsaverroes.juntadeandalucia.es\/iescastillodetempul\/?page_id=6495"},"modified":"2024-06-27T08:45:46","modified_gmt":"2024-06-27T08:45:46","slug":"carrera-solidaria-23-24","status":"publish","type":"page","link":"https:\/\/blogsaverroes.juntadeandalucia.es\/iescastillodetempul\/carrera-solidaria-23-24\/","title":{"rendered":"Carrera solidaria 23\/24"},"content":{"rendered":"<h1>IES CASTILLO DE TEMPUL Y CP ERNESTO OLIVARES. San Jos\u00e9 del Valle.<\/h1>\n<p>El 30 de Enero de 2024 se celebro la carrera solidaria en la que participaron los alumnos del IES Castillo de Tempul y los alumnos de 6\u00ba de CEIP Ernesto olivares.<\/p>\n<p><a href=\"https:\/\/blogsaverroes.juntadeandalucia.es\/iescastillodetempul\/files\/2024\/02\/IMG_8062-scaled.jpeg\"><img loading=\"lazy\" decoding=\"async\" class=\"aligncenter size-medium wp-image-6502\" src=\"https:\/\/blogsaverroes.juntadeandalucia.es\/iescastillodetempul\/files\/2024\/02\/IMG_8062-1024x500.jpeg\" alt=\"\" width=\"1024\" height=\"500\" srcset=\"https:\/\/blogsaverroes.juntadeandalucia.es\/iescastillodetempul\/files\/2024\/02\/IMG_8062-1024x500.jpeg 1024w, https:\/\/blogsaverroes.juntadeandalucia.es\/iescastillodetempul\/files\/2024\/02\/IMG_8062-768x375.jpeg 768w, https:\/\/blogsaverroes.juntadeandalucia.es\/iescastillodetempul\/files\/2024\/02\/IMG_8062-1536x750.jpeg 1536w, https:\/\/blogsaverroes.juntadeandalucia.es\/iescastillodetempul\/files\/2024\/02\/IMG_8062-2048x1001.jpeg 2048w, https:\/\/blogsaverroes.juntadeandalucia.es\/iescastillodetempul\/files\/2024\/02\/IMG_8062-700x342.jpeg 700w, https:\/\/blogsaverroes.juntadeandalucia.es\/iescastillodetempul\/files\/2024\/02\/IMG_8062-scaled.jpeg 1600w\" sizes=\"(max-width: 1024px) 100vw, 1024px\" \/><\/a><\/p>\n<p><a href=\"https:\/\/blogsaverroes.juntadeandalucia.es\/iescastillodetempul\/files\/2024\/02\/IMG_8063.jpeg\"><img loading=\"lazy\" decoding=\"async\" class=\"aligncenter size-medium wp-image-6503\" src=\"https:\/\/blogsaverroes.juntadeandalucia.es\/iescastillodetempul\/files\/2024\/02\/IMG_8063-1024x622.jpeg\" alt=\"\" width=\"1024\" height=\"622\" srcset=\"https:\/\/blogsaverroes.juntadeandalucia.es\/iescastillodetempul\/files\/2024\/02\/IMG_8063-1024x622.jpeg 1024w, https:\/\/blogsaverroes.juntadeandalucia.es\/iescastillodetempul\/files\/2024\/02\/IMG_8063-768x466.jpeg 768w, https:\/\/blogsaverroes.juntadeandalucia.es\/iescastillodetempul\/files\/2024\/02\/IMG_8063-1536x932.jpeg 1536w, https:\/\/blogsaverroes.juntadeandalucia.es\/iescastillodetempul\/files\/2024\/02\/IMG_8063-268x164.jpeg 268w, https:\/\/blogsaverroes.juntadeandalucia.es\/iescastillodetempul\/files\/2024\/02\/IMG_8063-700x425.jpeg 700w, https:\/\/blogsaverroes.juntadeandalucia.es\/iescastillodetempul\/files\/2024\/02\/IMG_8063.jpeg 1560w\" sizes=\"(max-width: 1024px) 100vw, 1024px\" \/><\/a><a href=\"https:\/\/blogsaverroes.juntadeandalucia.es\/iescastillodetempul\/files\/2024\/06\/41a4f78f-8787-4a67-82e2-0bd02eae2b05.jpeg\"><img loading=\"lazy\" decoding=\"async\" class=\"aligncenter size-medium wp-image-6855\" src=\"https:\/\/blogsaverroes.juntadeandalucia.es\/iescastillodetempul\/files\/2024\/06\/41a4f78f-8787-4a67-82e2-0bd02eae2b05-1024x576.jpeg\" alt=\"\" width=\"1024\" height=\"576\" srcset=\"https:\/\/blogsaverroes.juntadeandalucia.es\/iescastillodetempul\/files\/2024\/06\/41a4f78f-8787-4a67-82e2-0bd02eae2b05-1024x576.jpeg 1024w, https:\/\/blogsaverroes.juntadeandalucia.es\/iescastillodetempul\/files\/2024\/06\/41a4f78f-8787-4a67-82e2-0bd02eae2b05-768x432.jpeg 768w, https:\/\/blogsaverroes.juntadeandalucia.es\/iescastillodetempul\/files\/2024\/06\/41a4f78f-8787-4a67-82e2-0bd02eae2b05-700x393.jpeg 700w, https:\/\/blogsaverroes.juntadeandalucia.es\/iescastillodetempul\/files\/2024\/06\/41a4f78f-8787-4a67-82e2-0bd02eae2b05.jpeg 1280w\" sizes=\"(max-width: 1024px) 100vw, 1024px\" \/><\/a> <a href=\"https:\/\/blogsaverroes.juntadeandalucia.es\/iescastillodetempul\/files\/2024\/06\/50245ad4-b697-405a-9267-0643d708f3e1.jpeg\"><img loading=\"lazy\" decoding=\"async\" class=\"aligncenter size-medium wp-image-6853\" src=\"https:\/\/blogsaverroes.juntadeandalucia.es\/iescastillodetempul\/files\/2024\/06\/50245ad4-b697-405a-9267-0643d708f3e1-768x1024.jpeg\" alt=\"\" width=\"768\" height=\"1024\" srcset=\"https:\/\/blogsaverroes.juntadeandalucia.es\/iescastillodetempul\/files\/2024\/06\/50245ad4-b697-405a-9267-0643d708f3e1-768x1024.jpeg 768w, https:\/\/blogsaverroes.juntadeandalucia.es\/iescastillodetempul\/files\/2024\/06\/50245ad4-b697-405a-9267-0643d708f3e1-1152x1536.jpeg 1152w, https:\/\/blogsaverroes.juntadeandalucia.es\/iescastillodetempul\/files\/2024\/06\/50245ad4-b697-405a-9267-0643d708f3e1-700x933.jpeg 700w, https:\/\/blogsaverroes.juntadeandalucia.es\/iescastillodetempul\/files\/2024\/06\/50245ad4-b697-405a-9267-0643d708f3e1.jpeg 1200w\" sizes=\"(max-width: 768px) 100vw, 768px\" \/><\/a><\/p>\n<p>INDICE:<br \/>\n1. ANTECEDENTES &#8230;&#8230;&#8230;&#8230;&#8230;&#8230;&#8230;&#8230;&#8230;&#8230;&#8230;&#8230;&#8230;&#8230;&#8230;&#8230;&#8230;&#8230;&#8230;&#8230;&#8230;&#8230;&#8230;&#8230;&#8230;&#8230;&#8230;&#8230;&#8230;&#8230;&#8230;&#8230;&#8230;.. 2<br \/>\n2. JUSTIFICACI\u00d3N &#8230;&#8230;&#8230;&#8230;&#8230;&#8230;&#8230;&#8230;&#8230;&#8230;&#8230;&#8230;&#8230;&#8230;&#8230;&#8230;&#8230;&#8230;&#8230;&#8230;&#8230;&#8230;&#8230;&#8230;&#8230;&#8230;&#8230;&#8230;&#8230;&#8230;&#8230;&#8230;&#8230;.. 2<br \/>\n3. FUNDAMENTACI\u00d3N &#8230;&#8230;&#8230;&#8230;&#8230;&#8230;&#8230;&#8230;&#8230;&#8230;&#8230;&#8230;&#8230;&#8230;&#8230;&#8230;&#8230;&#8230;&#8230;&#8230;&#8230;&#8230;&#8230;&#8230;&#8230;&#8230;&#8230;&#8230;&#8230;&#8230;&#8230; 3<br \/>\n4. OBJETIVOS &#8230;&#8230;&#8230;&#8230;&#8230;&#8230;&#8230;&#8230;&#8230;&#8230;&#8230;&#8230;&#8230;&#8230;&#8230;&#8230;&#8230;&#8230;&#8230;&#8230;&#8230;&#8230;&#8230;&#8230;&#8230;&#8230;&#8230;&#8230;&#8230;&#8230;&#8230;&#8230;&#8230;&#8230;&#8230;&#8230; 5<\/p>\n<p>1. ANTECEDENTES<br \/>\nEl IES Castillo de Tempul lleva 2 a\u00f1os organizando, entre otras actividades,<br \/>\nla carrera Solidaria, este curso 2023\/24, contin\u00faa el proyecto<br \/>\niniciado el pasado a\u00f1o y vuelve a organizar la carrera conjunta de los IES Castillo de Tempul y el CEIP Ernesto Olivares, un nuevo reto que pretende, no solo la recaudaci\u00f3n de<br \/>\nfondos, como en a\u00f1os anteriores, sino la difusi\u00f3n de los valores solidarios.<br \/>\n2. JUSTIFICACI\u00d3N<br \/>\nLas caracter\u00edsticas de ambos centros hacen que los objetivos y las estrategias sean trazados<br \/>\ncon mucha sensibilidad.<br \/>\nLa pertenencia a la red de centros \u201cEscuela Espacio de Paz\u201d pretende mejorar<br \/>\nla convivencia escolar y difundir la Cultura de Paz, trabajando en proyectos que<br \/>\nimpliquen a toda la comunidad educativa.<br \/>\nEn este sentido \u201cLa Carrera Solidaria\u201d, es una herramienta l\u00fadico festiva que<br \/>\npromueve el respeto mutuo, la igualdad, el di\u00e1logo, la solidaridad y la resoluci\u00f3n<br \/>\npac\u00edfica de los conflictos en un d\u00eda en el que toda la comunidad educativa<br \/>\n(profesores y alumnos) va a formar parte de un proyecto com\u00fan de<br \/>\nconvivencia, de trabajo en equipo y de aprendizaje fuera del academicismo<br \/>\nde las aulas.<br \/>\nA lo largo del desarrollo de este informe de justificaci\u00f3n se analizar\u00e1n todos los<br \/>\nelementos que forman parte de este proyecto y que a su vez justifican la<br \/>\nrealizaci\u00f3n del mismo.<br \/>\nQue la iniciativa haya salido de los propios alumnos es un dato muy significativo<br \/>\na tener en cuenta, por un lado, porque con ello est\u00e1n demandando actividades<br \/>\nde uni\u00f3n\/diversi\u00f3n en un lugar donde pasan muchas horas al d\u00eda. Por otro,<br \/>\nporque son ellos los que est\u00e1n adquiriendo el compromiso de participar en la<br \/>\norganizaci\u00f3n como parte de su propio proyecto.<br \/>\nEste tipo de actividad no es innovadora pues ya se ha realizado en numerosas<br \/>\nocasiones tanto en IES como en CEIPs, alcanzando en todas las ocasiones un<br \/>\ngran \u00e9xito.<br \/>\n3. FUNDAMENTACI\u00d3N<br \/>\nDesde la red de Escuelas Espacio de Paz se trabaja el d\u00eda a d\u00eda con un solo fin,<br \/>\nformar en valores, presentar alternativas a la violencia, ense\u00f1ar que el conflicto<br \/>\nes inherente al ser humano y que lo importante es saber resolverlo. Saber que en<br \/>\ntoda disputa las partes pierden porque todos tienen que ceder ante la soluci\u00f3n,<br \/>\npero a la vez todos ganan porque una soluci\u00f3n es la mitad del camino y todos<br \/>\nlo han recorrido\u2026 y todos estos valores deben ser el traje que nuestros<br \/>\nalumnos\/as se lleven puesto cuando termine su paso por el Sistema Educativo y<br \/>\nse conviertan en ciudadanos adultos. Una convivencia pac\u00edfica en el I.E.S. se<br \/>\ntrabaja d\u00eda a d\u00eda con el objetivo no s\u00f3lo de mejorar el clima de convivencia del<br \/>\nCentro escolar, que tambi\u00e9n, sino buscando formar para la vida y no hay mejor<br \/>\naprendizaje que aquel que te ense\u00f1a a convivir.<br \/>\nTenemos, por tanto, la Comunidad educativa del IES Castillo de Tempul, un trabajo arduo y serio, especialmente en coeducaci\u00f3n, tolerancia, respeto y valores democr\u00e1ticos<br \/>\nNo perdemos de vista, que, dado el contexto, somos un centro con capacidad<br \/>\npara salvar los desequilibrios sociales. La educaci\u00f3n permite apostar por la<br \/>\nliberaci\u00f3n de las personas y de los grupos y acabar con los desequilibrios y las<br \/>\ninjusticias. La convivencia en el centro es un reto prioritario en el mismo, la cual<br \/>\ndebe estar basada en el respeto de todos por todos y la aceptaci\u00f3n de la<br \/>\ndiversidad y la pluralidad.<br \/>\nTodo lo expuesto anteriormente: las caracter\u00edsticas de la zona, la importancia<br \/>\nde la educaci\u00f3n en valores de nuestro alumnado, la b\u00fasqueda de la<br \/>\nimplicaci\u00f3n de las familias, la tradici\u00f3n de nuestro Centro como participante en<br \/>\nla Red Andaluza de Escuela Espacio de paz y el compromiso y el<br \/>\nconvencimiento por parte del profesorado de que s\u00f3lo desde una convivencia<br \/>\npositiva se hace posible la educaci\u00f3n y formaci\u00f3n de nuestro alumnado, hace<br \/>\nque, a\u00f1o tras a\u00f1o, sigamos trabajando f\u00f3rmulas y proponi\u00e9ndonos retos para<br \/>\nmejorar el clima de trabajo en nuestro instituto.<br \/>\nEn este sentido, considero que una Carrera Solidaria recoge las inquietudes<br \/>\nanteriormente expuestas a la perfecci\u00f3n, pues es una actividad muy<br \/>\nsignificativa dentro del proyecto de \u201cEducar en Valores\u201d y \u201cEscuela Espacio de<br \/>\nPaz\u201d. No s\u00f3lo se centra en los valores a trabajar dentro del IES sino tambi\u00e9n en<br \/>\nla persecuci\u00f3n de un objetivo com\u00fan altruista, recaudar dinero para una<br \/>\n\u201cbuena causa\u201d ayudar a qui\u00e9n m\u00e1s lo necesita.<br \/>\nTodas las actuaciones suman y \u00e9sta nueva vendr\u00eda a complementar las ya<br \/>\nexistentes en el centro dentro del programa, como son alumnos mediadores\u2026.<\/p>\n<p>4. OBJETIVOS<br \/>\nLa Carrera\/Marcha Solidaria tiene un doble objetivo general:<br \/>\nEn primer lugar, desarrollar un esp\u00edritu cr\u00edtico en nuestros j\u00f3venes ante las<br \/>\ninjusticias que se dan en el mundo con respecto a los derechos de los ni\u00f1os y<br \/>\nni\u00f1as y concienciarles de las necesidades de los otros, tanto el m\u00e1s lejano como<br \/>\nel m\u00e1s cercano.<br \/>\nPor otro lado, fruto de ese pensamiento cr\u00edtico\/solidario, recaudar dinero para<br \/>\nayudar a las familias y ni\u00f1os que viven en entornos muy diferentes al nuestro<br \/>\n(Etiop\u00eda y Honduras)<br \/>\nObjetivos concretos:<br \/>\n&#8211; Acercar el proyecto la Carrera\/Marcha Solidaria a todos los niveles<br \/>\neducativos que se imparten en el centro y a toda la comunidad<br \/>\neducativa. invitarles a participar. Cuantos m\u00e1s seamos m\u00e1s<br \/>\nrecaudaremos.<br \/>\n&#8211; Mejorar la convivencia de las aulas a trav\u00e9s de una actividad fuera de<br \/>\nlo com\u00fan donde todos participamos, todos ganamos porque entre todos<br \/>\nrecaudamos.<br \/>\n&#8211; Visibilizar la discapacidad normaliz\u00e1ndola a trav\u00e9s de un itinerario<br \/>\nadaptado, coincidente en parte con el recorrido total de la marcha.<br \/>\n&#8211; Potenciar el trabajo en equipo a trav\u00e9s de los equipos de voluntarios<br \/>\nque se han de crear para el buen funcionamiento de la actividad.<br \/>\n&#8211; Mejorar la formaci\u00f3n en valores tales como la solidaridad, la<br \/>\ncolaboraci\u00f3n, la empat\u00eda, el esp\u00edritu cr\u00edtico y la iniciativa ante problemas<br \/>\npersonales y ajenos, al tiempo que se ejerce una labor recaudatoria con<br \/>\nfines solidarios.<br \/>\n&#8211; Mejorar la percepci\u00f3n que se tiene del centro educativo. Al instituto se<br \/>\nviene a aprender, pero tambi\u00e9n nos podemos divertir.<br \/>\n&#8211; Poner en valor el deporte como hilo conductor de la actividad. El<br \/>\ndeporte es salud, solidaridad, trabajo en equipo, instinto de mejora\u2026<br \/>\ncaracter\u00edsticas inherentes a la Escuela Espacio de Paz.<br \/>\n&#8211; Favorecer el tr\u00e1nsito de los alumnos de 6\u00ba de primaria a trav\u00e9s de una<br \/>\nactividad l\u00fadico\/deportiva.<br \/>\n&#8211; Favorecer la convivencia con otros centros del<br \/>\nmunicipio.<br \/>\n&#8211; Favorecer el encuentro de los alumnos a trav\u00e9s del desayuno solidario<br \/>\nque se realizar\u00e1 tras la entrega de medallas de la carrera.<br \/>\n&#8211; Colaborar con la problem\u00e1tica cercana de la localidad, analizar las<br \/>\ncausas ajenas y propias de las responsabilidades que se tienen en<br \/>\nsituaciones de desigualdad y buscar alternativas sencillas de soluci\u00f3n<br \/>\nante dichos problemas.<\/p>\nngg_shortcode_0_placeholder\n","protected":false},"excerpt":{"rendered":"<p>IES CASTILLO DE TEMPUL Y CP ERNESTO OLIVARES. San Jos\u00e9 del Valle. El 30 de Enero de 2024 se celebro la carrera solidaria en la que participaron los alumnos del IES Castillo de Tempul&#46;&#46;&#46;<\/p>\n","protected":false},"author":4130,"featured_media":0,"parent":0,"menu_order":0,"comment_status":"closed","ping_status":"closed","template":"","meta":{"ngg_post_thumbnail":0,"footnotes":"","_mc_calendar":[]},"aioseo_notices":[],"_links":{"self":[{"href":"https:\/\/blogsaverroes.juntadeandalucia.es\/iescastillodetempul\/wp-json\/wp\/v2\/pages\/6495"}],"collection":[{"href":"https:\/\/blogsaverroes.juntadeandalucia.es\/iescastillodetempul\/wp-json\/wp\/v2\/pages"}],"about":[{"href":"https:\/\/blogsaverroes.juntadeandalucia.es\/iescastillodetempul\/wp-json\/wp\/v2\/types\/page"}],"author":[{"embeddable":true,"href":"https:\/\/blogsaverroes.juntadeandalucia.es\/iescastillodetempul\/wp-json\/wp\/v2\/users\/4130"}],"replies":[{"embeddable":true,"href":"https:\/\/blogsaverroes.juntadeandalucia.es\/iescastillodetempul\/wp-json\/wp\/v2\/comments?post=6495"}],"version-history":[{"count":13,"href":"https:\/\/blogsaverroes.juntadeandalucia.es\/iescastillodetempul\/wp-json\/wp\/v2\/pages\/6495\/revisions"}],"predecessor-version":[{"id":6873,"href":"https:\/\/blogsaverroes.juntadeandalucia.es\/iescastillodetempul\/wp-json\/wp\/v2\/pages\/6495\/revisions\/6873"}],"wp:attachment":[{"href":"https:\/\/blogsaverroes.juntadeandalucia.es\/iescastillodetempul\/wp-json\/wp\/v2\/media?parent=6495"}],"curies":[{"name":"wp","href":"https:\/\/api.w.org\/{rel}","templated":true}]}}