{"id":2488,"date":"2020-04-29T20:33:17","date_gmt":"2020-04-29T20:33:17","guid":{"rendered":"http:\/\/blogsaverroes.juntadeandalucia.es\/iescelti\/?page_id=2488"},"modified":"2026-03-12T14:12:47","modified_gmt":"2026-03-12T14:12:47","slug":"claustro","status":"publish","type":"page","link":"https:\/\/blogsaverroes.juntadeandalucia.es\/iescelti\/claustro\/","title":{"rendered":"Claustro"},"content":{"rendered":"\t\t<div data-elementor-type=\"wp-post\" data-elementor-id=\"2488\" class=\"elementor elementor-2488\">\n\t\t\t\t\t\t<section class=\"elementor-section elementor-top-section elementor-element elementor-element-33f2431 elementor-section-boxed elementor-section-height-default elementor-section-height-default\" data-id=\"33f2431\" data-element_type=\"section\">\n\t\t\t\t\t\t<div class=\"elementor-container elementor-column-gap-default\">\n\t\t\t\t\t<div class=\"elementor-column elementor-col-100 elementor-top-column elementor-element elementor-element-77ba191\" data-id=\"77ba191\" data-element_type=\"column\">\n\t\t\t<div class=\"elementor-widget-wrap elementor-element-populated\">\n\t\t\t\t\t\t<div class=\"elementor-element elementor-element-d3fbb19 elementor-widget elementor-widget-text-editor\" data-id=\"d3fbb19\" data-element_type=\"widget\" data-widget_type=\"text-editor.default\">\n\t\t\t\t<div class=\"elementor-widget-container\">\n\t\t\t\t\t\t\t\t\t<p>Durante el curso 2025\/26 el claustro de profesores est\u00e1 formado por los siguientes profesores:<\/p>\t\t\t\t\t\t\t\t<\/div>\n\t\t\t\t<\/div>\n\t\t\t\t\t<\/div>\n\t\t<\/div>\n\t\t\t\t\t<\/div>\n\t\t<\/section>\n\t\t\t\t<section class=\"elementor-section elementor-top-section elementor-element elementor-element-d5a9aae elementor-section-boxed elementor-section-height-default elementor-section-height-default\" data-id=\"d5a9aae\" data-element_type=\"section\">\n\t\t\t\t\t\t<div class=\"elementor-container elementor-column-gap-default\">\n\t\t\t\t\t<div class=\"elementor-column elementor-col-50 elementor-top-column elementor-element elementor-element-8a522ce\" data-id=\"8a522ce\" data-element_type=\"column\">\n\t\t\t<div class=\"elementor-widget-wrap elementor-element-populated\">\n\t\t\t\t\t\t<div class=\"elementor-element elementor-element-30a23b4 elementor-widget elementor-widget-heading\" data-id=\"30a23b4\" data-element_type=\"widget\" data-widget_type=\"heading.default\">\n\t\t\t\t<div class=\"elementor-widget-container\">\n\t\t\t\t\t<h5 class=\"elementor-heading-title elementor-size-default\">\u00c1rea ling\u00fcistica<\/h5>\t\t\t\t<\/div>\n\t\t\t\t<\/div>\n\t\t\t\t<div class=\"elementor-element elementor-element-dfa48d8 elementor-widget elementor-widget-text-editor\" data-id=\"dfa48d8\" data-element_type=\"widget\" data-widget_type=\"text-editor.default\">\n\t\t\t\t<div class=\"elementor-widget-container\">\n\t\t\t\t\t\t\t\t\t<ul><li>Departamento de Lengua<ul><li>Jos\u00e9 Manuel Manzanares Rinc\u00f3n<\/li><li>Mar\u00eda Ruedas Navarro<\/li><\/ul><\/li><li>\u00a0Departamento de Geograf\u00eda e Historia<ul><li>Marisa Ruiz Ruiz<\/li><li>Jos\u00e9 Manuel Carrasco Zalamea<\/li><\/ul><\/li><li>Departamento de Ingl\u00e9s<ul><li>Irene Bellido Zurita<\/li><li>Mar\u00eda Beatriz Valenzuela Torres<\/li><\/ul><\/li><li>Departamento de Franc\u00e9s<ul><li>David Panadero Moya<\/li><\/ul><\/li><\/ul>\t\t\t\t\t\t\t\t<\/div>\n\t\t\t\t<\/div>\n\t\t\t\t\t<\/div>\n\t\t<\/div>\n\t\t\t\t<div class=\"elementor-column elementor-col-50 elementor-top-column elementor-element elementor-element-2e75f23\" data-id=\"2e75f23\" data-element_type=\"column\">\n\t\t\t<div class=\"elementor-widget-wrap elementor-element-populated\">\n\t\t\t\t\t\t<div class=\"elementor-element elementor-element-ba2acc1 elementor-widget elementor-widget-heading\" data-id=\"ba2acc1\" data-element_type=\"widget\" data-widget_type=\"heading.default\">\n\t\t\t\t<div class=\"elementor-widget-container\">\n\t\t\t\t\t<h5 class=\"elementor-heading-title elementor-size-default\">\u00c1rea cient\u00edfico-matem\u00e1tica<\/h5>\t\t\t\t<\/div>\n\t\t\t\t<\/div>\n\t\t\t\t<div class=\"elementor-element elementor-element-9d76c97 elementor-widget elementor-widget-text-editor\" data-id=\"9d76c97\" data-element_type=\"widget\" data-widget_type=\"text-editor.default\">\n\t\t\t\t<div class=\"elementor-widget-container\">\n\t\t\t\t\t\t\t\t\t<ul>\n<li>Departamento de Matem\u00e1ticas\n<ul>\n<li>\u00c1ngel F. Ruiz Gonz\u00e1lez<\/li>\n<li>Jos\u00e9 A. Larinto Gonz\u00e1lez<\/li>\n<li>Mar\u00eda Setefilla Cepeda Oviedo<\/li>\n<li>Ana Mar\u00eda Gallego Rodriguez<\/li>\n<\/ul>\n<\/li>\n<li>Departamento de Ciencias\n<ul>\n<li>Virginia Mu\u00f1oz Ceballos<\/li><li>Manuel Aparicio Mart\u00edn.<\/li>\n<\/ul>\n<\/li>\n<li>Departamento de Tecnolog\u00eda\n<ul>\n<li>Antonio Hinojosa Toro<\/li>\n<li>Jos\u00e9 Manuel Brenes Garcia<\/li>\n<\/ul>\n<\/li>\n<\/ul>\t\t\t\t\t\t\t\t<\/div>\n\t\t\t\t<\/div>\n\t\t\t\t\t<\/div>\n\t\t<\/div>\n\t\t\t\t\t<\/div>\n\t\t<\/section>\n\t\t\t\t<section class=\"elementor-section elementor-top-section elementor-element elementor-element-6a4edd7 elementor-section-boxed elementor-section-height-default elementor-section-height-default\" data-id=\"6a4edd7\" data-element_type=\"section\">\n\t\t\t\t\t\t<div class=\"elementor-container elementor-column-gap-default\">\n\t\t\t\t\t<div class=\"elementor-column elementor-col-100 elementor-top-column elementor-element elementor-element-0c1d6ef\" data-id=\"0c1d6ef\" data-element_type=\"column\">\n\t\t\t<div class=\"elementor-widget-wrap elementor-element-populated\">\n\t\t\t\t\t\t<section class=\"elementor-section elementor-inner-section elementor-element elementor-element-ca90195 elementor-section-boxed elementor-section-height-default elementor-section-height-default\" data-id=\"ca90195\" data-element_type=\"section\">\n\t\t\t\t\t\t<div class=\"elementor-container elementor-column-gap-default\">\n\t\t\t\t\t<div class=\"elementor-column elementor-col-50 elementor-inner-column elementor-element elementor-element-2267f8b\" data-id=\"2267f8b\" data-element_type=\"column\">\n\t\t\t<div class=\"elementor-widget-wrap elementor-element-populated\">\n\t\t\t\t\t\t<div class=\"elementor-element elementor-element-20e64fd elementor-widget elementor-widget-heading\" data-id=\"20e64fd\" data-element_type=\"widget\" data-widget_type=\"heading.default\">\n\t\t\t\t<div class=\"elementor-widget-container\">\n\t\t\t\t\t<h5 class=\"elementor-heading-title elementor-size-default\">\u00c1rea art\u00edstico-deportiva<\/h5>\t\t\t\t<\/div>\n\t\t\t\t<\/div>\n\t\t\t\t<div class=\"elementor-element elementor-element-7badeb2 elementor-widget elementor-widget-text-editor\" data-id=\"7badeb2\" data-element_type=\"widget\" data-widget_type=\"text-editor.default\">\n\t\t\t\t<div class=\"elementor-widget-container\">\n\t\t\t\t\t\t\t\t\t<ul><li>Departamento de Educaci\u00f3n F\u00edsica<ul><li>Alberto Mont\u00e1vez Montes<\/li><\/ul><\/li><li>Departamento de EPV<ul><li>Sandra Melgar Sevillano<\/li><\/ul><\/li><\/ul>\t\t\t\t\t\t\t\t<\/div>\n\t\t\t\t<\/div>\n\t\t\t\t\t<\/div>\n\t\t<\/div>\n\t\t\t\t<div class=\"elementor-column elementor-col-50 elementor-inner-column elementor-element elementor-element-557dcb8\" data-id=\"557dcb8\" data-element_type=\"column\">\n\t\t\t<div class=\"elementor-widget-wrap elementor-element-populated\">\n\t\t\t\t\t\t<div class=\"elementor-element elementor-element-b27bb8e elementor-widget elementor-widget-heading\" data-id=\"b27bb8e\" data-element_type=\"widget\" data-widget_type=\"heading.default\">\n\t\t\t\t<div class=\"elementor-widget-container\">\n\t\t\t\t\t<h5 class=\"elementor-heading-title elementor-size-default\">Orientaci\u00f3n educativa<\/h5>\t\t\t\t<\/div>\n\t\t\t\t<\/div>\n\t\t\t\t<div class=\"elementor-element elementor-element-d84fb6a elementor-widget elementor-widget-text-editor\" data-id=\"d84fb6a\" data-element_type=\"widget\" data-widget_type=\"text-editor.default\">\n\t\t\t\t<div class=\"elementor-widget-container\">\n\t\t\t\t\t\t\t\t\t<ul><li>\u00a0Departamento de orientaci\u00f3n<ul><li>M\u00aa Jes\u00fas Jim\u00e9nez Flores<\/li><li>Lourdes Cruz \u00c1lvarez<\/li><li>Sara Mart\u00ednez de la Rosa<\/li><\/ul><\/li><\/ul>\t\t\t\t\t\t\t\t<\/div>\n\t\t\t\t<\/div>\n\t\t\t\t\t<\/div>\n\t\t<\/div>\n\t\t\t\t\t<\/div>\n\t\t<\/section>\n\t\t\t\t<section class=\"elementor-section elementor-inner-section elementor-element elementor-element-aae2a16 elementor-section-boxed elementor-section-height-default elementor-section-height-default\" data-id=\"aae2a16\" data-element_type=\"section\">\n\t\t\t\t\t\t<div class=\"elementor-container elementor-column-gap-default\">\n\t\t\t\t\t<div class=\"elementor-column elementor-col-50 elementor-inner-column elementor-element elementor-element-0ace71e\" data-id=\"0ace71e\" data-element_type=\"column\">\n\t\t\t<div class=\"elementor-widget-wrap elementor-element-populated\">\n\t\t\t\t\t\t<div class=\"elementor-element elementor-element-1362508 elementor-widget elementor-widget-heading\" data-id=\"1362508\" data-element_type=\"widget\" data-widget_type=\"heading.default\">\n\t\t\t\t<div class=\"elementor-widget-container\">\n\t\t\t\t\t<h5 class=\"elementor-heading-title elementor-size-default\">Religi\u00f3n<\/h5>\t\t\t\t<\/div>\n\t\t\t\t<\/div>\n\t\t\t\t<div class=\"elementor-element elementor-element-3a27fa4 elementor-widget elementor-widget-text-editor\" data-id=\"3a27fa4\" data-element_type=\"widget\" data-widget_type=\"text-editor.default\">\n\t\t\t\t<div class=\"elementor-widget-container\">\n\t\t\t\t\t\t\t\t\t<ul style=\"padding-left: 15px\"><li>Rafael Hoyos Manchado<\/li><\/ul>\t\t\t\t\t\t\t\t<\/div>\n\t\t\t\t<\/div>\n\t\t\t\t\t<\/div>\n\t\t<\/div>\n\t\t\t\t<div class=\"elementor-column elementor-col-50 elementor-inner-column elementor-element elementor-element-1390a36\" data-id=\"1390a36\" data-element_type=\"column\">\n\t\t\t<div class=\"elementor-widget-wrap\">\n\t\t\t\t\t\t\t<\/div>\n\t\t<\/div>\n\t\t\t\t\t<\/div>\n\t\t<\/section>\n\t\t\t\t\t<\/div>\n\t\t<\/div>\n\t\t\t\t\t<\/div>\n\t\t<\/section>\n\t\t\t\t<\/div>\n\t\t","protected":false},"excerpt":{"rendered":"<p>Durante el curso 2025\/26 el claustro de profesores est\u00e1 formado por los siguientes profesores: \u00c1rea ling\u00fcistica Departamento de Lengua Jos\u00e9 Manuel Manzanares Rinc\u00f3n Mar\u00eda Ruedas Navarro \u00a0Departamento de Geograf\u00eda e Historia Marisa Ruiz Ruiz&#46;&#46;&#46;<\/p>\n","protected":false},"author":3254,"featured_media":0,"parent":0,"menu_order":0,"comment_status":"closed","ping_status":"closed","template":"","meta":{"ngg_post_thumbnail":0,"footnotes":"","_mc_calendar":[]},"aioseo_notices":[],"_links":{"self":[{"href":"https:\/\/blogsaverroes.juntadeandalucia.es\/iescelti\/wp-json\/wp\/v2\/pages\/2488"}],"collection":[{"href":"https:\/\/blogsaverroes.juntadeandalucia.es\/iescelti\/wp-json\/wp\/v2\/pages"}],"about":[{"href":"https:\/\/blogsaverroes.juntadeandalucia.es\/iescelti\/wp-json\/wp\/v2\/types\/page"}],"author":[{"embeddable":true,"href":"https:\/\/blogsaverroes.juntadeandalucia.es\/iescelti\/wp-json\/wp\/v2\/users\/3254"}],"replies":[{"embeddable":true,"href":"https:\/\/blogsaverroes.juntadeandalucia.es\/iescelti\/wp-json\/wp\/v2\/comments?post=2488"}],"version-history":[{"count":50,"href":"https:\/\/blogsaverroes.juntadeandalucia.es\/iescelti\/wp-json\/wp\/v2\/pages\/2488\/revisions"}],"predecessor-version":[{"id":4937,"href":"https:\/\/blogsaverroes.juntadeandalucia.es\/iescelti\/wp-json\/wp\/v2\/pages\/2488\/revisions\/4937"}],"wp:attachment":[{"href":"https:\/\/blogsaverroes.juntadeandalucia.es\/iescelti\/wp-json\/wp\/v2\/media?parent=2488"}],"curies":[{"name":"wp","href":"https:\/\/api.w.org\/{rel}","templated":true}]}}