{"id":2541,"date":"2020-04-29T10:36:59","date_gmt":"2020-04-29T10:36:59","guid":{"rendered":"http:\/\/blogsaverroes.juntadeandalucia.es\/iescelti\/?page_id=2541"},"modified":"2020-05-16T10:42:44","modified_gmt":"2020-05-16T10:42:44","slug":"orientacion-2","status":"publish","type":"page","link":"https:\/\/blogsaverroes.juntadeandalucia.es\/iescelti\/orientacion-2\/","title":{"rendered":"Orientaci\u00f3n"},"content":{"rendered":"<p><a href=\"https:\/\/blogsaverroes.juntadeandalucia.es\/iescelti\/files\/2020\/05\/CUADERNO-PLANIFICACI\u00d3N-ESTUDIO.pdf\">CUADERNO PLANIFICACI\u00d3N ESTUDIO<\/a><\/p>\n<p><a href=\"https:\/\/blogsaverroes.juntadeandalucia.es\/iescelti\/files\/2020\/05\/Gu\u00eda-Eusa-2020.pdf\">Gu\u00eda Eusa 2020<\/a><\/p>\n<p><a href=\"https:\/\/blogsaverroes.juntadeandalucia.es\/iescelti\/files\/2020\/05\/Importancia-3er-Trimestre.pdf\">Importancia 3er Trimestre<\/a><\/p>\n<p><a href=\"https:\/\/blogsaverroes.juntadeandalucia.es\/iescelti\/files\/2020\/05\/Reanudaci\u00f3n-proceso-escolarizaci\u00f3n.pdf\">Reanudaci\u00f3n proceso escolarizaci\u00f3n<\/a><\/p>\n","protected":false},"excerpt":{"rendered":"<p>CUADERNO PLANIFICACI\u00d3N ESTUDIO Gu\u00eda Eusa 2020 Importancia 3er Trimestre Reanudaci\u00f3n proceso escolarizaci\u00f3n<\/p>\n","protected":false},"author":3254,"featured_media":0,"parent":0,"menu_order":0,"comment_status":"closed","ping_status":"closed","template":"","meta":{"ngg_post_thumbnail":0,"footnotes":"","_mc_calendar":[]},"aioseo_notices":[],"_links":{"self":[{"href":"https:\/\/blogsaverroes.juntadeandalucia.es\/iescelti\/wp-json\/wp\/v2\/pages\/2541"}],"collection":[{"href":"https:\/\/blogsaverroes.juntadeandalucia.es\/iescelti\/wp-json\/wp\/v2\/pages"}],"about":[{"href":"https:\/\/blogsaverroes.juntadeandalucia.es\/iescelti\/wp-json\/wp\/v2\/types\/page"}],"author":[{"embeddable":true,"href":"https:\/\/blogsaverroes.juntadeandalucia.es\/iescelti\/wp-json\/wp\/v2\/users\/3254"}],"replies":[{"embeddable":true,"href":"https:\/\/blogsaverroes.juntadeandalucia.es\/iescelti\/wp-json\/wp\/v2\/comments?post=2541"}],"version-history":[{"count":5,"href":"https:\/\/blogsaverroes.juntadeandalucia.es\/iescelti\/wp-json\/wp\/v2\/pages\/2541\/revisions"}],"predecessor-version":[{"id":2592,"href":"https:\/\/blogsaverroes.juntadeandalucia.es\/iescelti\/wp-json\/wp\/v2\/pages\/2541\/revisions\/2592"}],"wp:attachment":[{"href":"https:\/\/blogsaverroes.juntadeandalucia.es\/iescelti\/wp-json\/wp\/v2\/media?parent=2541"}],"curies":[{"name":"wp","href":"https:\/\/api.w.org\/{rel}","templated":true}]}}