{"id":141,"date":"2015-03-17T07:13:24","date_gmt":"2015-03-17T07:13:24","guid":{"rendered":"http:\/\/blogsaverroes.juntadeandalucia.es\/pre\/ceip\/?page_id=141"},"modified":"2026-01-22T10:00:10","modified_gmt":"2026-01-22T10:00:10","slug":"escolarizacion","status":"publish","type":"page","link":"https:\/\/blogsaverroes.juntadeandalucia.es\/ieschristinepicasso\/escolarizacion\/","title":{"rendered":"Escolarizaci\u00f3n"},"content":{"rendered":"<h1 style=\"text-align: center\"><strong style=\"color: #ff0000;font-family: 'Roboto Condensed', sans-serif;font-size: 18px;text-align: center\">ESCOLARIZACI\u00d3N 2025-2026<\/strong><\/h1>\n<p>&nbsp; &nbsp; &nbsp; &nbsp; &nbsp; &nbsp; &nbsp; &nbsp; &nbsp; &nbsp; &nbsp; &nbsp; &nbsp; &nbsp; &nbsp; &nbsp; &nbsp; &nbsp; &nbsp; &nbsp; &nbsp; &nbsp; &nbsp; &nbsp; &nbsp; &nbsp; &nbsp; &nbsp; &nbsp; &nbsp; &nbsp; &nbsp; &nbsp; &nbsp; &nbsp; &nbsp; &nbsp; &nbsp; &nbsp; &nbsp; &nbsp; &nbsp;<\/p>\n<p><span style=\"text-align: center\">Acceso a la Plataforma PASEN. Les recordamos de la importancia de acceso a la misma. No es necesario acudir al Centro si no dispone de credenciales ya que est\u00e1 disponible <\/span><a style=\"text-align: center\" href=\"https:\/\/www.juntadeandalucia.es\/educacion\/portalseneca\/web\/pasen\/inicio\" target=\"_blank\" rel=\"noopener noreferrer\">AUTOLOGIN<\/a><span style=\"text-align: center\"> .<\/span><\/p>\n<h4 style=\"text-align: center\"><strong><span style=\"color: #000080\">Documento de tr\u00e1nsito para el alumnado de 6\u00ba de primaria.<\/span><\/strong> <span style=\"color: #000080\">(<a href=\"https:\/\/blogsaverroes.juntadeandalucia.es\/ieschristinepicasso2\/files\/2020\/02\/Presentaci\u00f3n-tr\u00e1nsito-padres.pdf\" target=\"_blank\" rel=\"noopener noreferrer\">Pulse aqu\u00ed para ver el documento<\/a>)<\/span><\/h4>\n<p><a href=\"https:\/\/blogsaverroes.juntadeandalucia.es\/ieschristinepicasso2\/files\/2020\/02\/Presentaci\u00f3n-tr\u00e1nsito-padres.pdf\" target=\"_blank\" rel=\"noopener noreferrer\"><img loading=\"lazy\" decoding=\"async\" class=\"aligncenter wp-image-3252\" src=\"https:\/\/blogsaverroes.juntadeandalucia.es\/ieschristinepicasso2\/files\/2020\/02\/Bienvenidospdftransito-300x153.jpg\" alt=\"\" width=\"451\" height=\"230\" srcset=\"https:\/\/blogsaverroes.juntadeandalucia.es\/ieschristinepicasso\/files\/2020\/02\/Bienvenidospdftransito-300x153.jpg 300w, https:\/\/blogsaverroes.juntadeandalucia.es\/ieschristinepicasso\/files\/2020\/02\/Bienvenidospdftransito-768x392.jpg 768w, https:\/\/blogsaverroes.juntadeandalucia.es\/ieschristinepicasso\/files\/2020\/02\/Bienvenidospdftransito-1024x523.jpg 1024w, https:\/\/blogsaverroes.juntadeandalucia.es\/ieschristinepicasso\/files\/2020\/02\/Bienvenidospdftransito-24x12.jpg 24w, https:\/\/blogsaverroes.juntadeandalucia.es\/ieschristinepicasso\/files\/2020\/02\/Bienvenidospdftransito-36x18.jpg 36w, https:\/\/blogsaverroes.juntadeandalucia.es\/ieschristinepicasso\/files\/2020\/02\/Bienvenidospdftransito-48x25.jpg 48w, https:\/\/blogsaverroes.juntadeandalucia.es\/ieschristinepicasso\/files\/2020\/02\/Bienvenidospdftransito.jpg 1600w\" sizes=\"(max-width: 451px) 100vw, 451px\" \/><\/a><\/p>\n<h3 style=\"text-align: center\"><a href=\"https:\/\/juntadeandalucia.es\/temas\/estudiar\/primaria-eso\/matriculacion.html\" target=\"_blank\" rel=\"noopener\">Portal de escolarizaci\u00f3n y matr\u00edcula (Pulse aqu\u00ed)<\/a><\/h3>\n","protected":false},"excerpt":{"rendered":"<p>ESCOLARIZACI\u00d3N 2025-2026 &nbsp; &nbsp; &nbsp; &nbsp; &nbsp; &nbsp; &nbsp; &nbsp; &nbsp; &nbsp; &nbsp; &nbsp; &nbsp; &nbsp; &nbsp; &nbsp; &nbsp; &nbsp; &nbsp; &nbsp; &nbsp; &nbsp; &nbsp; &nbsp; &nbsp; &nbsp; &nbsp; &nbsp; &nbsp; &nbsp; &nbsp; &nbsp;&#46;&#46;&#46;<\/p>\n","protected":false},"author":1,"featured_media":0,"parent":0,"menu_order":0,"comment_status":"closed","ping_status":"open","template":"","meta":{"ngg_post_thumbnail":0,"footnotes":"","_mc_calendar":[]},"aioseo_notices":[],"_links":{"self":[{"href":"https:\/\/blogsaverroes.juntadeandalucia.es\/ieschristinepicasso\/wp-json\/wp\/v2\/pages\/141"}],"collection":[{"href":"https:\/\/blogsaverroes.juntadeandalucia.es\/ieschristinepicasso\/wp-json\/wp\/v2\/pages"}],"about":[{"href":"https:\/\/blogsaverroes.juntadeandalucia.es\/ieschristinepicasso\/wp-json\/wp\/v2\/types\/page"}],"author":[{"embeddable":true,"href":"https:\/\/blogsaverroes.juntadeandalucia.es\/ieschristinepicasso\/wp-json\/wp\/v2\/users\/1"}],"replies":[{"embeddable":true,"href":"https:\/\/blogsaverroes.juntadeandalucia.es\/ieschristinepicasso\/wp-json\/wp\/v2\/comments?post=141"}],"version-history":[{"count":19,"href":"https:\/\/blogsaverroes.juntadeandalucia.es\/ieschristinepicasso\/wp-json\/wp\/v2\/pages\/141\/revisions"}],"predecessor-version":[{"id":6467,"href":"https:\/\/blogsaverroes.juntadeandalucia.es\/ieschristinepicasso\/wp-json\/wp\/v2\/pages\/141\/revisions\/6467"}],"wp:attachment":[{"href":"https:\/\/blogsaverroes.juntadeandalucia.es\/ieschristinepicasso\/wp-json\/wp\/v2\/media?parent=141"}],"curies":[{"name":"wp","href":"https:\/\/api.w.org\/{rel}","templated":true}]}}