{"id":2433,"date":"2015-11-24T13:20:27","date_gmt":"2015-11-24T13:20:27","guid":{"rendered":"http:\/\/blogsaverroes.juntadeandalucia.es\/ieschristinepicasso\/?page_id=2433"},"modified":"2025-12-03T20:50:36","modified_gmt":"2025-12-03T20:50:36","slug":"criterios-de-evaluacion","status":"publish","type":"page","link":"https:\/\/blogsaverroes.juntadeandalucia.es\/ieschristinepicasso\/criterios-de-evaluacion\/","title":{"rendered":"PROGRAMACIONES 2025-2026"},"content":{"rendered":"<h1 style=\"text-align: center\"><span style=\"color: #008000\">PROGRAMACIONES<\/span><\/h1>\n<h3 style=\"text-align: center\"><span style=\"color: #008000\">CURSO 2025-2026<\/span><\/h3>\n<table style=\"border-collapse: collapse;width: 100%;height: 240px\">\n<tbody>\n<tr style=\"height: 24px\">\n<td style=\"width: 738px;text-align: center;height: 24px\">\n<h3>&nbsp;<\/h3>\n<h3><a href=\"https:\/\/blogsaverroes.juntadeandalucia.es\/ieschristinepicasso\/programaciones-del-dpto-de-ciencias-naturales\/\">PROGRAMACI\u00d3N DPTO. CIENCIAS NATURALES<\/a><\/h3>\n<p>&nbsp;<\/p>\n<h3><a href=\"https:\/\/blogsaverroes.juntadeandalucia.es\/ieschristinepicasso\/files\/2025\/11\/Programacion-Frances-2025-2026.pdf\">PROGRAMACI\u00d3N DPTO. DE FRANC\u00c9S<\/a><\/h3>\n<p>&nbsp;<\/p>\n<h3><a href=\"https:\/\/blogsaverroes.juntadeandalucia.es\/ieschristinepicasso\/files\/2025\/11\/Programacion-de-musica-25_26_Seneca.pdf\">PROGRAMACI\u00d3N DPTO. DE M\u00daSICA<\/a><\/h3>\n<h3>&nbsp;<\/h3>\n<h3><a href=\"https:\/\/blogsaverroes.juntadeandalucia.es\/ieschristinepicasso\/programaciones-dpto-de-lengua\/\">PROGRAMACIONES DPTO. DE LENGUA<\/a><\/h3>\n<p>&nbsp;<\/p>\n<h3><a href=\"https:\/\/blogsaverroes.juntadeandalucia.es\/ieschristinepicasso\/dpto-de-geografia-e-historia\/\">PROGRAMACIONES DPTO. DE GEOGRAF\u00cdA E HISTORIA<\/a><\/h3>\n<p>&nbsp;<\/p>\n<h3><a href=\"https:\/\/blogsaverroes.juntadeandalucia.es\/ieschristinepicasso\/tecnoprog\/\">PROGRAMACIONES DPTO. TECNOLOG\u00cdA<\/a><\/h3>\n<p>&nbsp;<\/p>\n<h3><a href=\"https:\/\/blogsaverroes.juntadeandalucia.es\/ieschristinepicasso\/matesprog\/\">PROGRAMACIONES DPTO. DE MATEM\u00c1TICAS<\/a><\/h3>\n<p>&nbsp;<\/p>\n<h3><a href=\"https:\/\/blogsaverroes.juntadeandalucia.es\/ieschristinepicasso\/files\/2025\/11\/Programacion-EF-25_26.pdf\">PROGRAMACI\u00d3N DPTO. EDUCACI\u00d3N F\u00cdSICA<\/a><\/h3>\n<p>&nbsp;<\/p>\n<h3><a href=\"https:\/\/blogsaverroes.juntadeandalucia.es\/ieschristinepicasso\/files\/2025\/11\/Programaciones-Dpto.-Ingles-2025-2026.pdf\">PROGRAMACI\u00d3N DEL DPTO. DE INGL\u00c9S<\/a><\/h3>\n<p>&nbsp;<\/p>\n<h3>PROGRAMACI\u00d3N DPTO. EDUCACI\u00d3N PL\u00c1STICA Y VISUAL<\/h3>\n<p>&nbsp;<\/p>\n<h3><a href=\"https:\/\/blogsaverroes.juntadeandalucia.es\/ieschristinepicasso\/files\/2025\/11\/PROGRAMACION-RELIGION-CATOLICA-2025-2026.pdf\">PROGRAMACI\u00d3N RELIGI\u00d3N CAT\u00d3LICA<\/a><\/h3>\n<p>&nbsp;<\/p>\n<h3><a href=\"https:\/\/blogsaverroes.juntadeandalucia.es\/ieschristinepicasso\/files\/2025\/11\/PD.-CHRISTINE-PICASSO.-RELIGION-EVANGELICA-25-26.pdf\">PROGRAMACI\u00d3N RELIGI\u00d3N EVANG\u00c9LICA<\/a><\/h3>\n<\/td>\n<\/tr>\n<\/tbody>\n<\/table>\n<p>&nbsp;<\/p>\n","protected":false},"excerpt":{"rendered":"<p>PROGRAMACIONES CURSO 2025-2026 &nbsp; PROGRAMACI\u00d3N DPTO. CIENCIAS NATURALES &nbsp; PROGRAMACI\u00d3N DPTO. DE FRANC\u00c9S &nbsp; PROGRAMACI\u00d3N DPTO. DE M\u00daSICA &nbsp; PROGRAMACIONES DPTO. DE LENGUA &nbsp; PROGRAMACIONES DPTO. DE GEOGRAF\u00cdA E HISTORIA &nbsp; PROGRAMACIONES DPTO. TECNOLOG\u00cdA&#46;&#46;&#46;<\/p>\n","protected":false},"author":2271,"featured_media":0,"parent":0,"menu_order":0,"comment_status":"closed","ping_status":"open","template":"","meta":{"ngg_post_thumbnail":0,"footnotes":"","_mc_calendar":[]},"aioseo_notices":[],"_links":{"self":[{"href":"https:\/\/blogsaverroes.juntadeandalucia.es\/ieschristinepicasso\/wp-json\/wp\/v2\/pages\/2433"}],"collection":[{"href":"https:\/\/blogsaverroes.juntadeandalucia.es\/ieschristinepicasso\/wp-json\/wp\/v2\/pages"}],"about":[{"href":"https:\/\/blogsaverroes.juntadeandalucia.es\/ieschristinepicasso\/wp-json\/wp\/v2\/types\/page"}],"author":[{"embeddable":true,"href":"https:\/\/blogsaverroes.juntadeandalucia.es\/ieschristinepicasso\/wp-json\/wp\/v2\/users\/2271"}],"replies":[{"embeddable":true,"href":"https:\/\/blogsaverroes.juntadeandalucia.es\/ieschristinepicasso\/wp-json\/wp\/v2\/comments?post=2433"}],"version-history":[{"count":79,"href":"https:\/\/blogsaverroes.juntadeandalucia.es\/ieschristinepicasso\/wp-json\/wp\/v2\/pages\/2433\/revisions"}],"predecessor-version":[{"id":6414,"href":"https:\/\/blogsaverroes.juntadeandalucia.es\/ieschristinepicasso\/wp-json\/wp\/v2\/pages\/2433\/revisions\/6414"}],"wp:attachment":[{"href":"https:\/\/blogsaverroes.juntadeandalucia.es\/ieschristinepicasso\/wp-json\/wp\/v2\/media?parent=2433"}],"curies":[{"name":"wp","href":"https:\/\/api.w.org\/{rel}","templated":true}]}}