{"id":2534,"date":"2015-12-02T16:50:17","date_gmt":"2015-12-02T16:50:17","guid":{"rendered":"http:\/\/blogsaverroes.juntadeandalucia.es\/ieschristinepicasso\/?page_id=2534"},"modified":"2015-12-02T16:51:13","modified_gmt":"2015-12-02T16:51:13","slug":"departamento-de-formacion-innovacion-y-evaluacion","status":"publish","type":"page","link":"https:\/\/blogsaverroes.juntadeandalucia.es\/ieschristinepicasso\/departamento-de-formacion-innovacion-y-evaluacion\/","title":{"rendered":"Formaci\u00f3n, Innovaci\u00f3n y Evaluaci\u00f3n"},"content":{"rendered":"<h2>Departamento de Formaci\u00f3n, Innovaci\u00f3n y Evaluaci\u00f3n<\/h2>\n<p>&nbsp;<\/p>\n<p>Introducci\u00f3n:<\/p>\n<p>El Departamento de Formaci\u00f3n, Evaluaci\u00f3n e Innovaci\u00f3n Educativa realiza labores de asesoramiento y organizaci\u00f3n de los aspectos formativos, evaluativos y de innovaci\u00f3n en nuestro Centro.<\/p>\n","protected":false},"excerpt":{"rendered":"<p>Departamento de Formaci\u00f3n, Innovaci\u00f3n y Evaluaci\u00f3n &nbsp; Introducci\u00f3n: El Departamento de Formaci\u00f3n, Evaluaci\u00f3n e Innovaci\u00f3n Educativa realiza labores de asesoramiento y organizaci\u00f3n de los aspectos formativos, evaluativos y de innovaci\u00f3n en nuestro Centro.<\/p>\n","protected":false},"author":2271,"featured_media":0,"parent":0,"menu_order":0,"comment_status":"closed","ping_status":"open","template":"","meta":{"ngg_post_thumbnail":0,"footnotes":"","_mc_calendar":[]},"aioseo_notices":[],"_links":{"self":[{"href":"https:\/\/blogsaverroes.juntadeandalucia.es\/ieschristinepicasso\/wp-json\/wp\/v2\/pages\/2534"}],"collection":[{"href":"https:\/\/blogsaverroes.juntadeandalucia.es\/ieschristinepicasso\/wp-json\/wp\/v2\/pages"}],"about":[{"href":"https:\/\/blogsaverroes.juntadeandalucia.es\/ieschristinepicasso\/wp-json\/wp\/v2\/types\/page"}],"author":[{"embeddable":true,"href":"https:\/\/blogsaverroes.juntadeandalucia.es\/ieschristinepicasso\/wp-json\/wp\/v2\/users\/2271"}],"replies":[{"embeddable":true,"href":"https:\/\/blogsaverroes.juntadeandalucia.es\/ieschristinepicasso\/wp-json\/wp\/v2\/comments?post=2534"}],"version-history":[{"count":2,"href":"https:\/\/blogsaverroes.juntadeandalucia.es\/ieschristinepicasso\/wp-json\/wp\/v2\/pages\/2534\/revisions"}],"predecessor-version":[{"id":2537,"href":"https:\/\/blogsaverroes.juntadeandalucia.es\/ieschristinepicasso\/wp-json\/wp\/v2\/pages\/2534\/revisions\/2537"}],"wp:attachment":[{"href":"https:\/\/blogsaverroes.juntadeandalucia.es\/ieschristinepicasso\/wp-json\/wp\/v2\/media?parent=2534"}],"curies":[{"name":"wp","href":"https:\/\/api.w.org\/{rel}","templated":true}]}}