{"id":3485,"date":"2020-10-18T18:14:22","date_gmt":"2020-10-18T18:14:22","guid":{"rendered":"https:\/\/blogsaverroes.juntadeandalucia.es\/ieschristinepicasso2\/?page_id=3485"},"modified":"2020-10-19T20:01:47","modified_gmt":"2020-10-19T20:01:47","slug":"blogs-de-interes","status":"publish","type":"page","link":"https:\/\/blogsaverroes.juntadeandalucia.es\/ieschristinepicasso\/blogs-de-interes\/","title":{"rendered":"Blogs de inter\u00e9s"},"content":{"rendered":"<h3 style=\"text-align: center\"><span style=\"color: #0000ff\">BLOGS DE INTER\u00c9S<\/span><\/h3>\n<table class=\" aligncenter\">\n<tbody>\n<tr style=\"height: 23.2px\">\n<td style=\"height: 23.2px;width: 51.0247%\">\n<h4><strong><a href=\"https:\/\/cpicassofeie.blogspot.com\/\" target=\"_blank\" rel=\"noopener noreferrer\">Plan de sensibilizaci\u00f3n, formaci\u00f3n e implicaci\u00f3n en el IES Christine Picasso de M\u00e1laga<\/a><\/strong><\/h4>\n<\/td>\n<td style=\"height: 23.2px;width: 46.8476%\">\n<h4><a href=\"https:\/\/profundizaavesurbanas.blogspot.com\/\" target=\"_blank\" rel=\"noopener noreferrer\">PROYECTO PROFUNDIZA: AVES URBANAS DE M\u00c1LAGA<\/a><\/h4>\n<\/td>\n<\/tr>\n<tr style=\"height: 308px\">\n<td style=\"height: 308px;width: 51.0247%\"><img loading=\"lazy\" decoding=\"async\" class=\"aligncenter size-medium wp-image-3176\" src=\"https:\/\/blogsaverroes.juntadeandalucia.es\/ieschristinepicasso2\/files\/2019\/10\/Blog-IES-CP-contra-la-violencia-de-g\u00e9nero-300x112.png\" alt=\"\" width=\"300\" height=\"112\" srcset=\"https:\/\/blogsaverroes.juntadeandalucia.es\/ieschristinepicasso\/files\/2019\/10\/Blog-IES-CP-contra-la-violencia-de-g\u00e9nero-300x112.png 300w, https:\/\/blogsaverroes.juntadeandalucia.es\/ieschristinepicasso\/files\/2019\/10\/Blog-IES-CP-contra-la-violencia-de-g\u00e9nero-768x286.png 768w, https:\/\/blogsaverroes.juntadeandalucia.es\/ieschristinepicasso\/files\/2019\/10\/Blog-IES-CP-contra-la-violencia-de-g\u00e9nero-1024x381.png 1024w, https:\/\/blogsaverroes.juntadeandalucia.es\/ieschristinepicasso\/files\/2019\/10\/Blog-IES-CP-contra-la-violencia-de-g\u00e9nero-24x9.png 24w, https:\/\/blogsaverroes.juntadeandalucia.es\/ieschristinepicasso\/files\/2019\/10\/Blog-IES-CP-contra-la-violencia-de-g\u00e9nero-36x13.png 36w, https:\/\/blogsaverroes.juntadeandalucia.es\/ieschristinepicasso\/files\/2019\/10\/Blog-IES-CP-contra-la-violencia-de-g\u00e9nero-48x18.png 48w, https:\/\/blogsaverroes.juntadeandalucia.es\/ieschristinepicasso\/files\/2019\/10\/Blog-IES-CP-contra-la-violencia-de-g\u00e9nero.png 1304w\" sizes=\"(max-width: 300px) 100vw, 300px\" \/><\/td>\n<td style=\"height: 308px;width: 46.8476%\"><img loading=\"lazy\" decoding=\"async\" class=\"aligncenter size-medium wp-image-3145\" src=\"https:\/\/blogsaverroes.juntadeandalucia.es\/ieschristinepicasso2\/files\/2015\/03\/blogprofundizaavesurbanasdemalaga-207x300.jpg\" alt=\"\" width=\"207\" height=\"300\" srcset=\"https:\/\/blogsaverroes.juntadeandalucia.es\/ieschristinepicasso\/files\/2015\/03\/blogprofundizaavesurbanasdemalaga-207x300.jpg 207w, https:\/\/blogsaverroes.juntadeandalucia.es\/ieschristinepicasso\/files\/2015\/03\/blogprofundizaavesurbanasdemalaga-17x24.jpg 17w, https:\/\/blogsaverroes.juntadeandalucia.es\/ieschristinepicasso\/files\/2015\/03\/blogprofundizaavesurbanasdemalaga-25x36.jpg 25w, https:\/\/blogsaverroes.juntadeandalucia.es\/ieschristinepicasso\/files\/2015\/03\/blogprofundizaavesurbanasdemalaga-33x48.jpg 33w, https:\/\/blogsaverroes.juntadeandalucia.es\/ieschristinepicasso\/files\/2015\/03\/blogprofundizaavesurbanasdemalaga.jpg 586w\" sizes=\"(max-width: 207px) 100vw, 207px\" \/><\/td>\n<\/tr>\n<tr style=\"height: 22px\">\n<td style=\"height: 22px;width: 51.0247%\">\n<h4><strong><a href=\"http:\/\/blogsaverroes.juntadeandalucia.es\/ieschristinepicasso\/espacio-arte\/\" target=\"_blank\" rel=\"noopener noreferrer\">ESPACIO-ARTE M\u00aaCARMEN D\u00cdAZ SOTO<\/a><\/strong><\/h4>\n<\/td>\n<td style=\"height: 22px;width: 46.8476%\">\n<h4><a href=\"http:\/\/entrelibros-cp.blogspot.com.es\/\" target=\"_blank\" rel=\"noopener noreferrer\"><strong>ENTRE LIBROS<\/strong><\/a><\/h4>\n<\/td>\n<\/tr>\n<tr style=\"height: 22px\">\n<td style=\"height: 22px;width: 51.0247%\"><a href=\"https:\/\/blogsaverroes.juntadeandalucia.es\/ieschristinepicasso2\/files\/2015\/03\/exposicion31deenero2018.jpg\"><img loading=\"lazy\" decoding=\"async\" class=\"aligncenter size-medium wp-image-2937\" src=\"https:\/\/blogsaverroes.juntadeandalucia.es\/ieschristinepicasso2\/files\/2015\/03\/exposicion31deenero2018-300x141.jpg\" alt=\"\" width=\"300\" height=\"141\" srcset=\"https:\/\/blogsaverroes.juntadeandalucia.es\/ieschristinepicasso\/files\/2015\/03\/exposicion31deenero2018-300x141.jpg 300w, https:\/\/blogsaverroes.juntadeandalucia.es\/ieschristinepicasso\/files\/2015\/03\/exposicion31deenero2018-768x360.jpg 768w, https:\/\/blogsaverroes.juntadeandalucia.es\/ieschristinepicasso\/files\/2015\/03\/exposicion31deenero2018-1024x480.jpg 1024w, https:\/\/blogsaverroes.juntadeandalucia.es\/ieschristinepicasso\/files\/2015\/03\/exposicion31deenero2018-640x300.jpg 640w, https:\/\/blogsaverroes.juntadeandalucia.es\/ieschristinepicasso\/files\/2015\/03\/exposicion31deenero2018-24x11.jpg 24w, https:\/\/blogsaverroes.juntadeandalucia.es\/ieschristinepicasso\/files\/2015\/03\/exposicion31deenero2018-36x17.jpg 36w, https:\/\/blogsaverroes.juntadeandalucia.es\/ieschristinepicasso\/files\/2015\/03\/exposicion31deenero2018-48x22.jpg 48w, https:\/\/blogsaverroes.juntadeandalucia.es\/ieschristinepicasso\/files\/2015\/03\/exposicion31deenero2018.jpg 1600w\" sizes=\"(max-width: 300px) 100vw, 300px\" \/><\/a><\/td>\n<td style=\"height: 22px;width: 46.8476%\"><a href=\"http:\/\/entrelibros-cp.blogspot.com.es\/\"><img loading=\"lazy\" decoding=\"async\" class=\"aligncenter wp-image-2724\" src=\"https:\/\/blogsaverroes.juntadeandalucia.es\/ieschristinepicasso2\/files\/2017\/01\/portada-blog-biblioteca-235x300.png\" alt=\"\" width=\"87\" height=\"111\" srcset=\"https:\/\/blogsaverroes.juntadeandalucia.es\/ieschristinepicasso\/files\/2017\/01\/portada-blog-biblioteca-235x300.png 235w, https:\/\/blogsaverroes.juntadeandalucia.es\/ieschristinepicasso\/files\/2017\/01\/portada-blog-biblioteca-19x24.png 19w, https:\/\/blogsaverroes.juntadeandalucia.es\/ieschristinepicasso\/files\/2017\/01\/portada-blog-biblioteca-28x36.png 28w, https:\/\/blogsaverroes.juntadeandalucia.es\/ieschristinepicasso\/files\/2017\/01\/portada-blog-biblioteca-38x48.png 38w, https:\/\/blogsaverroes.juntadeandalucia.es\/ieschristinepicasso\/files\/2017\/01\/portada-blog-biblioteca.png 448w\" sizes=\"(max-width: 87px) 100vw, 87px\" \/><\/a><\/td>\n<\/tr>\n<tr>\n<td style=\"width: 51.0247%\">\n<h4><a href=\"https:\/\/11defebrero.org\/\" target=\"_blank\" rel=\"noopener noreferrer\">11defebrero<\/a><\/h4>\n<\/td>\n<td style=\"width: 46.8476%\">\n<h4><a href=\"https:\/\/sites.google.com\/view\/orientacion-christine-picasso\/p%C3%A1gina-principal\" target=\"_blank\" rel=\"noopener noreferrer\">BLOG Dpto. de Orientaci\u00f3n<\/a><\/h4>\n<\/td>\n<\/tr>\n<tr>\n<td style=\"width: 51.0247%\"><img loading=\"lazy\" decoding=\"async\" class=\"aligncenter size-medium wp-image-3127\" src=\"https:\/\/blogsaverroes.juntadeandalucia.es\/ieschristinepicasso2\/files\/2015\/03\/11defebro-300x192.png\" alt=\"\" width=\"300\" height=\"192\" srcset=\"https:\/\/blogsaverroes.juntadeandalucia.es\/ieschristinepicasso\/files\/2015\/03\/11defebro-300x192.png 300w, https:\/\/blogsaverroes.juntadeandalucia.es\/ieschristinepicasso\/files\/2015\/03\/11defebro-768x491.png 768w, https:\/\/blogsaverroes.juntadeandalucia.es\/ieschristinepicasso\/files\/2015\/03\/11defebro-1024x654.png 1024w, https:\/\/blogsaverroes.juntadeandalucia.es\/ieschristinepicasso\/files\/2015\/03\/11defebro-280x180.png 280w, https:\/\/blogsaverroes.juntadeandalucia.es\/ieschristinepicasso\/files\/2015\/03\/11defebro-24x15.png 24w, https:\/\/blogsaverroes.juntadeandalucia.es\/ieschristinepicasso\/files\/2015\/03\/11defebro-36x23.png 36w, https:\/\/blogsaverroes.juntadeandalucia.es\/ieschristinepicasso\/files\/2015\/03\/11defebro-48x31.png 48w, https:\/\/blogsaverroes.juntadeandalucia.es\/ieschristinepicasso\/files\/2015\/03\/11defebro.png 1251w\" sizes=\"(max-width: 300px) 100vw, 300px\" \/><\/td>\n<td style=\"width: 46.8476%\"><a href=\"https:\/\/sites.google.com\/view\/orientacion-christine-picasso\/p%C3%A1gina-principal\" target=\"_blank\" rel=\"noopener noreferrer\"><img loading=\"lazy\" decoding=\"async\" class=\"aligncenter size-medium wp-image-3316\" src=\"https:\/\/blogsaverroes.juntadeandalucia.es\/ieschristinepicasso2\/files\/2020\/03\/imagenblogorientacioniescp-300x105.jpg\" alt=\"\" width=\"300\" height=\"105\" srcset=\"https:\/\/blogsaverroes.juntadeandalucia.es\/ieschristinepicasso\/files\/2020\/03\/imagenblogorientacioniescp-300x105.jpg 300w, https:\/\/blogsaverroes.juntadeandalucia.es\/ieschristinepicasso\/files\/2020\/03\/imagenblogorientacioniescp-768x268.jpg 768w, https:\/\/blogsaverroes.juntadeandalucia.es\/ieschristinepicasso\/files\/2020\/03\/imagenblogorientacioniescp-1024x357.jpg 1024w, https:\/\/blogsaverroes.juntadeandalucia.es\/ieschristinepicasso\/files\/2020\/03\/imagenblogorientacioniescp-24x8.jpg 24w, https:\/\/blogsaverroes.juntadeandalucia.es\/ieschristinepicasso\/files\/2020\/03\/imagenblogorientacioniescp-36x13.jpg 36w, https:\/\/blogsaverroes.juntadeandalucia.es\/ieschristinepicasso\/files\/2020\/03\/imagenblogorientacioniescp-48x17.jpg 48w, https:\/\/blogsaverroes.juntadeandalucia.es\/ieschristinepicasso\/files\/2020\/03\/imagenblogorientacioniescp.jpg 1600w\" sizes=\"(max-width: 300px) 100vw, 300px\" \/><\/a><\/td>\n<\/tr>\n<tr style=\"height: 22px\">\n<td style=\"height: 22px;width: 51.0247%\">\n<h4><a href=\"https:\/\/patrimonio-christinepicasso.blogspot.com\/\" target=\"_blank\" rel=\"noopener noreferrer\">BLOG El entorno patrimonial del IES Christine Picasso de M\u00e1laga<\/a><\/h4>\n<\/td>\n<td style=\"height: 22px;width: 46.8476%\">\n<h4><a href=\"https:\/\/christinecomunica.blogspot.com\/\" target=\"_blank\" rel=\"noopener noreferrer\">Blog Proyecto Comunica<\/a><\/h4>\n<\/td>\n<\/tr>\n<tr style=\"height: 22px\">\n<td style=\"height: 22px;width: 51.0247%\"><a href=\"https:\/\/patrimonio-christinepicasso.blogspot.com\/\" target=\"_blank\" rel=\"noopener noreferrer\"><img loading=\"lazy\" decoding=\"async\" class=\"aligncenter size-medium wp-image-3131\" src=\"https:\/\/blogsaverroes.juntadeandalucia.es\/ieschristinepicasso2\/files\/2015\/03\/blogentornopatrimonialiescp-300x160.png\" alt=\"\" width=\"300\" height=\"160\" srcset=\"https:\/\/blogsaverroes.juntadeandalucia.es\/ieschristinepicasso\/files\/2015\/03\/blogentornopatrimonialiescp-300x160.png 300w, https:\/\/blogsaverroes.juntadeandalucia.es\/ieschristinepicasso\/files\/2015\/03\/blogentornopatrimonialiescp-768x408.png 768w, https:\/\/blogsaverroes.juntadeandalucia.es\/ieschristinepicasso\/files\/2015\/03\/blogentornopatrimonialiescp-1024x545.png 1024w, https:\/\/blogsaverroes.juntadeandalucia.es\/ieschristinepicasso\/files\/2015\/03\/blogentornopatrimonialiescp-24x13.png 24w, https:\/\/blogsaverroes.juntadeandalucia.es\/ieschristinepicasso\/files\/2015\/03\/blogentornopatrimonialiescp-36x19.png 36w, https:\/\/blogsaverroes.juntadeandalucia.es\/ieschristinepicasso\/files\/2015\/03\/blogentornopatrimonialiescp-48x26.png 48w, https:\/\/blogsaverroes.juntadeandalucia.es\/ieschristinepicasso\/files\/2015\/03\/blogentornopatrimonialiescp.png 1416w\" sizes=\"(max-width: 300px) 100vw, 300px\" \/><\/a><\/td>\n<td style=\"height: 22px;width: 46.8476%\"><a href=\"https:\/\/christinecomunica.blogspot.com\/\" target=\"_blank\" rel=\"noopener noreferrer\"><img loading=\"lazy\" decoding=\"async\" class=\"aligncenter size-medium wp-image-3243\" src=\"https:\/\/blogsaverroes.juntadeandalucia.es\/ieschristinepicasso2\/files\/2019\/11\/Captura-de-pantalla-de-2019-11-26-11-12-49-300x211.png\" alt=\"\" width=\"300\" height=\"211\" srcset=\"https:\/\/blogsaverroes.juntadeandalucia.es\/ieschristinepicasso\/files\/2019\/11\/Captura-de-pantalla-de-2019-11-26-11-12-49-300x211.png 300w, https:\/\/blogsaverroes.juntadeandalucia.es\/ieschristinepicasso\/files\/2019\/11\/Captura-de-pantalla-de-2019-11-26-11-12-49-768x541.png 768w, https:\/\/blogsaverroes.juntadeandalucia.es\/ieschristinepicasso\/files\/2019\/11\/Captura-de-pantalla-de-2019-11-26-11-12-49-24x17.png 24w, https:\/\/blogsaverroes.juntadeandalucia.es\/ieschristinepicasso\/files\/2019\/11\/Captura-de-pantalla-de-2019-11-26-11-12-49-36x25.png 36w, https:\/\/blogsaverroes.juntadeandalucia.es\/ieschristinepicasso\/files\/2019\/11\/Captura-de-pantalla-de-2019-11-26-11-12-49-48x34.png 48w, https:\/\/blogsaverroes.juntadeandalucia.es\/ieschristinepicasso\/files\/2019\/11\/Captura-de-pantalla-de-2019-11-26-11-12-49.png 978w\" sizes=\"(max-width: 300px) 100vw, 300px\" \/><\/a><\/td>\n<\/tr>\n<tr style=\"height: 22px\">\n<td style=\"height: 22px;width: 51.0247%\">\n<h4><a href=\"https:\/\/escuelaespaciopazieschristinepicasso.blogspot.com\/\" target=\"_blank\" rel=\"noopener noreferrer\">Blog Escuela Espacio de Paz<\/a><\/h4>\n<\/td>\n<td style=\"height: 22px;width: 46.8476%\">\n<h4><a href=\"https:\/\/auladecinechristine.blogspot.com\/\" target=\"_blank\" rel=\"noopener noreferrer\">Blog&nbsp; El Aula de Cine del Christine<\/a><\/h4>\n<\/td>\n<\/tr>\n<tr style=\"height: 22px\">\n<td style=\"height: 22px;width: 51.0247%\"><a href=\"https:\/\/escuelaespaciopazieschristinepicasso.blogspot.com\/\" target=\"_blank\" rel=\"noopener noreferrer\"><img loading=\"lazy\" decoding=\"async\" class=\"aligncenter size-medium wp-image-3368\" src=\"https:\/\/blogsaverroes.juntadeandalucia.es\/ieschristinepicasso2\/files\/2020\/05\/Blog-espacio-de-paz-300x235.jpg\" alt=\"\" width=\"300\" height=\"235\" srcset=\"https:\/\/blogsaverroes.juntadeandalucia.es\/ieschristinepicasso\/files\/2020\/05\/Blog-espacio-de-paz-300x235.jpg 300w, https:\/\/blogsaverroes.juntadeandalucia.es\/ieschristinepicasso\/files\/2020\/05\/Blog-espacio-de-paz-768x601.jpg 768w, https:\/\/blogsaverroes.juntadeandalucia.es\/ieschristinepicasso\/files\/2020\/05\/Blog-espacio-de-paz-1024x801.jpg 1024w, https:\/\/blogsaverroes.juntadeandalucia.es\/ieschristinepicasso\/files\/2020\/05\/Blog-espacio-de-paz-24x19.jpg 24w, https:\/\/blogsaverroes.juntadeandalucia.es\/ieschristinepicasso\/files\/2020\/05\/Blog-espacio-de-paz-36x28.jpg 36w, https:\/\/blogsaverroes.juntadeandalucia.es\/ieschristinepicasso\/files\/2020\/05\/Blog-espacio-de-paz-48x38.jpg 48w, https:\/\/blogsaverroes.juntadeandalucia.es\/ieschristinepicasso\/files\/2020\/05\/Blog-espacio-de-paz.jpg 1106w\" sizes=\"(max-width: 300px) 100vw, 300px\" \/><\/a><\/td>\n<td style=\"height: 22px;width: 46.8476%\"><a href=\"https:\/\/auladecinechristine.blogspot.com\/\" target=\"_blank\" rel=\"noopener noreferrer\"><img loading=\"lazy\" decoding=\"async\" class=\"aligncenter size-medium wp-image-3357\" src=\"https:\/\/blogsaverroes.juntadeandalucia.es\/ieschristinepicasso2\/files\/2020\/05\/Aula-de-cine-300x157.jpg\" alt=\"\" width=\"300\" height=\"157\" srcset=\"https:\/\/blogsaverroes.juntadeandalucia.es\/ieschristinepicasso\/files\/2020\/05\/Aula-de-cine-300x157.jpg 300w, https:\/\/blogsaverroes.juntadeandalucia.es\/ieschristinepicasso\/files\/2020\/05\/Aula-de-cine-768x402.jpg 768w, https:\/\/blogsaverroes.juntadeandalucia.es\/ieschristinepicasso\/files\/2020\/05\/Aula-de-cine-1024x536.jpg 1024w, https:\/\/blogsaverroes.juntadeandalucia.es\/ieschristinepicasso\/files\/2020\/05\/Aula-de-cine-24x13.jpg 24w, https:\/\/blogsaverroes.juntadeandalucia.es\/ieschristinepicasso\/files\/2020\/05\/Aula-de-cine-36x19.jpg 36w, https:\/\/blogsaverroes.juntadeandalucia.es\/ieschristinepicasso\/files\/2020\/05\/Aula-de-cine-48x25.jpg 48w, https:\/\/blogsaverroes.juntadeandalucia.es\/ieschristinepicasso\/files\/2020\/05\/Aula-de-cine.jpg 1600w\" sizes=\"(max-width: 300px) 100vw, 300px\" \/><\/a><\/td>\n<\/tr>\n<tr>\n<td style=\"width: 51.0247%\">\n<h4><a href=\"http:\/\/coeducacionieschristinepicasso.blogspot.com.es\/p\/actividades-2-evaluacion.html\" target=\"_blank\" rel=\"noopener noreferrer\">BLOG DE COEDUCACI\u00d3N<\/a><\/h4>\n<\/td>\n<td style=\"width: 46.8476%\">\n<h4><a href=\"http:\/\/creatividadcpicasso.blogspot.com.es\/\" target=\"_blank\" rel=\"noopener noreferrer\">CREATIVIDAD LITERARIA<\/a><\/h4>\n<\/td>\n<\/tr>\n<tr>\n<td style=\"width: 51.0247%\"><a href=\"http:\/\/coeducacionieschristinepicasso.blogspot.com.es\/p\/actividades-2-evaluacion.html\" target=\"_blank\" rel=\"noopener noreferrer\"><img loading=\"lazy\" decoding=\"async\" class=\"aligncenter size-medium wp-image-2748\" src=\"https:\/\/blogsaverroes.juntadeandalucia.es\/ieschristinepicasso2\/files\/2015\/03\/IMG_0444-300x169.jpg\" alt=\"\" width=\"300\" height=\"169\" srcset=\"https:\/\/blogsaverroes.juntadeandalucia.es\/ieschristinepicasso\/files\/2015\/03\/IMG_0444-300x169.jpg 300w, https:\/\/blogsaverroes.juntadeandalucia.es\/ieschristinepicasso\/files\/2015\/03\/IMG_0444-24x14.jpg 24w, https:\/\/blogsaverroes.juntadeandalucia.es\/ieschristinepicasso\/files\/2015\/03\/IMG_0444-36x20.jpg 36w, https:\/\/blogsaverroes.juntadeandalucia.es\/ieschristinepicasso\/files\/2015\/03\/IMG_0444-48x27.jpg 48w, https:\/\/blogsaverroes.juntadeandalucia.es\/ieschristinepicasso\/files\/2015\/03\/IMG_0444.jpg 567w\" sizes=\"(max-width: 300px) 100vw, 300px\" \/><\/a><\/td>\n<td style=\"width: 46.8476%\"><a href=\"http:\/\/creatividadcpicasso.blogspot.com.es\/\" target=\"_blank\" rel=\"noopener noreferrer\"><img loading=\"lazy\" decoding=\"async\" class=\"aligncenter size-medium wp-image-2751\" src=\"https:\/\/blogsaverroes.juntadeandalucia.es\/ieschristinepicasso2\/files\/2015\/03\/portada-creatividad-literaria-300x169.jpg\" alt=\"\" width=\"300\" height=\"169\" srcset=\"https:\/\/blogsaverroes.juntadeandalucia.es\/ieschristinepicasso\/files\/2015\/03\/portada-creatividad-literaria-300x169.jpg 300w, https:\/\/blogsaverroes.juntadeandalucia.es\/ieschristinepicasso\/files\/2015\/03\/portada-creatividad-literaria-1024x576.jpg 1024w, https:\/\/blogsaverroes.juntadeandalucia.es\/ieschristinepicasso\/files\/2015\/03\/portada-creatividad-literaria-24x14.jpg 24w, https:\/\/blogsaverroes.juntadeandalucia.es\/ieschristinepicasso\/files\/2015\/03\/portada-creatividad-literaria-36x20.jpg 36w, https:\/\/blogsaverroes.juntadeandalucia.es\/ieschristinepicasso\/files\/2015\/03\/portada-creatividad-literaria-48x27.jpg 48w, https:\/\/blogsaverroes.juntadeandalucia.es\/ieschristinepicasso\/files\/2015\/03\/portada-creatividad-literaria.jpg 1600w\" sizes=\"(max-width: 300px) 100vw, 300px\" \/><\/a><\/td>\n<\/tr>\n<tr>\n<td style=\"width: 51.0247%\">\n<h4><a href=\"http:\/\/cmchristine.blogspot.com.es\/\" target=\"_blank\" rel=\"noopener noreferrer\">BLOG DE CIENCIAS<\/a><\/h4>\n<\/td>\n<td style=\"width: 46.8476%\">\n<h4><a href=\"https:\/\/patrimonio-christinepicasso.blogspot.com\/\" target=\"_blank\" rel=\"noopener noreferrer\">BLOG El entorno patrimonial del IES Christine Picasso de M\u00e1laga<\/a><\/h4>\n<\/td>\n<\/tr>\n<tr>\n<td style=\"width: 51.0247%\">\n<h4><a href=\"http:\/\/cmchristine.blogspot.com.es\/\" target=\"_blank\" rel=\"noopener noreferrer\"><img loading=\"lazy\" decoding=\"async\" class=\"aligncenter\" src=\"https:\/\/blogsaverroes.juntadeandalucia.es\/ieschristinepicasso2\/files\/2015\/03\/PortadaBlogCienciasIESCP-300x160.png\" alt=\"\" width=\"156\" height=\"83\"><\/a><\/h4>\n<\/td>\n<td style=\"width: 46.8476%\"><img loading=\"lazy\" decoding=\"async\" class=\"aligncenter size-medium wp-image-3131\" src=\"https:\/\/blogsaverroes.juntadeandalucia.es\/ieschristinepicasso2\/files\/2015\/03\/blogentornopatrimonialiescp-300x160.png\" alt=\"\" width=\"300\" height=\"160\" srcset=\"https:\/\/blogsaverroes.juntadeandalucia.es\/ieschristinepicasso\/files\/2015\/03\/blogentornopatrimonialiescp-300x160.png 300w, https:\/\/blogsaverroes.juntadeandalucia.es\/ieschristinepicasso\/files\/2015\/03\/blogentornopatrimonialiescp-768x408.png 768w, https:\/\/blogsaverroes.juntadeandalucia.es\/ieschristinepicasso\/files\/2015\/03\/blogentornopatrimonialiescp-1024x545.png 1024w, https:\/\/blogsaverroes.juntadeandalucia.es\/ieschristinepicasso\/files\/2015\/03\/blogentornopatrimonialiescp-24x13.png 24w, https:\/\/blogsaverroes.juntadeandalucia.es\/ieschristinepicasso\/files\/2015\/03\/blogentornopatrimonialiescp-36x19.png 36w, https:\/\/blogsaverroes.juntadeandalucia.es\/ieschristinepicasso\/files\/2015\/03\/blogentornopatrimonialiescp-48x26.png 48w, https:\/\/blogsaverroes.juntadeandalucia.es\/ieschristinepicasso\/files\/2015\/03\/blogentornopatrimonialiescp.png 1416w\" sizes=\"(max-width: 300px) 100vw, 300px\" \/><\/td>\n<\/tr>\n<tr>\n<td style=\"width: 51.0247%\">\n<h4><a href=\"https:\/\/11defebrero.org\/\" target=\"_blank\" rel=\"noopener noreferrer\">11defebrero<\/a><\/h4>\n<\/td>\n<td style=\"width: 46.8476%\">\n<h4><a href=\"https:\/\/dptomusicaieschristinepicasso.blogspot.com\/\" target=\"_blank\" rel=\"noopener noreferrer\"><span style=\"color: #0000ff\">BLOG DEL DPTO. DE M\u00daSICA<\/span><\/a><\/h4>\n<\/td>\n<\/tr>\n<tr>\n<td style=\"width: 51.0247%\"><img loading=\"lazy\" decoding=\"async\" class=\"aligncenter size-medium wp-image-3127\" src=\"https:\/\/blogsaverroes.juntadeandalucia.es\/ieschristinepicasso2\/files\/2015\/03\/11defebro-300x192.png\" alt=\"\" width=\"300\" height=\"192\" srcset=\"https:\/\/blogsaverroes.juntadeandalucia.es\/ieschristinepicasso\/files\/2015\/03\/11defebro-300x192.png 300w, https:\/\/blogsaverroes.juntadeandalucia.es\/ieschristinepicasso\/files\/2015\/03\/11defebro-768x491.png 768w, https:\/\/blogsaverroes.juntadeandalucia.es\/ieschristinepicasso\/files\/2015\/03\/11defebro-1024x654.png 1024w, https:\/\/blogsaverroes.juntadeandalucia.es\/ieschristinepicasso\/files\/2015\/03\/11defebro-280x180.png 280w, https:\/\/blogsaverroes.juntadeandalucia.es\/ieschristinepicasso\/files\/2015\/03\/11defebro-24x15.png 24w, https:\/\/blogsaverroes.juntadeandalucia.es\/ieschristinepicasso\/files\/2015\/03\/11defebro-36x23.png 36w, https:\/\/blogsaverroes.juntadeandalucia.es\/ieschristinepicasso\/files\/2015\/03\/11defebro-48x31.png 48w, https:\/\/blogsaverroes.juntadeandalucia.es\/ieschristinepicasso\/files\/2015\/03\/11defebro.png 1251w\" sizes=\"(max-width: 300px) 100vw, 300px\" \/><\/td>\n<td style=\"width: 46.8476%\"><a href=\"https:\/\/dptomusicaieschristinepicasso.blogspot.com\/\" target=\"_blank\" rel=\"noopener noreferrer\"><img loading=\"lazy\" decoding=\"async\" class=\"aligncenter size-medium wp-image-3327\" src=\"https:\/\/blogsaverroes.juntadeandalucia.es\/ieschristinepicasso2\/files\/2020\/03\/portadablogdptomusicaiescp-300x101.jpg\" alt=\"\" width=\"300\" height=\"101\" srcset=\"https:\/\/blogsaverroes.juntadeandalucia.es\/ieschristinepicasso\/files\/2020\/03\/portadablogdptomusicaiescp-300x101.jpg 300w, https:\/\/blogsaverroes.juntadeandalucia.es\/ieschristinepicasso\/files\/2020\/03\/portadablogdptomusicaiescp-768x258.jpg 768w, https:\/\/blogsaverroes.juntadeandalucia.es\/ieschristinepicasso\/files\/2020\/03\/portadablogdptomusicaiescp-1024x344.jpg 1024w, https:\/\/blogsaverroes.juntadeandalucia.es\/ieschristinepicasso\/files\/2020\/03\/portadablogdptomusicaiescp-24x8.jpg 24w, https:\/\/blogsaverroes.juntadeandalucia.es\/ieschristinepicasso\/files\/2020\/03\/portadablogdptomusicaiescp-36x12.jpg 36w, https:\/\/blogsaverroes.juntadeandalucia.es\/ieschristinepicasso\/files\/2020\/03\/portadablogdptomusicaiescp-48x16.jpg 48w, https:\/\/blogsaverroes.juntadeandalucia.es\/ieschristinepicasso\/files\/2020\/03\/portadablogdptomusicaiescp.jpg 1600w\" sizes=\"(max-width: 300px) 100vw, 300px\" \/><\/a><\/td>\n<\/tr>\n<tr>\n<td style=\"width: 51.0247%\">\n<h4>&nbsp;<\/h4>\n<\/td>\n<td style=\"width: 46.8476%\">&nbsp;<\/td>\n<\/tr>\n<tr>\n<td style=\"width: 51.0247%\">\n<h4>&nbsp;<\/h4>\n<\/td>\n<td style=\"width: 46.8476%\">&nbsp;<\/td>\n<\/tr>\n<tr>\n<td style=\"width: 51.0247%\">\n<h4>&nbsp;<\/h4>\n<\/td>\n<td style=\"width: 46.8476%\">&nbsp;<\/td>\n<\/tr>\n<\/tbody>\n<\/table>\n<p>&nbsp;<\/p>\n","protected":false},"excerpt":{"rendered":"<p>BLOGS DE INTER\u00c9S Plan de sensibilizaci\u00f3n, formaci\u00f3n e implicaci\u00f3n en el IES Christine Picasso de M\u00e1laga PROYECTO PROFUNDIZA: AVES URBANAS DE M\u00c1LAGA ESPACIO-ARTE M\u00aaCARMEN D\u00cdAZ SOTO ENTRE LIBROS 11defebrero BLOG Dpto. de Orientaci\u00f3n BLOG&#46;&#46;&#46;<\/p>\n","protected":false},"author":2271,"featured_media":0,"parent":0,"menu_order":0,"comment_status":"closed","ping_status":"closed","template":"","meta":{"ngg_post_thumbnail":0,"footnotes":"","_mc_calendar":[]},"aioseo_notices":[],"_links":{"self":[{"href":"https:\/\/blogsaverroes.juntadeandalucia.es\/ieschristinepicasso\/wp-json\/wp\/v2\/pages\/3485"}],"collection":[{"href":"https:\/\/blogsaverroes.juntadeandalucia.es\/ieschristinepicasso\/wp-json\/wp\/v2\/pages"}],"about":[{"href":"https:\/\/blogsaverroes.juntadeandalucia.es\/ieschristinepicasso\/wp-json\/wp\/v2\/types\/page"}],"author":[{"embeddable":true,"href":"https:\/\/blogsaverroes.juntadeandalucia.es\/ieschristinepicasso\/wp-json\/wp\/v2\/users\/2271"}],"replies":[{"embeddable":true,"href":"https:\/\/blogsaverroes.juntadeandalucia.es\/ieschristinepicasso\/wp-json\/wp\/v2\/comments?post=3485"}],"version-history":[{"count":9,"href":"https:\/\/blogsaverroes.juntadeandalucia.es\/ieschristinepicasso\/wp-json\/wp\/v2\/pages\/3485\/revisions"}],"predecessor-version":[{"id":3555,"href":"https:\/\/blogsaverroes.juntadeandalucia.es\/ieschristinepicasso\/wp-json\/wp\/v2\/pages\/3485\/revisions\/3555"}],"wp:attachment":[{"href":"https:\/\/blogsaverroes.juntadeandalucia.es\/ieschristinepicasso\/wp-json\/wp\/v2\/media?parent=3485"}],"curies":[{"name":"wp","href":"https:\/\/api.w.org\/{rel}","templated":true}]}}