{"id":3513,"date":"2020-10-18T19:18:55","date_gmt":"2020-10-18T19:18:55","guid":{"rendered":"https:\/\/blogsaverroes.juntadeandalucia.es\/ieschristinepicasso2\/?page_id=3513"},"modified":"2025-03-15T18:39:11","modified_gmt":"2025-03-15T18:39:11","slug":"docs-de-interes","status":"publish","type":"page","link":"https:\/\/blogsaverroes.juntadeandalucia.es\/ieschristinepicasso\/docs-de-interes\/","title":{"rendered":"Docs de inter\u00e9s"},"content":{"rendered":"<table class=\" aligncenter\" style=\"width: 93.3806%\">\n<tbody>\n<tr>\n<th style=\"width: 100%\">\n<h2><span style=\"color: #ff0000\">DOCUMENTOS DE INTER\u00c9S<\/span><\/h2>\n<\/th>\n<\/tr>\n<tr>\n<td style=\"width: 100%\">\n<table style=\"height: 318px;width: 664px\" width=\"671\">\n<tbody>\n<tr>\n<th style=\"text-align: center;vertical-align: middle;width: 473px\">\n<h4><span style=\"color: #0000ff\"><strong>DOCUMENTO<\/strong><\/span><\/h4>\n<\/th>\n<th style=\"text-align: center;vertical-align: middle;width: 191px\">\n<h4><span style=\"color: #0000ff\"><strong>DETALLES<\/strong><\/span><\/h4>\n<\/th>\n<\/tr>\n<tr style=\"height: 308px\">\n<td style=\"height: 308px;width: 473px;text-align: left\">\n<pre><strong><a href=\"https:\/\/blogsaverroes.juntadeandalucia.es\/ieschristinepicasso\/files\/2023\/11\/PlanDeCentro_IESChristinePicasso_2324.pdf\">Plan de Centro del IES Christine Picasso<\/a><\/strong><\/pre>\n<\/td>\n<td style=\"text-align: center;vertical-align: middle;width: 191px\"><a href=\"https:\/\/blogsaverroes.juntadeandalucia.es\/ieschristinepicasso\/files\/2022\/11\/Imagen-Plan-de-Centro-24_25.png\"><img loading=\"lazy\" decoding=\"async\" class=\"alignnone wp-image-6006 size-full\" src=\"https:\/\/blogsaverroes.juntadeandalucia.es\/ieschristinepicasso\/files\/2022\/11\/Imagen-Plan-de-Centro-24_25.png\" alt=\"\" width=\"712\" height=\"906\" srcset=\"https:\/\/blogsaverroes.juntadeandalucia.es\/ieschristinepicasso\/files\/2022\/11\/Imagen-Plan-de-Centro-24_25.png 712w, https:\/\/blogsaverroes.juntadeandalucia.es\/ieschristinepicasso\/files\/2022\/11\/Imagen-Plan-de-Centro-24_25-236x300.png 236w\" sizes=\"(max-width: 712px) 100vw, 712px\" \/><\/a><\/td>\n<\/tr>\n<tr>\n<td style=\"text-align: center;vertical-align: middle;width: 473px\">\n<pre style=\"text-align: left\"><a href=\"http:\/\/www.tudecideseninternet.es\/agpd1\/\" target=\"_blank\" rel=\"noopener noreferrer\"><strong>Protecci\u00f3n de datos para menores<\/strong><\/a>&nbsp;<\/pre>\n<\/td>\n<td style=\"text-align: center;vertical-align: middle;width: 191px\"><a href=\"http:\/\/www.tudecideseninternet.es\/agpd1\/\" target=\"_blank\" rel=\"noopener noreferrer\"><img loading=\"lazy\" decoding=\"async\" class=\"aligncenter size-medium wp-image-2875\" src=\"https:\/\/blogsaverroes.juntadeandalucia.es\/ieschristinepicasso2\/files\/2015\/03\/tudecideseninternet-300x175.png\" alt=\"\" width=\"300\" height=\"175\" srcset=\"https:\/\/blogsaverroes.juntadeandalucia.es\/ieschristinepicasso\/files\/2015\/03\/tudecideseninternet-300x175.png 300w, https:\/\/blogsaverroes.juntadeandalucia.es\/ieschristinepicasso\/files\/2015\/03\/tudecideseninternet-768x447.png 768w, https:\/\/blogsaverroes.juntadeandalucia.es\/ieschristinepicasso\/files\/2015\/03\/tudecideseninternet-24x14.png 24w, https:\/\/blogsaverroes.juntadeandalucia.es\/ieschristinepicasso\/files\/2015\/03\/tudecideseninternet-36x21.png 36w, https:\/\/blogsaverroes.juntadeandalucia.es\/ieschristinepicasso\/files\/2015\/03\/tudecideseninternet-48x28.png 48w, https:\/\/blogsaverroes.juntadeandalucia.es\/ieschristinepicasso\/files\/2015\/03\/tudecideseninternet.png 951w\" sizes=\"(max-width: 300px) 100vw, 300px\" \/><\/a><\/td>\n<\/tr>\n<tr>\n<td style=\"text-align: center;vertical-align: middle;width: 473px\">\n<pre style=\"text-align: left\"><a href=\"https:\/\/blogsaverroes.juntadeandalucia.es\/ieschristinepicasso2\/files\/2021\/05\/Protocolo-solicitud-examen.pdf\" target=\"_blank\" rel=\"noopener noreferrer\"><span style=\"color: #0000ff\"><strong>Protocolo solicitud examen<\/strong><\/span><\/a><\/pre>\n<\/td>\n<td style=\"text-align: center;vertical-align: middle;width: 191px\"><a href=\"https:\/\/blogsaverroes.juntadeandalucia.es\/ieschristinepicasso2\/files\/2021\/05\/Protocolo-solicitud-examen.pdf\" target=\"_blank\" rel=\"noopener noreferrer\"><img loading=\"lazy\" decoding=\"async\" class=\"aligncenter wp-image-3362\" src=\"https:\/\/blogsaverroes.juntadeandalucia.es\/ieschristinepicasso2\/files\/2020\/05\/LOGOPDF.png\" alt=\"\" width=\"119\" height=\"119\" srcset=\"https:\/\/blogsaverroes.juntadeandalucia.es\/ieschristinepicasso\/files\/2020\/05\/LOGOPDF.png 225w, https:\/\/blogsaverroes.juntadeandalucia.es\/ieschristinepicasso\/files\/2020\/05\/LOGOPDF-150x150.png 150w, https:\/\/blogsaverroes.juntadeandalucia.es\/ieschristinepicasso\/files\/2020\/05\/LOGOPDF-100x100.png 100w, https:\/\/blogsaverroes.juntadeandalucia.es\/ieschristinepicasso\/files\/2020\/05\/LOGOPDF-24x24.png 24w, https:\/\/blogsaverroes.juntadeandalucia.es\/ieschristinepicasso\/files\/2020\/05\/LOGOPDF-36x36.png 36w, https:\/\/blogsaverroes.juntadeandalucia.es\/ieschristinepicasso\/files\/2020\/05\/LOGOPDF-48x48.png 48w, https:\/\/blogsaverroes.juntadeandalucia.es\/ieschristinepicasso\/files\/2020\/05\/LOGOPDF-50x50.png 50w\" sizes=\"(max-width: 119px) 100vw, 119px\" \/><\/a><\/td>\n<\/tr>\n<tr>\n<td style=\"text-align: center;vertical-align: middle;width: 473px\">\n<pre style=\"text-align: left\"><a href=\"https:\/\/blogsaverroes.juntadeandalucia.es\/ieschristinepicasso2\/files\/2020\/05\/Ficha-AUTOPROTECCION-Centros-docentes.pdf\" target=\"_blank\" rel=\"noopener noreferrer\"><span style=\"color: #0000ff\"><strong>Ficha Auto_Protecci\u00f3n Centros Docentes<\/strong><\/span><\/a><\/pre>\n<\/td>\n<td style=\"text-align: center;vertical-align: middle;width: 191px\"><a href=\"https:\/\/blogsaverroes.juntadeandalucia.es\/ieschristinepicasso2\/files\/2020\/05\/Ficha-AUTOPROTECCION-Centros-docentes.pdf\" target=\"_blank\" rel=\"noopener noreferrer\"><img loading=\"lazy\" decoding=\"async\" class=\"aligncenter wp-image-3362\" src=\"https:\/\/blogsaverroes.juntadeandalucia.es\/ieschristinepicasso2\/files\/2020\/05\/LOGOPDF.png\" alt=\"\" width=\"119\" height=\"119\" srcset=\"https:\/\/blogsaverroes.juntadeandalucia.es\/ieschristinepicasso\/files\/2020\/05\/LOGOPDF.png 225w, https:\/\/blogsaverroes.juntadeandalucia.es\/ieschristinepicasso\/files\/2020\/05\/LOGOPDF-150x150.png 150w, https:\/\/blogsaverroes.juntadeandalucia.es\/ieschristinepicasso\/files\/2020\/05\/LOGOPDF-100x100.png 100w, https:\/\/blogsaverroes.juntadeandalucia.es\/ieschristinepicasso\/files\/2020\/05\/LOGOPDF-24x24.png 24w, https:\/\/blogsaverroes.juntadeandalucia.es\/ieschristinepicasso\/files\/2020\/05\/LOGOPDF-36x36.png 36w, https:\/\/blogsaverroes.juntadeandalucia.es\/ieschristinepicasso\/files\/2020\/05\/LOGOPDF-48x48.png 48w, https:\/\/blogsaverroes.juntadeandalucia.es\/ieschristinepicasso\/files\/2020\/05\/LOGOPDF-50x50.png 50w\" sizes=\"(max-width: 119px) 100vw, 119px\" \/><\/a><\/td>\n<\/tr>\n<tr>\n<td style=\"text-align: center;vertical-align: middle;width: 473px\">\n<pre style=\"text-align: left\"><a href=\"https:\/\/blogsaverroes.juntadeandalucia.es\/ieschristinepicasso2\/files\/2020\/05\/Ficha-Informaci\u00f3n-Centros-Docentes.pdf\" target=\"_blank\" rel=\"noopener noreferrer\"><strong><span style=\"color: #0000ff\">Ficha Informaci\u00f3n Centros Docentes (Autoprotecci\u00f3n)<\/span><\/strong><\/a><\/pre>\n<\/td>\n<td style=\"text-align: center;vertical-align: middle;width: 191px\"><a href=\"https:\/\/blogsaverroes.juntadeandalucia.es\/ieschristinepicasso2\/files\/2020\/05\/Ficha-Informaci\u00f3n-Centros-Docentes.pdf\" target=\"_blank\" rel=\"noopener noreferrer\"><img loading=\"lazy\" decoding=\"async\" class=\"aligncenter wp-image-3362\" src=\"https:\/\/blogsaverroes.juntadeandalucia.es\/ieschristinepicasso2\/files\/2020\/05\/LOGOPDF.png\" alt=\"\" width=\"119\" height=\"119\" srcset=\"https:\/\/blogsaverroes.juntadeandalucia.es\/ieschristinepicasso\/files\/2020\/05\/LOGOPDF.png 225w, https:\/\/blogsaverroes.juntadeandalucia.es\/ieschristinepicasso\/files\/2020\/05\/LOGOPDF-150x150.png 150w, https:\/\/blogsaverroes.juntadeandalucia.es\/ieschristinepicasso\/files\/2020\/05\/LOGOPDF-100x100.png 100w, https:\/\/blogsaverroes.juntadeandalucia.es\/ieschristinepicasso\/files\/2020\/05\/LOGOPDF-24x24.png 24w, https:\/\/blogsaverroes.juntadeandalucia.es\/ieschristinepicasso\/files\/2020\/05\/LOGOPDF-36x36.png 36w, https:\/\/blogsaverroes.juntadeandalucia.es\/ieschristinepicasso\/files\/2020\/05\/LOGOPDF-48x48.png 48w, https:\/\/blogsaverroes.juntadeandalucia.es\/ieschristinepicasso\/files\/2020\/05\/LOGOPDF-50x50.png 50w\" sizes=\"(max-width: 119px) 100vw, 119px\" \/><\/a><\/td>\n<\/tr>\n<\/tbody>\n<\/table>\n<\/td>\n<\/tr>\n<\/tbody>\n<\/table>\n","protected":false},"excerpt":{"rendered":"<p>DOCUMENTOS DE INTER\u00c9S DOCUMENTO DETALLES Plan de Centro del IES Christine Picasso Protecci\u00f3n de datos para menores&nbsp; Protocolo solicitud examen Ficha Auto_Protecci\u00f3n Centros Docentes Ficha Informaci\u00f3n Centros Docentes (Autoprotecci\u00f3n)<\/p>\n","protected":false},"author":2271,"featured_media":0,"parent":0,"menu_order":0,"comment_status":"closed","ping_status":"closed","template":"","meta":{"ngg_post_thumbnail":0,"footnotes":"","_mc_calendar":[]},"aioseo_notices":[],"_links":{"self":[{"href":"https:\/\/blogsaverroes.juntadeandalucia.es\/ieschristinepicasso\/wp-json\/wp\/v2\/pages\/3513"}],"collection":[{"href":"https:\/\/blogsaverroes.juntadeandalucia.es\/ieschristinepicasso\/wp-json\/wp\/v2\/pages"}],"about":[{"href":"https:\/\/blogsaverroes.juntadeandalucia.es\/ieschristinepicasso\/wp-json\/wp\/v2\/types\/page"}],"author":[{"embeddable":true,"href":"https:\/\/blogsaverroes.juntadeandalucia.es\/ieschristinepicasso\/wp-json\/wp\/v2\/users\/2271"}],"replies":[{"embeddable":true,"href":"https:\/\/blogsaverroes.juntadeandalucia.es\/ieschristinepicasso\/wp-json\/wp\/v2\/comments?post=3513"}],"version-history":[{"count":9,"href":"https:\/\/blogsaverroes.juntadeandalucia.es\/ieschristinepicasso\/wp-json\/wp\/v2\/pages\/3513\/revisions"}],"predecessor-version":[{"id":6126,"href":"https:\/\/blogsaverroes.juntadeandalucia.es\/ieschristinepicasso\/wp-json\/wp\/v2\/pages\/3513\/revisions\/6126"}],"wp:attachment":[{"href":"https:\/\/blogsaverroes.juntadeandalucia.es\/ieschristinepicasso\/wp-json\/wp\/v2\/media?parent=3513"}],"curies":[{"name":"wp","href":"https:\/\/api.w.org\/{rel}","templated":true}]}}