{"id":42,"date":"2015-03-13T08:40:47","date_gmt":"2015-03-13T08:40:47","guid":{"rendered":"http:\/\/blogsaverroes.juntadeandalucia.es\/pre\/ceip\/?page_id=42"},"modified":"2023-10-06T09:00:43","modified_gmt":"2023-10-06T09:00:43","slug":"equipo-directivo","status":"publish","type":"page","link":"https:\/\/blogsaverroes.juntadeandalucia.es\/ieschristinepicasso\/equipo-directivo\/","title":{"rendered":"Equipo directivo"},"content":{"rendered":"<h2><img loading=\"lazy\" decoding=\"async\" class=\"aligncenter wp-image-4622\" src=\"https:\/\/blogsaverroes.juntadeandalucia.es\/ieschristinepicasso2\/files\/2022\/09\/logo-IES-CHRISTINE-PICASSO.jpeg\" alt=\"\" width=\"202\" height=\"130\"><\/h2>\n<h2 style=\"text-align: center\"><span style=\"color: #3366ff\"><span style=\"color: #ff0000\">Direcci\u00f3n:<\/span><strong> D. Alejandro Rodr\u00edguez Ayll\u00f3n<br \/>\n<\/strong><\/span><\/h2>\n<h2 style=\"text-align: center\"><span style=\"color: #3366ff\"><span style=\"color: #ff0000\">Jefatura de Estudios:<\/span><strong> D\u00aa. Anabel G\u00f3mez Garc\u00eda<br \/>\n<\/strong><\/span><\/h2>\n<h2 style=\"text-align: center\"><span style=\"color: #ff0000\">Secretar\u00eda:<\/span><strong><span style=\"color: #3366ff\"> D\u00aa. Isabel Mar\u00eda Passas Mart\u00ednez<\/span><br \/>\n<\/strong><\/h2>\n","protected":false},"excerpt":{"rendered":"<p>Direcci\u00f3n: D. Alejandro Rodr\u00edguez Ayll\u00f3n Jefatura de Estudios: D\u00aa. Anabel G\u00f3mez Garc\u00eda Secretar\u00eda: D\u00aa. Isabel Mar\u00eda Passas Mart\u00ednez<\/p>\n","protected":false},"author":1,"featured_media":0,"parent":0,"menu_order":0,"comment_status":"closed","ping_status":"open","template":"","meta":{"ngg_post_thumbnail":0,"footnotes":"","_mc_calendar":[]},"aioseo_notices":[],"_links":{"self":[{"href":"https:\/\/blogsaverroes.juntadeandalucia.es\/ieschristinepicasso\/wp-json\/wp\/v2\/pages\/42"}],"collection":[{"href":"https:\/\/blogsaverroes.juntadeandalucia.es\/ieschristinepicasso\/wp-json\/wp\/v2\/pages"}],"about":[{"href":"https:\/\/blogsaverroes.juntadeandalucia.es\/ieschristinepicasso\/wp-json\/wp\/v2\/types\/page"}],"author":[{"embeddable":true,"href":"https:\/\/blogsaverroes.juntadeandalucia.es\/ieschristinepicasso\/wp-json\/wp\/v2\/users\/1"}],"replies":[{"embeddable":true,"href":"https:\/\/blogsaverroes.juntadeandalucia.es\/ieschristinepicasso\/wp-json\/wp\/v2\/comments?post=42"}],"version-history":[{"count":13,"href":"https:\/\/blogsaverroes.juntadeandalucia.es\/ieschristinepicasso\/wp-json\/wp\/v2\/pages\/42\/revisions"}],"predecessor-version":[{"id":5517,"href":"https:\/\/blogsaverroes.juntadeandalucia.es\/ieschristinepicasso\/wp-json\/wp\/v2\/pages\/42\/revisions\/5517"}],"wp:attachment":[{"href":"https:\/\/blogsaverroes.juntadeandalucia.es\/ieschristinepicasso\/wp-json\/wp\/v2\/media?parent=42"}],"curies":[{"name":"wp","href":"https:\/\/api.w.org\/{rel}","templated":true}]}}