{"id":5292,"date":"2023-05-29T20:21:54","date_gmt":"2023-05-29T20:21:54","guid":{"rendered":"https:\/\/blogsaverroes.juntadeandalucia.es\/ieschristinepicasso\/?page_id=5292"},"modified":"2026-01-22T10:01:49","modified_gmt":"2026-01-22T10:01:49","slug":"contacto-con-secretaria","status":"publish","type":"page","link":"https:\/\/blogsaverroes.juntadeandalucia.es\/ieschristinepicasso\/contacto-con-secretaria\/","title":{"rendered":"CONTACTO CON SECRETAR\u00cdA"},"content":{"rendered":"<h2 style=\"text-align: center\"><span style=\"color: #339966\">CONTACTO SECRETAR\u00cdA<\/span><\/h2>\n<p style=\"text-align: center\">Pueden contactar con nosotros para cualquier cuesti\u00f3n sobre Secretar\u00eda en el siguiente correo:<\/p>\n<table style=\"width: 100%;border-collapse: collapse\" border=\"2\">\n<tbody>\n<tr>\n<td style=\"width: 100%\">\n<h2 style=\"text-align: center\">29701350.edu@juntadeandalucia.es<\/h2>\n<\/td>\n<\/tr>\n<\/tbody>\n<\/table>\n<p>&nbsp;<\/p>\n<h2 style=\"text-align: center\">&nbsp;<\/h2>\n","protected":false},"excerpt":{"rendered":"<p>CONTACTO SECRETAR\u00cdA Pueden contactar con nosotros para cualquier cuesti\u00f3n sobre Secretar\u00eda en el siguiente correo: 29701350.edu@juntadeandalucia.es &nbsp; &nbsp;<\/p>\n","protected":false},"author":2271,"featured_media":0,"parent":0,"menu_order":0,"comment_status":"closed","ping_status":"closed","template":"","meta":{"ngg_post_thumbnail":0,"footnotes":"","_mc_calendar":[]},"aioseo_notices":[],"_links":{"self":[{"href":"https:\/\/blogsaverroes.juntadeandalucia.es\/ieschristinepicasso\/wp-json\/wp\/v2\/pages\/5292"}],"collection":[{"href":"https:\/\/blogsaverroes.juntadeandalucia.es\/ieschristinepicasso\/wp-json\/wp\/v2\/pages"}],"about":[{"href":"https:\/\/blogsaverroes.juntadeandalucia.es\/ieschristinepicasso\/wp-json\/wp\/v2\/types\/page"}],"author":[{"embeddable":true,"href":"https:\/\/blogsaverroes.juntadeandalucia.es\/ieschristinepicasso\/wp-json\/wp\/v2\/users\/2271"}],"replies":[{"embeddable":true,"href":"https:\/\/blogsaverroes.juntadeandalucia.es\/ieschristinepicasso\/wp-json\/wp\/v2\/comments?post=5292"}],"version-history":[{"count":3,"href":"https:\/\/blogsaverroes.juntadeandalucia.es\/ieschristinepicasso\/wp-json\/wp\/v2\/pages\/5292\/revisions"}],"predecessor-version":[{"id":6468,"href":"https:\/\/blogsaverroes.juntadeandalucia.es\/ieschristinepicasso\/wp-json\/wp\/v2\/pages\/5292\/revisions\/6468"}],"wp:attachment":[{"href":"https:\/\/blogsaverroes.juntadeandalucia.es\/ieschristinepicasso\/wp-json\/wp\/v2\/media?parent=5292"}],"curies":[{"name":"wp","href":"https:\/\/api.w.org\/{rel}","templated":true}]}}