{"id":6382,"date":"2025-11-16T17:01:20","date_gmt":"2025-11-16T17:01:20","guid":{"rendered":"https:\/\/blogsaverroes.juntadeandalucia.es\/ieschristinepicasso\/?page_id=6382"},"modified":"2025-11-16T19:10:24","modified_gmt":"2025-11-16T19:10:24","slug":"matesprog","status":"publish","type":"page","link":"https:\/\/blogsaverroes.juntadeandalucia.es\/ieschristinepicasso\/matesprog\/","title":{"rendered":"PROGRAMACIONES DEL DPTO. DE MATEM\u00c1TICAS"},"content":{"rendered":"<h2 style=\"text-align: center\"><span style=\"color: #339966\">PROGRAMACIONES DEL DPTO. DE MATEM\u00c1TICAS<\/span><\/h2>\n<h2 style=\"text-align: center\"><span style=\"color: #339966\">CURSO 2025-2026<\/span><\/h2>\n<p>&nbsp;<\/p>\n<h3 style=\"text-align: center\"><a href=\"https:\/\/blogsaverroes.juntadeandalucia.es\/ieschristinepicasso\/files\/2025\/11\/Programacion-12y3ESO.pdf\">PROGRAMACI\u00d3N MATEM\u00c1TICAS 1\u00ba, 2\u00ba y 3\u00ba ESO<\/a><\/h3>\n<h3 style=\"text-align: center\">&nbsp;<\/h3>\n<h3 style=\"text-align: center\"><a href=\"https:\/\/blogsaverroes.juntadeandalucia.es\/ieschristinepicasso\/files\/2025\/11\/Programacion-4eso_opcA.pdf\">PROGRAMACI\u00d3N MATEM\u00c1TICAS 4\u00ba ESO OPCI\u00d3N A<\/a><\/h3>\n<h3 style=\"text-align: center\">&nbsp;<\/h3>\n<h3 style=\"text-align: center\"><a href=\"https:\/\/blogsaverroes.juntadeandalucia.es\/ieschristinepicasso\/files\/2025\/11\/Programacion-4eso_opcB.pdf\">PROGRAMACI\u00d3N MATEM\u00c1TICAS 4\u00ba ESO OPCI\u00d3N B<\/a><\/h3>\n","protected":false},"excerpt":{"rendered":"<p>PROGRAMACIONES DEL DPTO. DE MATEM\u00c1TICAS CURSO 2025-2026 &nbsp; PROGRAMACI\u00d3N MATEM\u00c1TICAS 1\u00ba, 2\u00ba y 3\u00ba ESO &nbsp; PROGRAMACI\u00d3N MATEM\u00c1TICAS 4\u00ba ESO OPCI\u00d3N A &nbsp; PROGRAMACI\u00d3N MATEM\u00c1TICAS 4\u00ba ESO OPCI\u00d3N B<\/p>\n","protected":false},"author":2271,"featured_media":0,"parent":0,"menu_order":0,"comment_status":"closed","ping_status":"closed","template":"","meta":{"ngg_post_thumbnail":0,"footnotes":"","_mc_calendar":[]},"aioseo_notices":[],"_links":{"self":[{"href":"https:\/\/blogsaverroes.juntadeandalucia.es\/ieschristinepicasso\/wp-json\/wp\/v2\/pages\/6382"}],"collection":[{"href":"https:\/\/blogsaverroes.juntadeandalucia.es\/ieschristinepicasso\/wp-json\/wp\/v2\/pages"}],"about":[{"href":"https:\/\/blogsaverroes.juntadeandalucia.es\/ieschristinepicasso\/wp-json\/wp\/v2\/types\/page"}],"author":[{"embeddable":true,"href":"https:\/\/blogsaverroes.juntadeandalucia.es\/ieschristinepicasso\/wp-json\/wp\/v2\/users\/2271"}],"replies":[{"embeddable":true,"href":"https:\/\/blogsaverroes.juntadeandalucia.es\/ieschristinepicasso\/wp-json\/wp\/v2\/comments?post=6382"}],"version-history":[{"count":1,"href":"https:\/\/blogsaverroes.juntadeandalucia.es\/ieschristinepicasso\/wp-json\/wp\/v2\/pages\/6382\/revisions"}],"predecessor-version":[{"id":6387,"href":"https:\/\/blogsaverroes.juntadeandalucia.es\/ieschristinepicasso\/wp-json\/wp\/v2\/pages\/6382\/revisions\/6387"}],"wp:attachment":[{"href":"https:\/\/blogsaverroes.juntadeandalucia.es\/ieschristinepicasso\/wp-json\/wp\/v2\/media?parent=6382"}],"curies":[{"name":"wp","href":"https:\/\/api.w.org\/{rel}","templated":true}]}}