{"id":198,"date":"2015-03-17T09:55:36","date_gmt":"2015-03-17T09:55:36","guid":{"rendered":"http:\/\/blogsaverroes.juntadeandalucia.es\/pre\/ceip\/?page_id=198"},"modified":"2020-11-23T20:45:10","modified_gmt":"2020-11-23T20:45:10","slug":"que-es-el-ampa","status":"publish","type":"page","link":"https:\/\/blogsaverroes.juntadeandalucia.es\/ieschristinepicasso2\/que-es-el-ampa\/","title":{"rendered":"\u00bfQu\u00e9 es el AMPA?"},"content":{"rendered":"<p><a href=\"https:\/\/blogsaverroes.juntadeandalucia.es\/ieschristinepicasso2\/files\/2020\/11\/LOGO-AMPA.jpg\"><img loading=\"lazy\" decoding=\"async\" class=\"size-medium wp-image-3717 alignleft\" src=\"https:\/\/blogsaverroes.juntadeandalucia.es\/ieschristinepicasso2\/files\/2020\/11\/LOGO-AMPA-214x300.jpg\" alt=\"\" width=\"214\" height=\"300\" srcset=\"https:\/\/blogsaverroes.juntadeandalucia.es\/ieschristinepicasso2\/files\/2020\/11\/LOGO-AMPA-214x300.jpg 214w, https:\/\/blogsaverroes.juntadeandalucia.es\/ieschristinepicasso2\/files\/2020\/11\/LOGO-AMPA-17x24.jpg 17w, https:\/\/blogsaverroes.juntadeandalucia.es\/ieschristinepicasso2\/files\/2020\/11\/LOGO-AMPA-26x36.jpg 26w, https:\/\/blogsaverroes.juntadeandalucia.es\/ieschristinepicasso2\/files\/2020\/11\/LOGO-AMPA-34x48.jpg 34w, https:\/\/blogsaverroes.juntadeandalucia.es\/ieschristinepicasso2\/files\/2020\/11\/LOGO-AMPA.jpg 732w\" sizes=\"(max-width: 214px) 100vw, 214px\" \/><\/a><\/p>\n<h3><span style=\"color: #008000\"><strong>\u00bfQu\u00e9 es el AMPA?<\/strong><\/span><\/h3>\n<p style=\"text-align: justify\">La Asociaci\u00f3n de Madres y Padres de Alumnos (AMPA) es una asociaci\u00f3n sin \u00e1nimo de lucro formada por los padres, madres y tutores legales de los alumnos matriculados en el centro, que voluntariamente deseen asociarse.<br \/>\nDesde el AMPA intentamos aportar soluciones a aquellos problemas que puedan afectar negativamente a la calidad de la educaci\u00f3n de nuestros hijos, proponiendo iniciativas y transmitiendo a la direcci\u00f3n del centro las inquietudes del colectivo de padres y madres. Adem\u00e1s, al tener representantes en el&nbsp;Consejo Escolar, podemos trasladar aquellas cuestiones que lo requieran a este \u00f3rgano de participaci\u00f3n.<br \/>\nTambi\u00e9n colaboramos con el centro en la organizaci\u00f3n de actividades de todo tipo, contribuimos a la mejora de las instalaciones y a la adquisici\u00f3n de materiales necesarios, como por ejemplo material deportivo o libros para la biblioteca.<\/p>\n<p style=\"text-align: justify\">El AMPA se financia a trav\u00e9s de las cuotas de socios\/as. La cuota consiste en un \u00fanico pago anual por familia, que se destina \u00edntegramente a acciones en beneficio de los alumnos.<\/p>\n<p>&nbsp;<\/p>\n","protected":false},"excerpt":{"rendered":"<p>\u00bfQu\u00e9 es el AMPA? La Asociaci\u00f3n de Madres y Padres de Alumnos (AMPA) es una asociaci\u00f3n sin \u00e1nimo de lucro formada por los padres, madres y tutores legales de los alumnos matriculados en el&#46;&#46;&#46;<\/p>\n","protected":false},"author":1,"featured_media":0,"parent":0,"menu_order":0,"comment_status":"closed","ping_status":"closed","template":"","meta":{"ngg_post_thumbnail":0,"footnotes":"","_mc_calendar":[]},"aioseo_notices":[],"_links":{"self":[{"href":"https:\/\/blogsaverroes.juntadeandalucia.es\/ieschristinepicasso2\/wp-json\/wp\/v2\/pages\/198"}],"collection":[{"href":"https:\/\/blogsaverroes.juntadeandalucia.es\/ieschristinepicasso2\/wp-json\/wp\/v2\/pages"}],"about":[{"href":"https:\/\/blogsaverroes.juntadeandalucia.es\/ieschristinepicasso2\/wp-json\/wp\/v2\/types\/page"}],"author":[{"embeddable":true,"href":"https:\/\/blogsaverroes.juntadeandalucia.es\/ieschristinepicasso2\/wp-json\/wp\/v2\/users\/1"}],"replies":[{"embeddable":true,"href":"https:\/\/blogsaverroes.juntadeandalucia.es\/ieschristinepicasso2\/wp-json\/wp\/v2\/comments?post=198"}],"version-history":[{"count":6,"href":"https:\/\/blogsaverroes.juntadeandalucia.es\/ieschristinepicasso2\/wp-json\/wp\/v2\/pages\/198\/revisions"}],"predecessor-version":[{"id":3720,"href":"https:\/\/blogsaverroes.juntadeandalucia.es\/ieschristinepicasso2\/wp-json\/wp\/v2\/pages\/198\/revisions\/3720"}],"wp:attachment":[{"href":"https:\/\/blogsaverroes.juntadeandalucia.es\/ieschristinepicasso2\/wp-json\/wp\/v2\/media?parent=198"}],"curies":[{"name":"wp","href":"https:\/\/api.w.org\/{rel}","templated":true}]}}