{"id":2433,"date":"2015-11-24T13:20:27","date_gmt":"2015-11-24T13:20:27","guid":{"rendered":"http:\/\/blogsaverroes.juntadeandalucia.es\/ieschristinepicasso\/?page_id=2433"},"modified":"2022-11-17T21:01:15","modified_gmt":"2022-11-17T21:01:15","slug":"criterios-de-evaluacion","status":"publish","type":"page","link":"https:\/\/blogsaverroes.juntadeandalucia.es\/ieschristinepicasso2\/criterios-de-evaluacion\/","title":{"rendered":"Criterios de Evaluaci\u00f3n y Calificaci\u00f3n."},"content":{"rendered":"<h1 style=\"text-align: center\"><span style=\"color: #008000\">CRITERIOS DE EVALUACI\u00d3N Y CALIFICACI\u00d3N<\/span><\/h1>\n<h3 style=\"text-align: center\"><span style=\"color: #008000\">CURSO 2022-2023<\/span><\/h3>\n<table style=\"border-collapse: collapse;width: 100%;height: 912px\">\n<tbody>\n<tr style=\"height: 65px\">\n<td style=\"width: 100%;text-align: center;height: 65px\">\n<pre><strong><span style=\"color: #3366ff\">CIENCIAS NATURALES<\/span><\/strong><\/pre>\n<\/td>\n<\/tr>\n<tr style=\"height: 65px\">\n<td style=\"width: 100%;text-align: center;height: 65px\">\n<pre><strong><span style=\"color: #3366ff\">CULTURA CL\u00c1SICA<\/span><\/strong><\/pre>\n<\/td>\n<\/tr>\n<tr style=\"height: 65px\">\n<td style=\"width: 100%;text-align: center;height: 65px\">\n<pre><strong><span style=\"color: #3366ff\">EDUCACI\u00d3N PL\u00c1STICA Y VISUAL<\/span><\/strong><\/pre>\n<\/td>\n<\/tr>\n<tr style=\"height: 65px\">\n<td style=\"width: 100%;text-align: center;height: 65px\">\n<pre><strong><span style=\"color: #3366ff\">EDUCACI\u00d3N F\u00cdSICA<\/span><\/strong><\/pre>\n<\/td>\n<\/tr>\n<tr style=\"height: 65px\">\n<td style=\"width: 100%;text-align: center;height: 65px\">\n<pre><strong><span style=\"color: #3366ff\">FRANC\u00c9S<\/span><\/strong><\/pre>\n<\/td>\n<\/tr>\n<tr style=\"height: 65px\">\n<td style=\"width: 100%;text-align: center;height: 65px\">\n<pre><strong><span style=\"color: #3366ff\">GEOGRAF\u00cdA E HISTORIA<\/span><\/strong><\/pre>\n<\/td>\n<\/tr>\n<tr style=\"height: 65px\">\n<td style=\"width: 100%;text-align: center;height: 65px\">\n<pre><strong><span style=\"color: #3366ff\">INGL\u00c9S<\/span><\/strong><\/pre>\n<\/td>\n<\/tr>\n<tr style=\"height: 65px\">\n<td style=\"width: 100%;text-align: center;height: 65px\">\n<pre><strong><a title=\"Criterios de calificaci\u00f3n LENGUA CASTELLANA Y LITERATURA\" href=\"https:\/\/blogsaverroes.juntadeandalucia.es\/ieschristinepicasso2\/files\/2022\/11\/Criterios-Calificaci\u00f3n-Lengua-Castellana-2022-23.pdf\" target=\"_blank\" rel=\"noopener noreferrer\"><span style=\"color: #3366ff\">LENGUA CASTELLANA<\/span><\/a><\/strong><\/pre>\n<\/td>\n<\/tr>\n<tr style=\"height: 65px\">\n<td style=\"width: 100%;text-align: center;height: 65px\">\n<pre><strong><span style=\"color: #3366ff\">MATEM\u00c1TICAS<\/span><\/strong><\/pre>\n<\/td>\n<\/tr>\n<tr style=\"height: 65px\">\n<td style=\"width: 100%;text-align: center;height: 65px\">\n<pre><strong><span style=\"color: #3366ff\">M\u00daSICA<\/span><\/strong><\/pre>\n<\/td>\n<\/tr>\n<tr style=\"height: 65px\">\n<td style=\"width: 100%;text-align: center;height: 65px\">\n<pre><strong><span style=\"color: #3366ff\">RELIGI\u00d3N CAT\u00d3LICA<\/span><\/strong><\/pre>\n<\/td>\n<\/tr>\n<tr style=\"height: 67px\">\n<td style=\"width: 100%;text-align: center;height: 67px\">\n<pre><strong><span style=\"color: #3366ff\">RELIGI\u00d3N EVANG\u00c9LICA<\/span><\/strong><\/pre>\n<\/td>\n<\/tr>\n<tr style=\"height: 65px\">\n<td style=\"width: 100%;text-align: center;height: 65px\">\n<pre><strong><span style=\"color: #3366ff\">TECNOLOG\u00cdA<\/span><\/strong><\/pre>\n<\/td>\n<\/tr>\n<tr style=\"height: 65px\">\n<td style=\"width: 100%;text-align: center;height: 65px\">\n<pre><strong><span style=\"color: #3366ff\">TIC<\/span><\/strong><\/pre>\n<\/td>\n<\/tr>\n<\/tbody>\n<\/table>\n<p>&nbsp;<\/p>\n","protected":false},"excerpt":{"rendered":"<p>CRITERIOS DE EVALUACI\u00d3N Y CALIFICACI\u00d3N CURSO 2022-2023 CIENCIAS NATURALES CULTURA CL\u00c1SICA EDUCACI\u00d3N PL\u00c1STICA Y VISUAL EDUCACI\u00d3N F\u00cdSICA FRANC\u00c9S GEOGRAF\u00cdA E HISTORIA INGL\u00c9S LENGUA CASTELLANA MATEM\u00c1TICAS M\u00daSICA RELIGI\u00d3N CAT\u00d3LICA RELIGI\u00d3N EVANG\u00c9LICA TECNOLOG\u00cdA TIC &nbsp;<\/p>\n","protected":false},"author":2271,"featured_media":0,"parent":0,"menu_order":0,"comment_status":"closed","ping_status":"open","template":"","meta":{"ngg_post_thumbnail":0,"footnotes":"","_mc_calendar":[]},"aioseo_notices":[],"_links":{"self":[{"href":"https:\/\/blogsaverroes.juntadeandalucia.es\/ieschristinepicasso2\/wp-json\/wp\/v2\/pages\/2433"}],"collection":[{"href":"https:\/\/blogsaverroes.juntadeandalucia.es\/ieschristinepicasso2\/wp-json\/wp\/v2\/pages"}],"about":[{"href":"https:\/\/blogsaverroes.juntadeandalucia.es\/ieschristinepicasso2\/wp-json\/wp\/v2\/types\/page"}],"author":[{"embeddable":true,"href":"https:\/\/blogsaverroes.juntadeandalucia.es\/ieschristinepicasso2\/wp-json\/wp\/v2\/users\/2271"}],"replies":[{"embeddable":true,"href":"https:\/\/blogsaverroes.juntadeandalucia.es\/ieschristinepicasso2\/wp-json\/wp\/v2\/comments?post=2433"}],"version-history":[{"count":51,"href":"https:\/\/blogsaverroes.juntadeandalucia.es\/ieschristinepicasso2\/wp-json\/wp\/v2\/pages\/2433\/revisions"}],"predecessor-version":[{"id":4721,"href":"https:\/\/blogsaverroes.juntadeandalucia.es\/ieschristinepicasso2\/wp-json\/wp\/v2\/pages\/2433\/revisions\/4721"}],"wp:attachment":[{"href":"https:\/\/blogsaverroes.juntadeandalucia.es\/ieschristinepicasso2\/wp-json\/wp\/v2\/media?parent=2433"}],"curies":[{"name":"wp","href":"https:\/\/api.w.org\/{rel}","templated":true}]}}