{"id":3073,"date":"2018-11-22T09:49:19","date_gmt":"2018-11-22T09:49:19","guid":{"rendered":"https:\/\/blogsaverroes.juntadeandalucia.es\/ieschristinepicasso2\/?page_id=3073"},"modified":"2022-11-17T20:59:43","modified_gmt":"2022-11-17T20:59:43","slug":"documentacion-de-pendientes","status":"publish","type":"page","link":"https:\/\/blogsaverroes.juntadeandalucia.es\/ieschristinepicasso2\/documentacion-de-pendientes\/","title":{"rendered":"Documentaci\u00f3n de Pendientes"},"content":{"rendered":"<h2 style=\"text-align: center\"><span style=\"color: #008000\">PLAN DE RECUPERACI\u00d3N DE PENDIENTES&nbsp;<\/span><\/h2>\n<h2 style=\"text-align: center\"><span style=\"color: #003366\"><span style=\"color: #008000\">CURSO 2022-2023<\/span>&nbsp;<span style=\"color: #008000\">(<\/span><span style=\"color: #ff0000\"><a title=\"Calendario y Plan de Pendientes. Curso 2022-2023\" href=\"https:\/\/blogsaverroes.juntadeandalucia.es\/ieschristinepicasso2\/files\/2022\/11\/Calendario-y-Plan-de-Pendientes.-Curso-2022-2023.pdf\" target=\"_blank\" rel=\"noopener noreferrer\">Pulse aqu\u00ed<\/a><\/span><span style=\"color: #008000\">)<\/span>.<\/span><\/h2>\n<h3 style=\"text-align: center\">&nbsp;<\/h3>\n<table style=\"border-collapse: collapse;width: 100%;height: 238px\">\n<tbody>\n<tr style=\"height: 22px\">\n<td style=\"width: 100%;height: 22px;text-align: center\">\n<pre><strong><span style=\"color: #0000ff\">CIENCIAS NATURALES<\/span><\/strong><\/pre>\n<\/td>\n<\/tr>\n<tr style=\"height: 24px\">\n<td style=\"width: 100%;height: 24px;text-align: center\">\n<pre><strong><span style=\"color: #0000ff\">DIBUJO<\/span><\/strong><\/pre>\n<\/td>\n<\/tr>\n<tr style=\"height: 24px\">\n<td style=\"width: 100%;height: 24px;text-align: center\">\n<pre><strong><span style=\"color: #0000ff\">EDUCACI\u00d3N F\u00cdSICA<\/span><\/strong><\/pre>\n<\/td>\n<\/tr>\n<tr style=\"height: 24px\">\n<td style=\"width: 100%;height: 24px;text-align: center\">\n<pre><strong><span style=\"color: #0000ff\">FRANC\u00c9S<\/span><\/strong><\/pre>\n<\/td>\n<\/tr>\n<tr style=\"height: 24px\">\n<td style=\"width: 100%;height: 24px;text-align: center\">\n<pre><strong><span style=\"color: #0000ff\">GEOGRAF\u00cdA E HISTORIA<\/span><\/strong><\/pre>\n<\/td>\n<\/tr>\n<tr style=\"height: 24px\">\n<td style=\"width: 100%;height: 24px;text-align: center\">\n<pre><strong><span style=\"color: #0000ff\">LAT\u00cdN Y CULTURA CL\u00c1SICA<\/span><\/strong><\/pre>\n<\/td>\n<\/tr>\n<tr style=\"height: 24px\">\n<td style=\"width: 100%;height: 24px;text-align: center\">\n<pre><strong><span style=\"color: #0000ff\">LENGUA Y LITERATURA<\/span><\/strong><\/pre>\n<\/td>\n<\/tr>\n<tr style=\"height: 24px\">\n<td style=\"width: 100%;height: 24px;text-align: center\">\n<pre><strong><span style=\"color: #0000ff\">INGL\u00c9S<\/span><\/strong><\/pre>\n<\/td>\n<\/tr>\n<tr style=\"height: 24px\">\n<td style=\"width: 100%;height: 24px;text-align: center\">\n<pre><strong><span style=\"color: #0000ff\">MATEM\u00c1TICAS<\/span><\/strong><\/pre>\n<\/td>\n<\/tr>\n<tr style=\"height: 24px\">\n<td style=\"width: 100%;height: 24px;text-align: center\">\n<pre><strong><span style=\"color: #0000ff\">M\u00daSICA<\/span><\/strong><\/pre>\n<\/td>\n<\/tr>\n<tr>\n<td style=\"width: 100%;text-align: center\">\n<pre><strong><span style=\"color: #0000ff\">RELIGI\u00d3N<\/span><\/strong><\/pre>\n<\/td>\n<\/tr>\n<tr>\n<td style=\"width: 100%;text-align: center\">\n<pre><strong><span style=\"color: #0000ff\">GEOGRAF\u00cdA E HISTORIA<\/span><\/strong><\/pre>\n<\/td>\n<\/tr>\n<tr>\n<td style=\"width: 100%;text-align: center\">\n<pre><strong><span style=\"color: #0000ff\">TECNOLOG\u00cdA<\/span><\/strong><\/pre>\n<\/td>\n<\/tr>\n<\/tbody>\n<\/table>\n<h4 style=\"text-align: center\">&nbsp;<\/h4>\n<p>&nbsp;<\/p>\n","protected":false},"excerpt":{"rendered":"<p>PLAN DE RECUPERACI\u00d3N DE PENDIENTES&nbsp; CURSO 2022-2023&nbsp;(Pulse aqu\u00ed). &nbsp; CIENCIAS NATURALES DIBUJO EDUCACI\u00d3N F\u00cdSICA FRANC\u00c9S GEOGRAF\u00cdA E HISTORIA LAT\u00cdN Y CULTURA CL\u00c1SICA LENGUA Y LITERATURA INGL\u00c9S MATEM\u00c1TICAS M\u00daSICA RELIGI\u00d3N GEOGRAF\u00cdA E HISTORIA TECNOLOG\u00cdA &nbsp;&#46;&#46;&#46;<\/p>\n","protected":false},"author":2271,"featured_media":0,"parent":0,"menu_order":0,"comment_status":"closed","ping_status":"closed","template":"","meta":{"ngg_post_thumbnail":0,"footnotes":"","_mc_calendar":[]},"aioseo_notices":[],"_links":{"self":[{"href":"https:\/\/blogsaverroes.juntadeandalucia.es\/ieschristinepicasso2\/wp-json\/wp\/v2\/pages\/3073"}],"collection":[{"href":"https:\/\/blogsaverroes.juntadeandalucia.es\/ieschristinepicasso2\/wp-json\/wp\/v2\/pages"}],"about":[{"href":"https:\/\/blogsaverroes.juntadeandalucia.es\/ieschristinepicasso2\/wp-json\/wp\/v2\/types\/page"}],"author":[{"embeddable":true,"href":"https:\/\/blogsaverroes.juntadeandalucia.es\/ieschristinepicasso2\/wp-json\/wp\/v2\/users\/2271"}],"replies":[{"embeddable":true,"href":"https:\/\/blogsaverroes.juntadeandalucia.es\/ieschristinepicasso2\/wp-json\/wp\/v2\/comments?post=3073"}],"version-history":[{"count":24,"href":"https:\/\/blogsaverroes.juntadeandalucia.es\/ieschristinepicasso2\/wp-json\/wp\/v2\/pages\/3073\/revisions"}],"predecessor-version":[{"id":4720,"href":"https:\/\/blogsaverroes.juntadeandalucia.es\/ieschristinepicasso2\/wp-json\/wp\/v2\/pages\/3073\/revisions\/4720"}],"wp:attachment":[{"href":"https:\/\/blogsaverroes.juntadeandalucia.es\/ieschristinepicasso2\/wp-json\/wp\/v2\/media?parent=3073"}],"curies":[{"name":"wp","href":"https:\/\/api.w.org\/{rel}","templated":true}]}}