{"id":3432,"date":"2020-10-17T14:40:49","date_gmt":"2020-10-17T14:40:49","guid":{"rendered":"https:\/\/blogsaverroes.juntadeandalucia.es\/ieschristinepicasso2\/?page_id=3432"},"modified":"2020-10-17T15:29:56","modified_gmt":"2020-10-17T15:29:56","slug":"zona-tde","status":"publish","type":"page","link":"https:\/\/blogsaverroes.juntadeandalucia.es\/ieschristinepicasso2\/zona-tde\/","title":{"rendered":"Zona TDE"},"content":{"rendered":"<p><strong>Presentaci\u00f3n:<\/strong><\/p>\n<p style=\"text-align: justify\">En este curso 2020-2021 comienza el proceso de transformaci\u00f3n digital educativa en nuestro Centro IES Christine Picasso de M\u00e1laga, siguiendo las instrucciones del 31 de julio, de la Direcci\u00f3n General de Formaci\u00f3n del Profesorado e Innovaci\u00f3n Educativa, sobre medidas de transformaci\u00f3n digital educativa en los centros docentes p\u00fablicos para el curso 2020-2021.<\/p>\n","protected":false},"excerpt":{"rendered":"<p>Presentaci\u00f3n: En este curso 2020-2021 comienza el proceso de transformaci\u00f3n digital educativa en nuestro Centro IES Christine Picasso de M\u00e1laga, siguiendo las instrucciones del 31 de julio, de la Direcci\u00f3n General de Formaci\u00f3n del&#46;&#46;&#46;<\/p>\n","protected":false},"author":2271,"featured_media":0,"parent":0,"menu_order":0,"comment_status":"closed","ping_status":"closed","template":"","meta":{"ngg_post_thumbnail":0,"footnotes":"","_mc_calendar":[]},"aioseo_notices":[],"_links":{"self":[{"href":"https:\/\/blogsaverroes.juntadeandalucia.es\/ieschristinepicasso2\/wp-json\/wp\/v2\/pages\/3432"}],"collection":[{"href":"https:\/\/blogsaverroes.juntadeandalucia.es\/ieschristinepicasso2\/wp-json\/wp\/v2\/pages"}],"about":[{"href":"https:\/\/blogsaverroes.juntadeandalucia.es\/ieschristinepicasso2\/wp-json\/wp\/v2\/types\/page"}],"author":[{"embeddable":true,"href":"https:\/\/blogsaverroes.juntadeandalucia.es\/ieschristinepicasso2\/wp-json\/wp\/v2\/users\/2271"}],"replies":[{"embeddable":true,"href":"https:\/\/blogsaverroes.juntadeandalucia.es\/ieschristinepicasso2\/wp-json\/wp\/v2\/comments?post=3432"}],"version-history":[{"count":3,"href":"https:\/\/blogsaverroes.juntadeandalucia.es\/ieschristinepicasso2\/wp-json\/wp\/v2\/pages\/3432\/revisions"}],"predecessor-version":[{"id":3443,"href":"https:\/\/blogsaverroes.juntadeandalucia.es\/ieschristinepicasso2\/wp-json\/wp\/v2\/pages\/3432\/revisions\/3443"}],"wp:attachment":[{"href":"https:\/\/blogsaverroes.juntadeandalucia.es\/ieschristinepicasso2\/wp-json\/wp\/v2\/media?parent=3432"}],"curies":[{"name":"wp","href":"https:\/\/api.w.org\/{rel}","templated":true}]}}