{"id":3497,"date":"2020-10-18T18:56:55","date_gmt":"2020-10-18T18:56:55","guid":{"rendered":"https:\/\/blogsaverroes.juntadeandalucia.es\/ieschristinepicasso2\/?page_id=3497"},"modified":"2021-07-02T07:17:10","modified_gmt":"2021-07-02T07:17:10","slug":"matriculacion","status":"publish","type":"page","link":"https:\/\/blogsaverroes.juntadeandalucia.es\/ieschristinepicasso2\/matriculacion\/","title":{"rendered":"Matriculaci\u00f3n"},"content":{"rendered":"<h5 style=\"text-align: center\"><strong><span style=\"color: #ff0000\">MATRICULACI\u00d3N IES CHRISTINE PICASSO (29701350) 1 AL 12 DE JULIO DE 2021<\/span><br \/>\n<\/strong><\/h5>\n<h5 style=\"text-align: center\"><span style=\"color: #0000ff\">Importante: Todo el alumno promocione o repita <\/span><\/h5>\n<h5 style=\"text-align: center\"><span style=\"color: #0000ff\"><a style=\"color: #0000ff\" href=\"https:\/\/blogsaverroes.juntadeandalucia.es\/ieschristinepicasso2\/files\/2020\/06\/MATRICULACI\u00d3N-IES-CHRISTINE-PICASSO.pdf\" target=\"_blank\" rel=\"noopener noreferrer\">t<\/a>iene que matricularse en julio en el curso siguiente en el que est\u00e9 este a\u00f1o.<\/span><\/h5>\n<h5 style=\"text-align: center\"><a href=\"https:\/\/www.juntadeandalucia.es\/educacion\/secretariavirtual\/solicitudes\/\" target=\"_blank\" rel=\"noopener noreferrer\"><img loading=\"lazy\" decoding=\"async\" class=\"aligncenter size-medium wp-image-3965\" src=\"https:\/\/blogsaverroes.juntadeandalucia.es\/ieschristinepicasso2\/files\/2021\/07\/Escolarizaci\u00f3n-y-Matriculaci\u00f3n-logo-JA-300x90.png\" alt=\"\" width=\"300\" height=\"90\" srcset=\"https:\/\/blogsaverroes.juntadeandalucia.es\/ieschristinepicasso2\/files\/2021\/07\/Escolarizaci\u00f3n-y-Matriculaci\u00f3n-logo-JA-300x90.png 300w, https:\/\/blogsaverroes.juntadeandalucia.es\/ieschristinepicasso2\/files\/2021\/07\/Escolarizaci\u00f3n-y-Matriculaci\u00f3n-logo-JA-391x118.png 391w, https:\/\/blogsaverroes.juntadeandalucia.es\/ieschristinepicasso2\/files\/2021\/07\/Escolarizaci\u00f3n-y-Matriculaci\u00f3n-logo-JA.png 395w\" sizes=\"(max-width: 300px) 100vw, 300px\" \/><\/a><\/h5>\n<h5 style=\"text-align: center\"><strong>Manual de usuario sobre electr\u00f3nico de matr\u00edcula&nbsp; (<a href=\"https:\/\/blogsaverroes.juntadeandalucia.es\/ieschristinepicasso2\/files\/2020\/06\/Sobre-electronico-de-matricula-versi\u00f3n-familias.pdf\" target=\"_blank\" rel=\"noopener noreferrer\">Pulse aqu\u00ed<\/a>)<\/strong><\/h5>\n<h5 style=\"text-align: center\"><strong>(<a href=\"https:\/\/www.juntadeandalucia.es\/educacion\/secretariavirtual\/solicitudes\/\" target=\"_blank\" rel=\"noopener noreferrer\">Pulse aqu\u00ed para acceder a la matriculaci\u00f3n ONLINE<\/a>)<\/strong><\/h5>\n<h5>&nbsp;<\/h5>\n<h5 style=\"text-align: center\"><strong><span style=\"color: #008000\">OBTENCI\u00d3N DEL CHEQUE LIBRO DE MANERA TELEM\u00c1TICA curso 2021-2022&nbsp; (<a href=\"https:\/\/seneca.juntadeandalucia.es\/seneca\/puntoderecogida\/index.html\" target=\"_blank\" rel=\"noopener noreferrer\"><span style=\"color: #ff0000\">Pulse aqu\u00ed<\/span><\/a>)<\/span><\/strong><\/h5>\n<p style=\"text-align: center\"><a href=\"https:\/\/seneca.juntadeandalucia.es\/seneca\/puntoderecogida\/index.html\" target=\"_blank\" rel=\"noopener noreferrer\"><img loading=\"lazy\" decoding=\"async\" class=\"aligncenter size-medium wp-image-3969\" src=\"https:\/\/blogsaverroes.juntadeandalucia.es\/ieschristinepicasso2\/files\/2021\/07\/chequelibro-300x142.jpg\" alt=\"\" width=\"300\" height=\"142\" srcset=\"https:\/\/blogsaverroes.juntadeandalucia.es\/ieschristinepicasso2\/files\/2021\/07\/chequelibro-300x142.jpg 300w, https:\/\/blogsaverroes.juntadeandalucia.es\/ieschristinepicasso2\/files\/2021\/07\/chequelibro.jpg 512w\" sizes=\"(max-width: 300px) 100vw, 300px\" \/><\/a><\/p>\n<p style=\"text-align: justify;background: white\"><span style=\"font-size: 10.0pt;font-family: 'Verdana',sans-serif;color: #222222\">A partir del d\u00eda 20 de julio, las familias cuyos hijos renueven los libros de texto el pr\u00f3ximo curso 2021\/22 (2\u00ba y 4\u00ba de ESO) podr\u00e1n obtener el <strong><span style=\"font-family: 'Verdana',sans-serif\">cheque libro&nbsp;<\/span><\/strong>de manera telem\u00e1tica en el&nbsp;<strong><span style=\"font-family: 'Verdana',sans-serif\">Punto de Recogida Electr\u00f3nica<\/span><\/strong>&nbsp;al que se puede entrar a trav\u00e9s de la aplicaci\u00f3n iPASEN. Para obtener el cheque-libro, los interesados deber\u00e1n introducir la&nbsp;<strong><span style=\"font-family: 'Verdana',sans-serif\">fecha de nacimiento del alumno o alumna<\/span><\/strong>&nbsp;y su&nbsp;<strong><span style=\"font-family: 'Verdana',sans-serif\">clave iANDE<\/span><\/strong>. De esta manera se podr\u00e1n descargar el&nbsp;<strong><span style=\"font-family: 'Verdana',sans-serif\">documento electr\u00f3nico<\/span><\/strong>&nbsp;con la relaci\u00f3n de libros de texto correspondientes para su&nbsp;<strong><span style=\"font-family: 'Verdana',sans-serif\">canje en la librer\u00eda&nbsp;<\/span><\/strong>de su elecci\u00f3n bien por correo electr\u00f3nico, Whatsapp o alguna otra v\u00eda telem\u00e1tica.<\/span><\/p>\n<p style=\"text-align: center;background: white\"><span style=\"font-size: 10.0pt;font-family: 'Verdana',sans-serif;color: #222222\">Pueden acceder a trav\u00e9s del siguiente enlace:<\/span><\/p>\n<p style=\"text-align: center;background: white\"><span style=\"font-size: 10.0pt;font-family: 'Verdana',sans-serif;color: #222222\"><a href=\"https:\/\/seneca.juntadeandalucia.es\/seneca\/puntoderecogida\/index.html\" target=\"_blank\" rel=\"noopener noreferrer\" data-saferedirecturl=\"https:\/\/www.google.com\/url?q=https:\/\/seneca.juntadeandalucia.es\/seneca\/puntoderecogida\/index.html&amp;source=gmail&amp;ust=1594929230008000&amp;usg=AFQjCNF0u36A4Ubjv7A1UBClV-3CuP3HWw\"><span style=\"color: #1155cc\">https:\/\/seneca.juntadeandalucia.es\/seneca\/puntoderecogida\/index.html<\/span><\/a><\/span><\/p>\n<h5 style=\"text-align: center\"><strong><span style=\"color: #008000\">INSTRUCCIONES FAMILIAS ACCESO PUNTO DE RECOGIDA (<a href=\"https:\/\/blogsaverroes.juntadeandalucia.es\/ieschristinepicasso2\/files\/2020\/06\/instrucciones_familias_acceso_punto-de-recogida.pdf\" target=\"_blank\" rel=\"noopener noreferrer\"><span style=\"color: #ff0000\">Pulse aqu\u00ed<\/span><\/a>)<\/span><\/strong><\/h5>\n<p><a href=\"https:\/\/seneca.juntadeandalucia.es\/seneca\/puntoderecogida\/index.html\" target=\"_blank\" rel=\"noopener noreferrer\"><img loading=\"lazy\" decoding=\"async\" class=\"aligncenter size-medium wp-image-3388\" src=\"https:\/\/blogsaverroes.juntadeandalucia.es\/ieschristinepicasso2\/files\/2020\/06\/Punto-de-recogida-300x140.jpg\" alt=\"\" width=\"300\" height=\"140\" srcset=\"https:\/\/blogsaverroes.juntadeandalucia.es\/ieschristinepicasso2\/files\/2020\/06\/Punto-de-recogida-300x140.jpg 300w, https:\/\/blogsaverroes.juntadeandalucia.es\/ieschristinepicasso2\/files\/2020\/06\/Punto-de-recogida-768x357.jpg 768w, https:\/\/blogsaverroes.juntadeandalucia.es\/ieschristinepicasso2\/files\/2020\/06\/Punto-de-recogida-1024x477.jpg 1024w, https:\/\/blogsaverroes.juntadeandalucia.es\/ieschristinepicasso2\/files\/2020\/06\/Punto-de-recogida-640x300.jpg 640w, https:\/\/blogsaverroes.juntadeandalucia.es\/ieschristinepicasso2\/files\/2020\/06\/Punto-de-recogida-24x11.jpg 24w, https:\/\/blogsaverroes.juntadeandalucia.es\/ieschristinepicasso2\/files\/2020\/06\/Punto-de-recogida-36x17.jpg 36w, https:\/\/blogsaverroes.juntadeandalucia.es\/ieschristinepicasso2\/files\/2020\/06\/Punto-de-recogida-48x22.jpg 48w, https:\/\/blogsaverroes.juntadeandalucia.es\/ieschristinepicasso2\/files\/2020\/06\/Punto-de-recogida.jpg 1405w\" sizes=\"(max-width: 300px) 100vw, 300px\" \/><\/a><\/p>\n<p style=\"text-align: center\"><a href=\"https:\/\/seneca.juntadeandalucia.es\/seneca\/puntoderecogida\/index.html\" target=\"_blank\" rel=\"noopener noreferrer\">(Pulse aqu\u00ed para acceder)<\/a><\/p>\n<h5 style=\"text-align: center\">&nbsp;<\/h5>\n<p style=\"text-align: center\">&nbsp;<\/p>\n","protected":false},"excerpt":{"rendered":"<p>MATRICULACI\u00d3N IES CHRISTINE PICASSO (29701350) 1 AL 12 DE JULIO DE 2021 Importante: Todo el alumno promocione o repita tiene que matricularse en julio en el curso siguiente en el que est\u00e9 este a\u00f1o.&#46;&#46;&#46;<\/p>\n","protected":false},"author":2271,"featured_media":0,"parent":0,"menu_order":0,"comment_status":"closed","ping_status":"closed","template":"","meta":{"ngg_post_thumbnail":0,"footnotes":"","_mc_calendar":[]},"aioseo_notices":[],"_links":{"self":[{"href":"https:\/\/blogsaverroes.juntadeandalucia.es\/ieschristinepicasso2\/wp-json\/wp\/v2\/pages\/3497"}],"collection":[{"href":"https:\/\/blogsaverroes.juntadeandalucia.es\/ieschristinepicasso2\/wp-json\/wp\/v2\/pages"}],"about":[{"href":"https:\/\/blogsaverroes.juntadeandalucia.es\/ieschristinepicasso2\/wp-json\/wp\/v2\/types\/page"}],"author":[{"embeddable":true,"href":"https:\/\/blogsaverroes.juntadeandalucia.es\/ieschristinepicasso2\/wp-json\/wp\/v2\/users\/2271"}],"replies":[{"embeddable":true,"href":"https:\/\/blogsaverroes.juntadeandalucia.es\/ieschristinepicasso2\/wp-json\/wp\/v2\/comments?post=3497"}],"version-history":[{"count":14,"href":"https:\/\/blogsaverroes.juntadeandalucia.es\/ieschristinepicasso2\/wp-json\/wp\/v2\/pages\/3497\/revisions"}],"predecessor-version":[{"id":3970,"href":"https:\/\/blogsaverroes.juntadeandalucia.es\/ieschristinepicasso2\/wp-json\/wp\/v2\/pages\/3497\/revisions\/3970"}],"wp:attachment":[{"href":"https:\/\/blogsaverroes.juntadeandalucia.es\/ieschristinepicasso2\/wp-json\/wp\/v2\/media?parent=3497"}],"curies":[{"name":"wp","href":"https:\/\/api.w.org\/{rel}","templated":true}]}}