{"id":3524,"date":"2020-10-18T19:36:43","date_gmt":"2020-10-18T19:36:43","guid":{"rendered":"https:\/\/blogsaverroes.juntadeandalucia.es\/ieschristinepicasso2\/?page_id=3524"},"modified":"2022-11-17T20:43:46","modified_gmt":"2022-11-17T20:43:46","slug":"oferta-educativa","status":"publish","type":"page","link":"https:\/\/blogsaverroes.juntadeandalucia.es\/ieschristinepicasso2\/oferta-educativa\/","title":{"rendered":"Oferta educativa"},"content":{"rendered":"<h1 style=\"text-align: center\"><span style=\"color: #339966\"><strong>Oferta Educativa<\/strong><\/span><\/h1>\n<h1 style=\"text-align: center\"><span style=\"color: #339966\"><strong>IES Christine Picasso de M\u00e1laga<\/strong><\/span><\/h1>\n<h3>&nbsp;<\/h3>\n<h3 style=\"text-align: center\"><strong><span style=\"color: #3366ff\">Educaci\u00f3n Secundaria Obligatoria Biling\u00fce de Franc\u00e9s<\/span><\/strong><\/h3>\n<p>&nbsp;<\/p>\n<h3 style=\"text-align: center\"><strong><span style=\"color: #3366ff\">1\u00ba ESO<\/span><span style=\"color: #3366ff\">&nbsp;<\/span><\/strong><\/h3>\n<h3 style=\"text-align: center\"><strong><span style=\"color: #3366ff\">2\u00ba ESO<\/span><span style=\"color: #3366ff\">&nbsp;<\/span><\/strong><\/h3>\n<h3 style=\"text-align: center\"><strong><span style=\"color: #3366ff\">3\u00ba ESO <\/span><\/strong><\/h3>\n<h3 style=\"text-align: center\"><strong><span style=\"color: #3366ff\">4\u00ba ESO<\/span><\/strong><\/h3>\n<h3 style=\"text-align: center\">&nbsp;<\/h3>\n","protected":false},"excerpt":{"rendered":"<p>Oferta Educativa IES Christine Picasso de M\u00e1laga &nbsp; Educaci\u00f3n Secundaria Obligatoria Biling\u00fce de Franc\u00e9s &nbsp; 1\u00ba ESO&nbsp; 2\u00ba ESO&nbsp; 3\u00ba ESO 4\u00ba ESO &nbsp;<\/p>\n","protected":false},"author":2271,"featured_media":0,"parent":0,"menu_order":0,"comment_status":"closed","ping_status":"closed","template":"","meta":{"ngg_post_thumbnail":0,"footnotes":"","_mc_calendar":[]},"aioseo_notices":[],"_links":{"self":[{"href":"https:\/\/blogsaverroes.juntadeandalucia.es\/ieschristinepicasso2\/wp-json\/wp\/v2\/pages\/3524"}],"collection":[{"href":"https:\/\/blogsaverroes.juntadeandalucia.es\/ieschristinepicasso2\/wp-json\/wp\/v2\/pages"}],"about":[{"href":"https:\/\/blogsaverroes.juntadeandalucia.es\/ieschristinepicasso2\/wp-json\/wp\/v2\/types\/page"}],"author":[{"embeddable":true,"href":"https:\/\/blogsaverroes.juntadeandalucia.es\/ieschristinepicasso2\/wp-json\/wp\/v2\/users\/2271"}],"replies":[{"embeddable":true,"href":"https:\/\/blogsaverroes.juntadeandalucia.es\/ieschristinepicasso2\/wp-json\/wp\/v2\/comments?post=3524"}],"version-history":[{"count":4,"href":"https:\/\/blogsaverroes.juntadeandalucia.es\/ieschristinepicasso2\/wp-json\/wp\/v2\/pages\/3524\/revisions"}],"predecessor-version":[{"id":4718,"href":"https:\/\/blogsaverroes.juntadeandalucia.es\/ieschristinepicasso2\/wp-json\/wp\/v2\/pages\/3524\/revisions\/4718"}],"wp:attachment":[{"href":"https:\/\/blogsaverroes.juntadeandalucia.es\/ieschristinepicasso2\/wp-json\/wp\/v2\/media?parent=3524"}],"curies":[{"name":"wp","href":"https:\/\/api.w.org\/{rel}","templated":true}]}}