{"id":353,"date":"2015-03-18T10:22:24","date_gmt":"2015-03-18T10:22:24","guid":{"rendered":"http:\/\/blogsaverroes.juntadeandalucia.es\/pre\/ceip\/?page_id=353"},"modified":"2017-11-22T17:21:02","modified_gmt":"2017-11-22T17:21:02","slug":"materiales-recursos","status":"publish","type":"page","link":"https:\/\/blogsaverroes.juntadeandalucia.es\/ieschristinepicasso2\/educacion-fisica\/materiales-recursos\/","title":{"rendered":"Materiales, recursos&#8230;"},"content":{"rendered":"<h4 style=\"text-align: left\"><a href=\"http:\/\/blogsaverroes.juntadeandalucia.es\/ieschristinepicasso\/files\/2015\/03\/Atletismo-4\u00baESO.pdf\" target=\"_blank\" rel=\"noopener\">Atletismo 4\u00ba ESO<\/a><\/h4>\n<h4 style=\"text-align: left\"><a href=\"http:\/\/blogsaverroes.juntadeandalucia.es\/ieschristinepicasso\/files\/2015\/03\/Apuntes-voleibol-3\u00ba-crispicasso.pdf\">Apuntes de Voleibol IES Christine Picasso<\/a><\/h4>\n<h4 style=\"text-align: left\"><a href=\"http:\/\/agrega.juntadeandalucia.es\/visualizar\/es\/es_2009071012_7280072\/false\" target=\"_blank\" rel=\"noopener\">Problemas m\u00fasculo-esquel\u00e9ticos<\/a><\/h4>\n<p><a href=\"http:\/\/agrega.juntadeandalucia.es\/visualizar\/es\/es_2009071012_7280072\/false\" target=\"_blank\" rel=\"noopener\"><img loading=\"lazy\" decoding=\"async\" class=\"size-medium wp-image-2054 alignleft\" src=\"http:\/\/blogsaverroes.juntadeandalucia.es\/ieschristinepicasso\/files\/2015\/03\/educacion_fisica01-300x225.jpg\" alt=\"educacion_fisica01\" width=\"300\" height=\"225\" srcset=\"https:\/\/blogsaverroes.juntadeandalucia.es\/ieschristinepicasso2\/files\/2015\/03\/educacion_fisica01-300x225.jpg 300w, https:\/\/blogsaverroes.juntadeandalucia.es\/ieschristinepicasso2\/files\/2015\/03\/educacion_fisica01.jpg 800w\" sizes=\"(max-width: 300px) 100vw, 300px\" \/><\/a><\/p>\n<p>&nbsp;<\/p>\n<p>&nbsp;<\/p>\n<p>&nbsp;<\/p>\n<p>&nbsp;<\/p>\n<p>&nbsp;<\/p>\n<p>&nbsp;<\/p>\n<p>&nbsp;<\/p>\n<p>El objeto de aprendizaje deber\u00e1 dar a conocer al usuario los problemas musculo-esquel\u00e9ticos m\u00e1s comunes en la adolescencia, sus causas y conductas para prevenirlos.<\/p>\n<p>&nbsp;<\/p>\n<h4><a href=\"http:\/\/agrega.juntadeandalucia.es\/visualizar\/es\/es_2009071012_7280072\/false\" target=\"_blank\" rel=\"noopener\">Atracci\u00f3n por el riesgo<\/a><\/h4>\n<p><a href=\"http:\/\/agrega.juntadeandalucia.es\/visualizar\/es\/es_2009071012_7280072\/false\" target=\"_blank\" rel=\"noopener\"><img loading=\"lazy\" decoding=\"async\" class=\" size-medium wp-image-2062 alignleft\" src=\"http:\/\/blogsaverroes.juntadeandalucia.es\/ieschristinepicasso\/files\/2015\/03\/educacion_fisica02-300x225.jpg\" alt=\"educacion_fisica02\" width=\"300\" height=\"225\" srcset=\"https:\/\/blogsaverroes.juntadeandalucia.es\/ieschristinepicasso2\/files\/2015\/03\/educacion_fisica02-300x225.jpg 300w, https:\/\/blogsaverroes.juntadeandalucia.es\/ieschristinepicasso2\/files\/2015\/03\/educacion_fisica02.jpg 800w\" sizes=\"(max-width: 300px) 100vw, 300px\" \/><\/a><\/p>\n<p>&nbsp;<\/p>\n<p>&nbsp;<\/p>\n<p>&nbsp;<\/p>\n<p>&nbsp;<\/p>\n<p>&nbsp;<\/p>\n<p>&nbsp;<\/p>\n<p>A lo largo de este OA se analizan diferentes situaciones en las que la juventud cruza la l\u00ednea y pone en riesgo su vida y la de los dem\u00e1s. \u00bfRealmente se disfruta buscando el riesgo?<\/p>\n","protected":false},"excerpt":{"rendered":"<p>Atletismo 4\u00ba ESO Apuntes de Voleibol IES Christine Picasso Problemas m\u00fasculo-esquel\u00e9ticos &nbsp; &nbsp; &nbsp; &nbsp; &nbsp; &nbsp; &nbsp; El objeto de aprendizaje deber\u00e1 dar a conocer al usuario los problemas musculo-esquel\u00e9ticos m\u00e1s comunes en&#46;&#46;&#46;<\/p>\n","protected":false},"author":1,"featured_media":0,"parent":176,"menu_order":0,"comment_status":"closed","ping_status":"open","template":"page-sc.php","meta":{"ngg_post_thumbnail":0,"footnotes":"","_mc_calendar":[]},"aioseo_notices":[],"_links":{"self":[{"href":"https:\/\/blogsaverroes.juntadeandalucia.es\/ieschristinepicasso2\/wp-json\/wp\/v2\/pages\/353"}],"collection":[{"href":"https:\/\/blogsaverroes.juntadeandalucia.es\/ieschristinepicasso2\/wp-json\/wp\/v2\/pages"}],"about":[{"href":"https:\/\/blogsaverroes.juntadeandalucia.es\/ieschristinepicasso2\/wp-json\/wp\/v2\/types\/page"}],"author":[{"embeddable":true,"href":"https:\/\/blogsaverroes.juntadeandalucia.es\/ieschristinepicasso2\/wp-json\/wp\/v2\/users\/1"}],"replies":[{"embeddable":true,"href":"https:\/\/blogsaverroes.juntadeandalucia.es\/ieschristinepicasso2\/wp-json\/wp\/v2\/comments?post=353"}],"version-history":[{"count":18,"href":"https:\/\/blogsaverroes.juntadeandalucia.es\/ieschristinepicasso2\/wp-json\/wp\/v2\/pages\/353\/revisions"}],"predecessor-version":[{"id":2931,"href":"https:\/\/blogsaverroes.juntadeandalucia.es\/ieschristinepicasso2\/wp-json\/wp\/v2\/pages\/353\/revisions\/2931"}],"up":[{"embeddable":true,"href":"https:\/\/blogsaverroes.juntadeandalucia.es\/ieschristinepicasso2\/wp-json\/wp\/v2\/pages\/176"}],"wp:attachment":[{"href":"https:\/\/blogsaverroes.juntadeandalucia.es\/ieschristinepicasso2\/wp-json\/wp\/v2\/media?parent=353"}],"curies":[{"name":"wp","href":"https:\/\/api.w.org\/{rel}","templated":true}]}}