{"id":3583,"date":"2020-10-27T07:31:48","date_gmt":"2020-10-27T07:31:48","guid":{"rendered":"https:\/\/blogsaverroes.juntadeandalucia.es\/ieschristinepicasso2\/?page_id=3583"},"modified":"2020-11-07T15:22:45","modified_gmt":"2020-11-07T15:22:45","slug":"aviso-legal-politica-de-privacidad-y-de-cookies","status":"publish","type":"page","link":"https:\/\/blogsaverroes.juntadeandalucia.es\/ieschristinepicasso2\/aviso-legal-politica-de-privacidad-y-de-cookies\/","title":{"rendered":"Aviso legal pol\u00edtica de privacidad y de cookies"},"content":{"rendered":"<h4 style=\"text-align: center\">\u200b<span style=\"color: #0000ff\"> AVISO LEGAL POL\u00cdTICA DE PRIVACIDAD Y DE COKIES<\/span><br \/>\n<span style=\"color: #0000ff\">\u200b SITIO WEB DEL <\/span><br \/>\n<span style=\"color: #0000ff\">\u200b IES CHRISTINE PICASSO DE M\u00c1LAGA<\/span><\/h4>\n<h4>1. Titular del sitio web<\/h4>\n<p style=\"text-align: justify\">El IES CHRISTINE PICASSO DE M\u00c1LAGA con CIF: S-4111001-F y domicilio en C\/Rachmaninov, n\u00ba 4 29002 M\u00e1laga es la entidad Titular del sitio Web.<br \/>\nNuestro correo electr\u00f3nico de contacto:<\/p>\n<p style=\"text-align: justify\">29701350.edu@juntadeandalucia.es<\/p>\n<p style=\"text-align: justify\">El IES Christine Picasso de M\u00e1laga le informa sobre su Pol\u00edtica de Privacidad respecto del tratamiento y protecci\u00f3n de los datos de car\u00e1cter personal de los usuarios que puedan ser recabados por la navegaci\u00f3n a trav\u00e9s del sitio Web<\/p>\n<p style=\"text-align: justify\">https:\/\/blogsaverroes.juntadeandalucia.es\/ieschristinepicasso2\/<\/p>\n<p style=\"text-align: justify\">que tiene por objeto facilitar el conocimiento por el p\u00fablico en general del IES Christine Picasso de M\u00e1laga, de las actividades que realiza y de los servicios que presta.<\/p>\n<p style=\"text-align: justify\">En este sentido el Titular garantiza el cumplimiento de la normativa vigente en materia de protecci\u00f3n de datos personales, reflejada en la Ley Org\u00e1nica 3\/2018, de 5 de diciembre, de Protecci\u00f3n de Datos Personales y de Garant\u00eda de Derechos Digitales (LOPD GDD). Cumple tambi\u00e9n con el Reglamento (UE) 2016\/679 del Parlamento Europeo y del Consejo de 27 de abril de 2016 relativo a la protecci\u00f3n de las personas f\u00edsicas (RGPD).<\/p>\n<p style=\"text-align: justify\">El uso del sitio Web implica la aceptaci\u00f3n de esta Pol\u00edtica de Privacidad as\u00ed como las condiciones incluidas en el Aviso Legal.<br \/>\n\u200b<\/p>\n<h4>2. Identidad del responsable<\/h4>\n<p>El responsable del tratamiento de sus datos es:<br \/>\n\u2022 Secretar\u00eda General T\u00e9cnica de la Consejer\u00eda de Educaci\u00f3n y Deporte de la Junta de Andaluc\u00eda, con direcci\u00f3n en Avda. Juan Antonio de Vizarr\u00f3n, s\/n, Edificio Torretriana. 41071 Sevilla.<\/p>\n<h4>\u200b 3. Principios aplicados en el tratamiento de datos<\/h4>\n<p style=\"text-align: justify\">El acceso y\/o uso del sitio Web del IES Christine Picasso es totalmente voluntario y atribuye a quien lo realiza la condici\u00f3n de usuario. Todo usuario acepta, desde el mismo momento en el que accede, sin ning\u00fan tipo de reserva, el contenido de las presentes \u00abCondiciones Generales\u00bb as\u00ed como, en su caso, las \u00abCondiciones Particulares\u00bb que puedan complementarlas, sustituirlas o modificarlas en alg\u00fan sentido, en relaci\u00f3n con los servicios y contenidos de la Web. En consecuencia, el usuario deber\u00e1 leer detenidamente unas y otras antes del acceso y de la utilizaci\u00f3n de cualquier servicio de la Web bajo su entera responsabilidad.<\/p>\n<h4 style=\"text-align: justify\">4. Objeto y modificaci\u00f3n de condiciones<\/h4>\n<p style=\"text-align: justify\">\u2022 El IES. Christine Picasso pone a disposici\u00f3n de los usuarios la posibilidad de acceder a los contenidos y servicios de la Web siempre que lo hagan de acuerdo con lo previsto en las presentes Condiciones Generales.<br \/>\n\u2022 En cualquier caso, el IES Christine Picasso se reserva el derecho a, en cualquier momento y sin necesidad de previo aviso, modificar o eliminar el contenido, estructura, dise\u00f1o, servicios y condiciones de acceso y\/o uso de este sitio, siempre que lo estime oportuno.<\/p>\n<h4 style=\"text-align: justify\">5. Responsabilidad del usuario<\/h4>\n<p style=\"text-align: justify\">\u2022 El hiperenlace desde otro portal o p\u00e1gina Web se permite exclusivamente en las condiciones aqu\u00ed previstas.<br \/>\n\u2022 Los hiperenlaces solo podr\u00e1n establecerse con la home-page del Portal y nunca con p\u00e1ginas distintas a la primera p\u00e1gina del mismo, salvo autorizaci\u00f3n expresa.<br \/>\n\u2022 En ning\u00fan caso se podr\u00e1 dar a entender que el IES Christine Picasso autoriza el hiperenlace o que ha supervisado o asumido de cualquier forma los servicios o contenidos ofrecidos por la web desde la que se produce el hiperenlace.<br \/>\n\u2022 No se podr\u00e1n realizar manifestaciones o referencias falsas, incorrectas o inexactas sobre las p\u00e1ginas y servicios de esta Web.<br \/>\n\u2022 Se proh\u00edbe expl\u00edcitamente la creaci\u00f3n de cualquier tipo de browser o border environment sobre las p\u00e1ginas del IES Christine Picasso.<br \/>\n\u2022 No se podr\u00e1n incluir contenidos contrarios a los derechos de terceros, ni contrarios a la moral y las buenas costumbres aceptadas, ni contenidos o informaciones il\u00edcitas, en la p\u00e1gina web desde la que se establezca el hiperenlace.<br \/>\n\u2022 La existencia de un hiperenlace entre una p\u00e1gina web y el sitio web:<br \/>\nhttps:\/\/blogsaverroes.juntadeandalucia.es\/ieschristinepicasso2\/<br \/>\nno implica la existencia de relaciones entre el IES Christine Picasso y el propietario de esa p\u00e1gina, ni la aceptaci\u00f3n y aprobaci\u00f3n de sus contenidos y servicios.<br \/>\n\u2022 El usuario ser\u00e1 el \u00fanico responsable por el uso de este sitio y por el cumplimiento de estas condiciones generales en su totalidad. En consecuencia, el usuario se obliga a mantener en secreto, con el car\u00e1cter de informaci\u00f3n confidencial y reservada, cuando las tuviera, sus claves de acceso, contrase\u00f1as o datos similares asignados para acceder a cualquier servicio. Ser\u00e1 responsable de cualesquiera da\u00f1os y perjuicios de toda naturaleza derivados del mal uso realizado por s\u00ed o por terceros, consider\u00e1ndose este el producido como consecuencia de su negligencia, respondiendo de todos los da\u00f1os y perjuicios, as\u00ed como de los que pueda sufrir la Web o su Titular.<br \/>\n\u2022 Cualquier infracci\u00f3n de estas condiciones generales puede dar lugar al ejercicio de cualesquiera acciones judiciales que correspondan contra el usuario.<\/p>\n<h4 style=\"text-align: justify\">6. Protecci\u00f3n de datos<\/h4>\n<p style=\"text-align: justify\">El responsable del tratamiento de sus datos es:<br \/>\nSecretar\u00eda General T\u00e9cnica de la Consejer\u00eda de Educaci\u00f3n y Deporte de la Junta de Andaluc\u00eda, con direcci\u00f3n en Avda. Juan Antonio de Vizarr\u00f3n, s\/n, Edificio Torretriana. 41071 Sevilla.<\/p>\n<h4 style=\"text-align: justify\">7. Recopilaci\u00f3n y uso de los datos de car\u00e1cter personal<\/h4>\n<p style=\"text-align: left\">Se considera informaci\u00f3n personal cualquier dato que pueda utilizarse para identificar a una persona en particular o ponerse en contacto con ella.<br \/>\nPara navegar por https:\/\/blogsaverroes.juntadeandalucia.es\/ieschristinepicasso2\/<br \/>\nno es necesario que facilite ning\u00fan dato personal. Los casos en los que s\u00ed proporciona sus datos personales son los siguientes:<br \/>\n&#8211; Es posible que usted tenga que proporcionar datos de car\u00e1cter personal cuando contacte, al realizar un comentario en un art\u00edculo o p\u00e1gina con el IES Christine Picasso.<br \/>\n&#8211; El IES Christine Picasso puede compartir los datos de car\u00e1cter personal y utilizarlos de acuerdo con la presente Pol\u00edtica de Privacidad. Asimismo, puede combinarlos con otros datos para suministrar y mejorar los servicios y contenidos. Usted no est\u00e1 obligado a facilitar la informaci\u00f3n personal que le soliciten pero, si decide no proporcionarla, habr\u00e1 muchas ocasiones en las que no podr\u00e1 utilizar los servicios, o no recibir\u00e1 respuesta a las preguntas que pudiera plantear.<\/p>\n<p style=\"text-align: justify\">A continuaci\u00f3n se muestran algunos ejemplos de los tipos de informaci\u00f3n personal que el IES Christine Picasso puede recopilar y los posibles usos que puede darle.<\/p>\n<p style=\"text-align: justify\"><strong>Qu\u00e9 datos de car\u00e1cter personal se recopilan y c\u00f3mo se usa tu informaci\u00f3n personal<\/strong><\/p>\n<p style=\"text-align: justify\">Cuando utiliza el formulario de contacto y de incidencias de esta web se recopila su nombre y apellidos y su direcci\u00f3n de correo electr\u00f3nico, con el fin de poder responder a sus preguntas.<br \/>\nTambi\u00e9n se pueden utilizar sus datos de car\u00e1cter personal para fines internos, incluyendo an\u00e1lisis de datos y estad\u00edsticas, con el fin de mejorar los servicios y contenidos.<\/p>\n<p style=\"text-align: justify\"><strong>Otros terceros<\/strong><br \/>\nEs posible que el IES Christine Picasso tenga la obligaci\u00f3n de divulgar sus datos de car\u00e1cter personal por imperativo legal, en el marco de un procedimiento judicial o por requerimiento de una autoridad p\u00fablica o gubernamental, tanto de su pa\u00eds de residencia como del extranjero. Asimismo, se puede divulgar informaci\u00f3n sobre su persona si se considera que dicha divulgaci\u00f3n es necesaria o conveniente por razones de seguridad nacional, para cumplir la legislaci\u00f3n vigente o por otros motivos importantes de orden p\u00fablico.<br \/>\nEn el tratamiento de sus datos personales el Titular aplicar\u00e1 los siguientes principios que se ajustan a las exigencias del nuevo reglamento europeo de protecci\u00f3n de datos:<\/p>\n<p style=\"text-align: justify\"><strong>&nbsp; &nbsp; &nbsp; &nbsp; &nbsp; Principio de licitud, lealtad y transparencia<\/strong><br \/>\n&nbsp; &nbsp; &nbsp; &nbsp; &nbsp; El Titular siempre requerir\u00e1 el consentimiento para el tratamiento de sus datos personales que puede ser para uno o&nbsp; &nbsp; &nbsp; &nbsp; &nbsp; &nbsp; varios fines espec\u00edficos sobre los que se le informar\u00e1 previamente con absoluta transparencia.&nbsp; &nbsp; &nbsp; &nbsp; &nbsp;&nbsp;<\/p>\n<p style=\"text-align: justify\">&nbsp; &nbsp; &nbsp; &nbsp; &nbsp; <strong>Principio de minimizaci\u00f3n de datos<\/strong><br \/>\n&nbsp; &nbsp; &nbsp; &nbsp; &nbsp; El Titular le solicitar\u00e1 solo los datos estrictamente necesarios para el fin o los fines que los solicita.<\/p>\n<p style=\"text-align: justify\">&nbsp; <strong>&nbsp; &nbsp; &nbsp; &nbsp; Principio de limitaci\u00f3n del plazo de conservaci\u00f3n<\/strong><br \/>\n&nbsp; &nbsp; &nbsp; &nbsp; &nbsp; El plazo de conservaci\u00f3n de sus datos depender\u00e1 de las finalidades para las que los tratemos, seg\u00fan lo explicado a&nbsp; &nbsp; &nbsp; &nbsp; &nbsp; &nbsp; &nbsp; &nbsp; continuaci\u00f3n:<br \/>\n\u2022 Gestionar su registro como usuario de la plataforma MOODLE: Trataremos sus datos durante un periodo de hasta 6 a\u00f1os si usted es empleado o alumno\/a matriculado.<br \/>\n\u2022 Atenci\u00f3n a los usuarios a trav\u00e9s del formulario de contacto: Trataremos sus datos durante el tiempo que sea necesario para atender su solicitud o petici\u00f3n.<br \/>\n\u2022 An\u00e1lisis de usabilidad y de calidad: Trataremos sus datos puntualmente durante el tiempo en el que procedamos a realizar una acci\u00f3n.<br \/>\n\u2022 Principio de integridad y confidencialidad: Sus datos ser\u00e1n tratados de tal manera que su seguridad, confidencialidad e integridad est\u00e9n garantizadas. Debe saber que el Titular toma las precauciones necesarias para evitar el acceso no autorizado o uso indebido de los datos de sus usuarios por parte de terceros.<\/p>\n<h4 style=\"text-align: justify\">7. Sus derechos<\/h4>\n<p style=\"text-align: justify\">El Titular le informa que sobre sus datos personales tiene derecho a:<br \/>\n\u2022 Solicitar el acceso a los datos almacenados.<br \/>\n\u2022 Solicitar una rectificaci\u00f3n o la cancelaci\u00f3n.<br \/>\n\u2022 Solicitar la limitaci\u00f3n de su tratamiento.<br \/>\n\u2022 Oponerse al tratamiento.<br \/>\n\u2022 Solicitar la portabilidad de sus datos.<br \/>\nEl ejercicio de estos derechos es personal y, por tanto, debe ser ejercido directamente por el interesado, solicit\u00e1ndolo al Titular, lo que significa que cualquier usuario que haya facilitado sus datos en alg\u00fan momento puede dirigirse al Titular y pedir informaci\u00f3n sobre los datos que tiene almacenados y c\u00f3mo los ha obtenido, solicitar la rectificaci\u00f3n de los mismos, solicitar la portabilidad de sus datos personales, oponerse al tratamiento, limitar su uso o solicitar la cancelaci\u00f3n de esos datos en los ficheros del Titular.<br \/>\nPara ejercitar sus derechos de acceso, rectificaci\u00f3n, cancelaci\u00f3n, portabilidad y oposici\u00f3n tiene que enviar un correo electr\u00f3nico a 29701350.edu@juntadeandalucia.es junto con la prueba v\u00e1lida en derecho como una fotocopia del DNI o equivalente.<br \/>\nTiene derecho a la tutela judicial efectiva y a presentar una reclamaci\u00f3n ante la autoridad de control, en este caso, la Agencia Espa\u00f1ola de Protecci\u00f3n de Datos, si considera que el tratamiento de datos personales que le concierne infringe el Reglamento.<br \/>\n\u200b<\/p>\n<h4 style=\"text-align: justify\">8. Finalidad del tratamiento de datos personales<\/h4>\n<p style=\"text-align: justify\">Cuando se conecta al sitio Web para mandar un correo al Titular o se suscribe a su bolet\u00edn, est\u00e1 facilitando informaci\u00f3n de car\u00e1cter personal de la que el responsable es el Titular. Esta informaci\u00f3n puede incluir datos de car\u00e1cter personal como pueden ser su direcci\u00f3n IP, nombre y apellidos, direcci\u00f3n f\u00edsica, direcci\u00f3n de correo electr\u00f3nico, n\u00famero de tel\u00e9fono, y otra informaci\u00f3n. Al facilitar esta informaci\u00f3n da su consentimiento para que su informaci\u00f3n sea recopilada, utilizada, gestionada y almacenada por el administrador del sitio, solo como se describe en el Aviso Legal y en la presente Pol\u00edtica de Privacidad.<br \/>\nLos datos personales y la finalidad del tratamiento por parte del Titular es diferente seg\u00fan el sistema de captura de informaci\u00f3n.<br \/>\nFormularios de contacto: El Titular solicita datos personales entre los que pueden estar: Nombre y apellidos, direcci\u00f3n de correo electr\u00f3nico, n\u00famero de tel\u00e9fono y direcci\u00f3n de su sitio Web con la finalidad de responder a sus consultas.<br \/>\nPor ejemplo, el Titular utiliza esos datos para dar respuesta a sus mensajes, dudas, quejas, comentarios o inquietudes que pueda tener relativas a la informaci\u00f3n incluida en el sitio Web, los servicios que se prestan a trav\u00e9s del sitio Web, el tratamiento de sus datos personales, cuestiones referentes a los textos legales incluidos en el sitio Web, as\u00ed como cualquier otra consulta que pueda tener y que no est\u00e9 sujeta a las condiciones del sitio Web o de la contrataci\u00f3n.<br \/>\nExisten otras finalidades por las que el Titular trata sus datos personales:<br \/>\n\u2022 Para garantizar el cumplimiento de las condiciones recogidas en el Aviso Legal y en la ley aplicable. Esto puede incluir el desarrollo de herramientas y algoritmos que ayuden a este sitio Web a garantizar la confidencialidad de los datos personales que recoge.<br \/>\n\u2022 Para apoyar y mejorar los servicios que ofrece este sitio Web.<br \/>\n\u2022 Para analizar la navegaci\u00f3n. El Titular recoge otros datos no identificativos que se obtienen mediante el uso de cookies que se descargan en su ordenador cuando navega por el sitio Web cuyas caracter\u00edsticas y finalidad est\u00e1n detalladas en la Pol\u00edtica de Cookies.<br \/>\n\u2022 Para gestionar las redes sociales. El Titular tiene presencia en redes sociales. Si se hace seguidor en las redes sociales del Titular el tratamiento de los datos personales se regir\u00e1 por este apartado, as\u00ed como por aquellas condiciones de uso, pol\u00edticas de privacidad y normativas de acceso que pertenezcan a la red social que proceda en cada caso y que ha aceptado previamente.<br \/>\n\u200b<\/p>\n<h4 style=\"text-align: justify\">9. Seguridad de los datos personales<\/h4>\n<p style=\"text-align: left\">Para proteger sus datos personales el Titular toma todas las precauciones razonables y sigue las mejores pr\u00e1cticas de la industria para evitar su p\u00e9rdida, mal uso, acceso indebido, divulgaci\u00f3n, alteraci\u00f3n o destrucci\u00f3n de los mismos.<br \/>\nEl sitio Web est\u00e1 alojado en BLOGSAVERROES.JUNTADEANDALUCIA.ES<br \/>\nLa seguridad de sus datos est\u00e1 garantizada, ya que se toman todas las medidas de seguridad necesarias para ello. Puede consultar su pol\u00edtica de privacidad para tener m\u00e1s informaci\u00f3n.\u200b<\/p>\n<h4 style=\"text-align: justify\">10. Contenido de otros sitios web<\/h4>\n<p style=\"text-align: justify\">Las p\u00e1ginas de este sitio Web pueden incluir contenido incrustado (por ejemplo, v\u00eddeos, im\u00e1genes, art\u00edculos, etc.). El contenido incrustado de otras web se comporta exactamente de la misma manera que si hubiera visitado la otra web.<br \/>\nEstos sitios web pueden recopilar datos sobre usted, utilizar cookies, incrustar un c\u00f3digo de seguimiento adicional de terceros y supervisar su interacci\u00f3n usando este c\u00f3digo.<\/p>\n<h4 style=\"text-align: justify\">11. Pol\u00edtica de cookies<\/h4>\n<p style=\"text-align: justify\">Para que este sitio Web funcione correctamente necesita utilizar cookies, que es una informaci\u00f3n que se almacena en su navegador web.<br \/>\nEn la p\u00e1gina Pol\u00edtica de cookies puede consultar toda la informaci\u00f3n relativa a la pol\u00edtica de recogida, la finalidad y el tratamiento de las cookies.<\/p>\n<h4 style=\"text-align: justify\">12. Legitimaci\u00f3n para el tratamiento de datos<\/h4>\n<p style=\"text-align: justify\">La base legal para el tratamiento de sus datos es el consentimiento.<br \/>\nPara contactar con el Titular, suscribirse a un bolet\u00edn o realizar comentarios en este sitio Web tiene que aceptar la presente Pol\u00edtica de Privacidad.<\/p>\n<h4 style=\"text-align: justify\">13. Navegaci\u00f3n Web<\/h4>\n<p style=\"text-align: left\">Al navegar por https:\/\/blogsaverroes.juntadeandalucia.es\/ieschristinepicasso2\/<br \/>\nse pueden recoger datos no identificativos, que pueden incluir la direcci\u00f3n IP, geolocalizaci\u00f3n, un registro de c\u00f3mo se utilizan los servicios y sitios, h\u00e1bitos de navegaci\u00f3n y otros datos que no pueden ser utilizados para identificarle.<br \/>\nEl Titular utiliza la informaci\u00f3n obtenida para obtener datos estad\u00edsticos, analizar tendencias, administrar el sitio, estudiar patrones de navegaci\u00f3n y para recopilar informaci\u00f3n demogr\u00e1fica.<\/p>\n<h4 style=\"text-align: justify\">14. Exactitud y veracidad de los datos personales<\/h4>\n<p style=\"text-align: justify\">Usted se compromete a que los datos facilitados al Titular sean correctos, completos, exactos y vigentes, as\u00ed como a mantenerlos debidamente actualizados.<br \/>\nComo Usuario del sitio Web usted es el \u00fanico responsable de la veracidad y correcci\u00f3n de los datos que remita al sitio exonerando al Titular de cualquier responsabilidad al respecto.<\/p>\n<h4 style=\"text-align: justify\">15. Aceptaci\u00f3n y consentimiento<\/h4>\n<p style=\"text-align: justify\">Como Usuario del sitio Web declara haber sido informado de las condiciones sobre protecci\u00f3n de datos de car\u00e1cter personal, acepta y consiente el tratamiento de los mismos por parte del Titular en la forma y para las finalidades indicadas en esta Pol\u00edtica de Privacidad.<\/p>\n<h4 style=\"text-align: justify\">16. Revocabilidad<\/h4>\n<p style=\"text-align: justify\">Para ejercitar sus derechos de acceso, rectificaci\u00f3n, cancelaci\u00f3n, portabilidad y oposici\u00f3n tiene que enviar un correo electr\u00f3nico a 29701350.edu@juntadeandalucia.es junto con la prueba v\u00e1lida en derecho como una fotocopia del DNI o equivalente.<br \/>\nEl ejercicio de sus derechos no incluye ning\u00fan dato que el Titular est\u00e9 obligado a conservar con fines administrativos, legales o de seguridad.<\/p>\n<h4 style=\"text-align: justify\">17. C\u00f3mo gestionar las cookies en su equipo: la desactivaci\u00f3n y eliminaci\u00f3n de las cookies<\/h4>\n<p style=\"text-align: justify\">Todos los navegadores de Internet le permiten limitar el comportamiento de una cookie o desactivar las cookies dentro de la configuraci\u00f3n o las opciones del navegador. Los pasos para hacerlo son diferentes para cada navegador, y se pueden encontrar instrucciones en el men\u00fa de ayuda de su navegador.<br \/>\nSi no acepta el uso de las cookies, ya que es posible gracias a los men\u00fas de preferencias o ajustes de su navegador, rechazarlas, este sitio Web seguir\u00e1 funcionando adecuadamente sin el uso de las mismas.<br \/>\nPuede usted permitir, bloquear o eliminar las cookies instaladas en su equipo mediante la configuraci\u00f3n de las opciones del navegador instalado en su ordenador:<\/p>\n<p style=\"text-align: justify\">\u2022 Para m\u00e1s informaci\u00f3n sobre Microsoft Edge pulse aqu\u00ed.<br \/>\n\u2022 Para m\u00e1s informaci\u00f3n sobre Internet Explorer pulse aqu\u00ed.<br \/>\n\u2022 Para m\u00e1s informaci\u00f3n sobre Google Chrome pulse aqu\u00ed.<br \/>\n\u2022 Para m\u00e1s informaci\u00f3n sobre Safari pulse aqu\u00ed.<br \/>\n\u2022 Para m\u00e1s informaci\u00f3n sobre Mozilla Firefox pulse aqu\u00ed.<br \/>\n\u2022 Para m\u00e1s informaci\u00f3n sobre Opera pulse aqu\u00ed.<\/p>\n<p style=\"text-align: justify\">A trav\u00e9s de su navegador, usted tambi\u00e9n puede ver las cookies que est\u00e1n en su ordenador, y borrarlas seg\u00fan crea conveniente. Las cookies son archivos de texto, los puede abrir y leer el contenido. Los datos dentro de ellos casi siempre est\u00e1n cifrados con una clave num\u00e9rica que corresponde a una sesi\u00f3n en Internet, por lo que muchas veces no tiene sentido m\u00e1s all\u00e1 de la p\u00e1gina web que lo escribi\u00f3.<br \/>\nEl Titular tratar\u00e1 sus datos personales con la finalidad de administrar correctamente su presencia en la red social, informarle de sus actividades, productos o servicios, as\u00ed como para cualquier otra finalidad que las normativas de las redes sociales permitan.<br \/>\nEn ning\u00fan caso el Titular utilizar\u00e1 los perfiles de seguidores en redes sociales para enviar publicidad de manera individual.<br \/>\n\u200b<\/p>\n<h4 style=\"text-align: justify\">18. Cambios en la Pol\u00edtica de Privacidad<\/h4>\n<p style=\"text-align: justify\">El Titular se reserva el derecho a modificar la presente Pol\u00edtica de Privacidad para adaptarla a novedades legislativas o jurisprudenciales, as\u00ed como a pr\u00e1cticas de la industria.<br \/>\nEstas pol\u00edticas estar\u00e1n vigentes hasta que sean modificadas por otras debidamente publicadas.<\/p>\n","protected":false},"excerpt":{"rendered":"<p>\u200b AVISO LEGAL POL\u00cdTICA DE PRIVACIDAD Y DE COKIES \u200b SITIO WEB DEL \u200b IES CHRISTINE PICASSO DE M\u00c1LAGA 1. Titular del sitio web El IES CHRISTINE PICASSO DE M\u00c1LAGA con CIF: S-4111001-F y&#46;&#46;&#46;<\/p>\n","protected":false},"author":2271,"featured_media":0,"parent":0,"menu_order":0,"comment_status":"closed","ping_status":"closed","template":"","meta":{"ngg_post_thumbnail":0,"footnotes":"","_mc_calendar":[]},"aioseo_notices":[],"_links":{"self":[{"href":"https:\/\/blogsaverroes.juntadeandalucia.es\/ieschristinepicasso2\/wp-json\/wp\/v2\/pages\/3583"}],"collection":[{"href":"https:\/\/blogsaverroes.juntadeandalucia.es\/ieschristinepicasso2\/wp-json\/wp\/v2\/pages"}],"about":[{"href":"https:\/\/blogsaverroes.juntadeandalucia.es\/ieschristinepicasso2\/wp-json\/wp\/v2\/types\/page"}],"author":[{"embeddable":true,"href":"https:\/\/blogsaverroes.juntadeandalucia.es\/ieschristinepicasso2\/wp-json\/wp\/v2\/users\/2271"}],"replies":[{"embeddable":true,"href":"https:\/\/blogsaverroes.juntadeandalucia.es\/ieschristinepicasso2\/wp-json\/wp\/v2\/comments?post=3583"}],"version-history":[{"count":5,"href":"https:\/\/blogsaverroes.juntadeandalucia.es\/ieschristinepicasso2\/wp-json\/wp\/v2\/pages\/3583\/revisions"}],"predecessor-version":[{"id":3695,"href":"https:\/\/blogsaverroes.juntadeandalucia.es\/ieschristinepicasso2\/wp-json\/wp\/v2\/pages\/3583\/revisions\/3695"}],"wp:attachment":[{"href":"https:\/\/blogsaverroes.juntadeandalucia.es\/ieschristinepicasso2\/wp-json\/wp\/v2\/media?parent=3583"}],"curies":[{"name":"wp","href":"https:\/\/api.w.org\/{rel}","templated":true}]}}