{"id":3662,"date":"2020-11-02T09:12:10","date_gmt":"2020-11-02T09:12:10","guid":{"rendered":"https:\/\/blogsaverroes.juntadeandalucia.es\/ieschristinepicasso2\/?page_id=3662"},"modified":"2020-11-03T15:27:42","modified_gmt":"2020-11-03T15:27:42","slug":"coordinacion-tde","status":"publish","type":"page","link":"https:\/\/blogsaverroes.juntadeandalucia.es\/ieschristinepicasso2\/coordinacion-tde\/","title":{"rendered":"Coordinaci\u00f3n TDE"},"content":{"rendered":"<h3 style=\"text-align: center\"><span style=\"color: #0000ff\"><strong>FUNCIONES DE LA COORDINACI\u00d3N TDE<\/strong><\/span><\/h3>\n<p>&nbsp;<\/p>\n<p>La responsabilidad m\u00e1s importante de la coordinaci\u00f3n TDE es la de dinamizar la experiencia educativa, generando el entusiasmo por el uso de las TIC.<\/p>\n<p>El coordinador tendr\u00e1 los siguientes objetivos para el TDE:<\/p>\n<p>a) Dinamizar el proceso de transformaci\u00f3n.<br \/>\nb) Servir de enlace entre los diferentes sectores de la comunidad educativa y los<br \/>\nServicios Centrales.<br \/>\nc) Facilitar la mentor\u00eda interna y el aprendizaje horizontal.<br \/>\nd) Difundir los Marcos de Referencia de la Competencia Digital y las herramientas para<br \/>\nla TDE implementadas en el sistema de informaci\u00f3n S\u00e9neca.<br \/>\ne) Difundir los logros del centro, actuando como Community Manager.<br \/>\nf) Garantizar que se tienen en cuenta aspectos inclusivos en el proceso de TDE.<br \/>\ng) Ejercer el liderazgo delegado para la realizaci\u00f3n de las anteriores funciones.<\/p>\n<p>&nbsp;<br \/>\nY continuar\u00e1 con los asumidos por el proyectos TIC08 y Plan Escuela Tic 2.0&nbsp; integrados en el Plan de digitalizaci\u00f3n (TDE)<\/p>\n<p>1. Fomentar la creaci\u00f3n de contenidos educativos por el profesorado del centro y su<br \/>\ndifusi\u00f3n a toda la comunidad educativa.<\/p>\n<p>2. Administrar las herramientas educativas y facilitar su utilizaci\u00f3n por el profesorado.<\/p>\n<p>3. Administrar los recursos inform\u00e1ticos.<\/p>\n<p>4. Cumplimentar cuestionarios, memorias as\u00ed como certificar la participaci\u00f3n del<br \/>\nprofesorado participante en el proyecto.<\/p>\n<p>5 . Administrar las plataformas educativas Moodle de contenidos educativos y<br \/>\ncoordinar su funcionamiento.<\/p>\n<p>6. Administrar la plataforma PASEN y gestionar las cuentas de usuarios y usuarias<\/p>\n<p>7. Coordinar la elaboraci\u00f3n y actualizaci\u00f3n de la p\u00e1gina web del centro.<\/p>\n<p>8. Actuar de enlace entre el centro educativo y el Centro de Gesti\u00f3n Avanzada (CGA) de la<br \/>\nConsejer\u00eda de Educaci\u00f3n, para facilitar la gesti\u00f3n remota de la dotaci\u00f3n e instalaciones<br \/>\ndel centro.<br \/>\n9. Dar las correspondientes incidencias al CSME que se den en los equipos inform\u00e1ticos o en la red del Centro.<\/p>\n","protected":false},"excerpt":{"rendered":"<p>FUNCIONES DE LA COORDINACI\u00d3N TDE &nbsp; La responsabilidad m\u00e1s importante de la coordinaci\u00f3n TDE es la de dinamizar la experiencia educativa, generando el entusiasmo por el uso de las TIC. El coordinador tendr\u00e1 los&#46;&#46;&#46;<\/p>\n","protected":false},"author":2271,"featured_media":0,"parent":0,"menu_order":0,"comment_status":"closed","ping_status":"closed","template":"","meta":{"ngg_post_thumbnail":0,"footnotes":"","_mc_calendar":[]},"aioseo_notices":[],"_links":{"self":[{"href":"https:\/\/blogsaverroes.juntadeandalucia.es\/ieschristinepicasso2\/wp-json\/wp\/v2\/pages\/3662"}],"collection":[{"href":"https:\/\/blogsaverroes.juntadeandalucia.es\/ieschristinepicasso2\/wp-json\/wp\/v2\/pages"}],"about":[{"href":"https:\/\/blogsaverroes.juntadeandalucia.es\/ieschristinepicasso2\/wp-json\/wp\/v2\/types\/page"}],"author":[{"embeddable":true,"href":"https:\/\/blogsaverroes.juntadeandalucia.es\/ieschristinepicasso2\/wp-json\/wp\/v2\/users\/2271"}],"replies":[{"embeddable":true,"href":"https:\/\/blogsaverroes.juntadeandalucia.es\/ieschristinepicasso2\/wp-json\/wp\/v2\/comments?post=3662"}],"version-history":[{"count":4,"href":"https:\/\/blogsaverroes.juntadeandalucia.es\/ieschristinepicasso2\/wp-json\/wp\/v2\/pages\/3662\/revisions"}],"predecessor-version":[{"id":3690,"href":"https:\/\/blogsaverroes.juntadeandalucia.es\/ieschristinepicasso2\/wp-json\/wp\/v2\/pages\/3662\/revisions\/3690"}],"wp:attachment":[{"href":"https:\/\/blogsaverroes.juntadeandalucia.es\/ieschristinepicasso2\/wp-json\/wp\/v2\/media?parent=3662"}],"curies":[{"name":"wp","href":"https:\/\/api.w.org\/{rel}","templated":true}]}}