{"id":3544,"date":"2025-05-08T18:03:09","date_gmt":"2025-05-08T18:03:09","guid":{"rendered":"https:\/\/blogsaverroes.juntadeandalucia.es\/iesciudaddearjona\/?page_id=3544"},"modified":"2025-06-01T17:47:28","modified_gmt":"2025-06-01T17:47:28","slug":"contacto","status":"publish","type":"page","link":"https:\/\/blogsaverroes.juntadeandalucia.es\/iesciudaddearjona\/contacto\/","title":{"rendered":"Contacto"},"content":{"rendered":"<h1 style=\"text-align: center\">IES CIUDAD DE ARJONA&nbsp;<br \/>\n&nbsp;C\/ San Nicasio, s\/n<br \/>\n23760 Arjona (Ja\u00e9n)<\/h1>\n<h3 style=\"text-align: center\">Tel\u00e9fono: 953 53 95 88<br \/>\nEmail: 23000261@juntadeandalucia.es<\/h3>\n<h3 style=\"text-align: center\">Horario: 8:00 &#8211; 14:30<br \/>\nSecretar\u00eda, horario atenci\u00f3n al p\u00fablico: 10:00 &#8211; 13:00<br \/>\n&nbsp;<br \/>\n<iframe loading=\"lazy\" src=\"https:\/\/www.google.com\/maps\/embed?pb=!1m18!1m12!1m3!1d3416.651645248879!2d-4.0638377837534145!3d37.935764609926316!2m3!1f0!2f0!3f0!3m2!1i1024!2i768!4f13.1!3m3!1m2!1s0xd6c3563e3108f6d%3A0x5a773fc11bdc1ff6!2sC.%20San%20Nicasio%2C%2034%2C%2023760%20Arjona%2C%20Ja%C3%A9n!5e0!3m2!1ses!2ses!4v1746352163574!5m2!1ses!2ses\" width=\"600\" height=\"450\"><\/iframe><br \/>\n&nbsp;<\/h3>\n","protected":false},"excerpt":{"rendered":"<p>IES CIUDAD DE ARJONA&nbsp; &nbsp;C\/ San Nicasio, s\/n 23760 Arjona (Ja\u00e9n) Tel\u00e9fono: 953 53 95 88 Email: 23000261@juntadeandalucia.es Horario: 8:00 &#8211; 14:30 Secretar\u00eda, horario atenci\u00f3n&hellip;<\/p>\n","protected":false},"author":11923,"featured_media":0,"parent":0,"menu_order":0,"comment_status":"closed","ping_status":"closed","template":"","meta":{"ngg_post_thumbnail":0,"footnotes":"","_mc_calendar":[]},"aioseo_notices":[],"_links":{"self":[{"href":"https:\/\/blogsaverroes.juntadeandalucia.es\/iesciudaddearjona\/wp-json\/wp\/v2\/pages\/3544"}],"collection":[{"href":"https:\/\/blogsaverroes.juntadeandalucia.es\/iesciudaddearjona\/wp-json\/wp\/v2\/pages"}],"about":[{"href":"https:\/\/blogsaverroes.juntadeandalucia.es\/iesciudaddearjona\/wp-json\/wp\/v2\/types\/page"}],"author":[{"embeddable":true,"href":"https:\/\/blogsaverroes.juntadeandalucia.es\/iesciudaddearjona\/wp-json\/wp\/v2\/users\/11923"}],"replies":[{"embeddable":true,"href":"https:\/\/blogsaverroes.juntadeandalucia.es\/iesciudaddearjona\/wp-json\/wp\/v2\/comments?post=3544"}],"version-history":[{"count":6,"href":"https:\/\/blogsaverroes.juntadeandalucia.es\/iesciudaddearjona\/wp-json\/wp\/v2\/pages\/3544\/revisions"}],"predecessor-version":[{"id":3562,"href":"https:\/\/blogsaverroes.juntadeandalucia.es\/iesciudaddearjona\/wp-json\/wp\/v2\/pages\/3544\/revisions\/3562"}],"wp:attachment":[{"href":"https:\/\/blogsaverroes.juntadeandalucia.es\/iesciudaddearjona\/wp-json\/wp\/v2\/media?parent=3544"}],"curies":[{"name":"wp","href":"https:\/\/api.w.org\/{rel}","templated":true}]}}