{"id":155,"date":"2015-03-17T07:49:21","date_gmt":"2015-03-17T07:49:21","guid":{"rendered":"http:\/\/blogsaverroes.juntadeandalucia.es\/pre\/ceip\/?page_id=155"},"modified":"2025-11-09T14:30:42","modified_gmt":"2025-11-09T12:30:42","slug":"ingles","status":"publish","type":"page","link":"https:\/\/blogsaverroes.juntadeandalucia.es\/iesclaracampoamor\/ingles\/","title":{"rendered":"Lengua Castellana y Literatura"},"content":{"rendered":"<p><img loading=\"lazy\" decoding=\"async\" class=\"aligncenter size-medium wp-image-2126\" src=\"http:\/\/blogsaverroes.juntadeandalucia.es\/temahuemanies\/files\/2015\/03\/lengua-300x200.jpg\" alt=\"lengua\" width=\"300\" height=\"200\" srcset=\"https:\/\/blogsaverroes.juntadeandalucia.es\/iesclaracampoamor\/files\/2015\/03\/lengua-300x200.jpg 300w, https:\/\/blogsaverroes.juntadeandalucia.es\/iesclaracampoamor\/files\/2015\/03\/lengua.jpg 640w\" sizes=\"(max-width: 300px) 100vw, 300px\" \/><\/p>\n<p>&nbsp;<\/p>\n<h2><span style=\"color: #ff0000\">PUBLICACIONES 25-26<\/span><\/h2>\n<p><a class=\"cboxElement\" href=\"https:\/\/blogsaverroes.juntadeandalucia.es\/iesclaracampoamor\/files\/2023\/11\/R%C3%B3tulo-Criterios.png\"><img loading=\"lazy\" decoding=\"async\" class=\"alignnone wp-image-3322\" src=\"https:\/\/blogsaverroes.juntadeandalucia.es\/iesclaracampoamor\/files\/2023\/11\/R%C3%B3tulo-Criterios-300x65.png\" alt=\"\" width=\"344\" height=\"84\"><\/a><\/p>\n<p>&nbsp;<\/p>\n<p>&nbsp;<a href=\"https:\/\/blogsaverroes.juntadeandalucia.es\/iesclaracampoamor\/files\/2024\/11\/z9-Todo-lengua.pdf\">Criterios del departamento&nbsp;&nbsp;<\/a><\/p>\n<p>&nbsp;<\/p>\n<ul>\n<li><a href=\"https:\/\/blogsaverroes.juntadeandalucia.es\/iesclaracampoamor\/files\/2025\/11\/I-Lengua-Recuperac.-de-pendientes-de-Lengua.-Carta-para-las-familias.pdf\">Plan de recuperaci\u00f3n pendientes 25-26<\/a><\/li>\n<\/ul>\n<p>&nbsp;<\/p>\n<h6><span style=\"color: #e0dcdc\"><strong>En el pdf se podr\u00e1n encontrar las siguientes materias y en este orden:<\/strong><\/span><\/h6>\n<h6><span style=\"color: #808080\">Evaluaci\u00f3n de Lengua y Literatura 1\u00ba 2\u00ba 3\u00ba 4\u00ba&nbsp;<\/span><\/h6>\n<h6><span style=\"color: #808080\">Evaluaci\u00f3n de ASE 4\u00ba (Aprendizaje Social y Emocional)<\/span><\/h6>\n<h6><span style=\"color: #808080\">Evaluaci\u00f3n de Cultura Cl\u00e1sica 1\u00ba 2\u00ba 3\u00ba y ampliaci\u00f3n<\/span><\/h6>\n<h6><span style=\"color: #808080\">Evaluaci\u00f3n de ALCT 1\u00ba (\u00c1rea Ling\u00fc\u00edstica car\u00e1cter Transversal )<\/span><\/h6>\n<h6><span style=\"color: #808080\">Evaluaci\u00f3n de FOPP Formaci\u00f3n y Orientaci\u00f3n personal y profesional 4\u00ba<\/span><\/h6>\n<h6><span style=\"color: #808080\">Evaluaci\u00f3n de Lat\u00edn 4\u00ba<\/span><\/h6>\n<h6><span style=\"color: #808080\">Evaluaci\u00f3n de Oratoria y Debate 1\u00ba 2\u00ba 3\u00ba&nbsp;<\/span><\/h6>\n<p>&nbsp;<\/p>\n<p>&nbsp;<\/p>\n","protected":false},"excerpt":{"rendered":"<p>&nbsp; PUBLICACIONES 25-26 &nbsp; &nbsp;Criterios del departamento&nbsp;&nbsp; &nbsp; Plan de recuperaci\u00f3n pendientes 25-26 &nbsp; En el pdf se podr\u00e1n encontrar las siguientes materias y en este orden: Evaluaci\u00f3n de Lengua y Literatura 1\u00ba 2\u00ba&#46;&#46;&#46;<\/p>\n","protected":false},"author":1,"featured_media":0,"parent":0,"menu_order":0,"comment_status":"open","ping_status":"open","template":"","meta":{"ngg_post_thumbnail":0,"footnotes":"","_mc_calendar":[]},"aioseo_notices":[],"_links":{"self":[{"href":"https:\/\/blogsaverroes.juntadeandalucia.es\/iesclaracampoamor\/wp-json\/wp\/v2\/pages\/155"}],"collection":[{"href":"https:\/\/blogsaverroes.juntadeandalucia.es\/iesclaracampoamor\/wp-json\/wp\/v2\/pages"}],"about":[{"href":"https:\/\/blogsaverroes.juntadeandalucia.es\/iesclaracampoamor\/wp-json\/wp\/v2\/types\/page"}],"author":[{"embeddable":true,"href":"https:\/\/blogsaverroes.juntadeandalucia.es\/iesclaracampoamor\/wp-json\/wp\/v2\/users\/1"}],"replies":[{"embeddable":true,"href":"https:\/\/blogsaverroes.juntadeandalucia.es\/iesclaracampoamor\/wp-json\/wp\/v2\/comments?post=155"}],"version-history":[{"count":14,"href":"https:\/\/blogsaverroes.juntadeandalucia.es\/iesclaracampoamor\/wp-json\/wp\/v2\/pages\/155\/revisions"}],"predecessor-version":[{"id":3587,"href":"https:\/\/blogsaverroes.juntadeandalucia.es\/iesclaracampoamor\/wp-json\/wp\/v2\/pages\/155\/revisions\/3587"}],"wp:attachment":[{"href":"https:\/\/blogsaverroes.juntadeandalucia.es\/iesclaracampoamor\/wp-json\/wp\/v2\/media?parent=155"}],"curies":[{"name":"wp","href":"https:\/\/api.w.org\/{rel}","templated":true}]}}