{"id":164,"date":"2015-03-17T07:52:28","date_gmt":"2015-03-17T07:52:28","guid":{"rendered":"http:\/\/blogsaverroes.juntadeandalucia.es\/pre\/ceip\/?page_id=164"},"modified":"2025-11-09T14:28:23","modified_gmt":"2025-11-09T12:28:23","slug":"ingles-2","status":"publish","type":"page","link":"https:\/\/blogsaverroes.juntadeandalucia.es\/iesclaracampoamor\/ingles-2\/","title":{"rendered":"Ingl\u00e9s"},"content":{"rendered":"<p><img loading=\"lazy\" decoding=\"async\" class=\"aligncenter wp-image-2116\" src=\"http:\/\/blogsaverroes.juntadeandalucia.es\/temahuemanies\/files\/2015\/03\/ingles-300x80.png\" alt=\"ingles\" width=\"450\" height=\"120\" srcset=\"https:\/\/blogsaverroes.juntadeandalucia.es\/iesclaracampoamor\/files\/2015\/03\/ingles-300x80.png 300w, https:\/\/blogsaverroes.juntadeandalucia.es\/iesclaracampoamor\/files\/2015\/03\/ingles.png 640w\" sizes=\"(max-width: 450px) 100vw, 450px\" \/><\/p>\n<h2>&nbsp;<\/h2>\n<h2><span style=\"color: #ff0000\">PUBLICACIONES 25-26<\/span><\/h2>\n<p><a class=\"cboxElement\" href=\"https:\/\/blogsaverroes.juntadeandalucia.es\/iesclaracampoamor\/files\/2023\/11\/R%C3%B3tulo-Criterios.png\"><img loading=\"lazy\" decoding=\"async\" class=\"alignnone wp-image-3322\" src=\"https:\/\/blogsaverroes.juntadeandalucia.es\/iesclaracampoamor\/files\/2023\/11\/R%C3%B3tulo-Criterios-300x65.png\" alt=\"\" width=\"331\" height=\"81\"><\/a><\/p>\n<p><a href=\"https:\/\/blogsaverroes.juntadeandalucia.es\/iesclaracampoamor\/files\/2024\/11\/z8-ingles.pdf\">&nbsp; Criterios del departamento.&nbsp;<\/a><\/p>\n<ul>\n<li><a href=\"https:\/\/blogsaverroes.juntadeandalucia.es\/iesclaracampoamor\/files\/2025\/11\/H-ing-PLAN-DE-RECUPERACION-DE-PENDIENTES.pdf\">Plan de recuperaci\u00f3n pendientes 25-26<\/a><\/li>\n<\/ul>\n<h3>&nbsp;<\/h3>\n<p>&nbsp;<\/p>\n<p>&nbsp;<\/p>\n<p>&nbsp;<\/p>\n<h3><span style=\"color: #0000ff\">PUBLICACIONES 23-24<\/span><\/h3>\n<h3><span style=\"color: #ff0000\">NUEVA EXPOSICI\u00d3N MARZO 2024<\/span><\/h3>\n<h3><span style=\"color: #3366ff\"><span style=\"color: #ff0000\">PINCHA<\/span> <strong><a href=\"https:\/\/blogsaverroes.juntadeandalucia.es\/iesclaracampoamor\/files\/2024\/05\/shakespeare-in-love.pdf\"><span style=\"color: #ff00ff\">AQU\u00cd<\/span><\/a>&nbsp;<\/strong> <span style=\"color: #ff0000\">PARA VER LA EXPO COMPLETA<\/span><\/span><\/h3>\n<p>&nbsp;<\/p>\n<p><a href=\"https:\/\/blogsaverroes.juntadeandalucia.es\/iesclaracampoamor\/files\/2024\/05\/shakespeare-in-love.pdf\"><img loading=\"lazy\" decoding=\"async\" class=\"alignnone wp-image-3443\" src=\"https:\/\/blogsaverroes.juntadeandalucia.es\/iesclaracampoamor\/files\/2024\/05\/shak-foto-300x149.gif\" alt=\"\" width=\"404\" height=\"208\"><\/a><\/p>\n<p>&nbsp;<\/p>\n<p>&nbsp;<\/p>\n<p>&nbsp;<\/p>\n<p>&nbsp;<\/p>\n","protected":false},"excerpt":{"rendered":"<p>&nbsp; PUBLICACIONES 25-26 &nbsp; Criterios del departamento.&nbsp; Plan de recuperaci\u00f3n pendientes 25-26 &nbsp; &nbsp; &nbsp; &nbsp; PUBLICACIONES 23-24 NUEVA EXPOSICI\u00d3N MARZO 2024 PINCHA AQU\u00cd&nbsp; PARA VER LA EXPO COMPLETA &nbsp; &nbsp; &nbsp; &nbsp; &nbsp;<\/p>\n","protected":false},"author":1,"featured_media":0,"parent":0,"menu_order":0,"comment_status":"open","ping_status":"open","template":"","meta":{"ngg_post_thumbnail":0,"footnotes":"","_mc_calendar":[]},"aioseo_notices":[],"_links":{"self":[{"href":"https:\/\/blogsaverroes.juntadeandalucia.es\/iesclaracampoamor\/wp-json\/wp\/v2\/pages\/164"}],"collection":[{"href":"https:\/\/blogsaverroes.juntadeandalucia.es\/iesclaracampoamor\/wp-json\/wp\/v2\/pages"}],"about":[{"href":"https:\/\/blogsaverroes.juntadeandalucia.es\/iesclaracampoamor\/wp-json\/wp\/v2\/types\/page"}],"author":[{"embeddable":true,"href":"https:\/\/blogsaverroes.juntadeandalucia.es\/iesclaracampoamor\/wp-json\/wp\/v2\/users\/1"}],"replies":[{"embeddable":true,"href":"https:\/\/blogsaverroes.juntadeandalucia.es\/iesclaracampoamor\/wp-json\/wp\/v2\/comments?post=164"}],"version-history":[{"count":11,"href":"https:\/\/blogsaverroes.juntadeandalucia.es\/iesclaracampoamor\/wp-json\/wp\/v2\/pages\/164\/revisions"}],"predecessor-version":[{"id":3585,"href":"https:\/\/blogsaverroes.juntadeandalucia.es\/iesclaracampoamor\/wp-json\/wp\/v2\/pages\/164\/revisions\/3585"}],"wp:attachment":[{"href":"https:\/\/blogsaverroes.juntadeandalucia.es\/iesclaracampoamor\/wp-json\/wp\/v2\/media?parent=164"}],"curies":[{"name":"wp","href":"https:\/\/api.w.org\/{rel}","templated":true}]}}