{"id":174,"date":"2015-03-17T07:56:14","date_gmt":"2015-03-17T07:56:14","guid":{"rendered":"http:\/\/blogsaverroes.juntadeandalucia.es\/pre\/ceip\/?page_id=174"},"modified":"2025-11-09T14:11:39","modified_gmt":"2025-11-09T12:11:39","slug":"dibujo","status":"publish","type":"page","link":"https:\/\/blogsaverroes.juntadeandalucia.es\/iesclaracampoamor\/dibujo\/","title":{"rendered":"Educaci\u00f3n  Pl\u00e1stica y Visual."},"content":{"rendered":"<p><img loading=\"lazy\" decoding=\"async\" class=\"aligncenter size-medium wp-image-2018\" src=\"http:\/\/blogsaverroes.juntadeandalucia.es\/temahuemanies\/files\/2015\/03\/dibujo-300x200.jpg\" alt=\"dibujo\" width=\"300\" height=\"200\" srcset=\"https:\/\/blogsaverroes.juntadeandalucia.es\/iesclaracampoamor\/files\/2015\/03\/dibujo-300x200.jpg 300w, https:\/\/blogsaverroes.juntadeandalucia.es\/iesclaracampoamor\/files\/2015\/03\/dibujo.jpg 640w\" sizes=\"(max-width: 300px) 100vw, 300px\" \/><\/p>\n<h2><span style=\"color: #ff0000\">PUBLICACIONES 25-26<\/span><\/h2>\n<p>&nbsp;<\/p>\n<p>&nbsp;<\/p>\n<p><a class=\"cboxElement\" href=\"https:\/\/blogsaverroes.juntadeandalucia.es\/iesclaracampoamor\/files\/2023\/11\/R%C3%B3tulo-Criterios.png\"><img loading=\"lazy\" decoding=\"async\" class=\"alignnone wp-image-3322\" src=\"https:\/\/blogsaverroes.juntadeandalucia.es\/iesclaracampoamor\/files\/2023\/11\/R%C3%B3tulo-Criterios-300x65.png\" alt=\"\" width=\"372\" height=\"91\"><\/a><\/p>\n<p><a href=\"https:\/\/blogsaverroes.juntadeandalucia.es\/iesclaracampoamor\/files\/2024\/11\/z3-EPV.pdf\">Criterios Educaci\u00f3n Pl\u00e1stica 1\u00ba 3\u00ba y 4\u00ba<\/a><\/p>\n<p>&nbsp;<\/p>\n<ul>\n<li><a href=\"https:\/\/blogsaverroes.juntadeandalucia.es\/iesclaracampoamor\/files\/2025\/11\/C-Plastica-recuperacion-pendientes.pdf\">Plan de recuperaci\u00f3n pendientes 25-26<\/a><\/li>\n<\/ul>\n<p>&nbsp;<\/p>\n<h2><span style=\"color: #0000ff\">PUBLICACION<\/span><span style=\"color: #0000ff\">ES 23-24<\/span><\/h2>\n<p><span style=\"color: #ff0000\">NUEVA EXPOSICI\u00d3N MARZO 2024<\/span><\/p>\n<h3><span style=\"color: #3366ff\"><span style=\"color: #ff0000\">PINCHA<\/span> <strong><a href=\"https:\/\/blogsaverroes.juntadeandalucia.es\/iesclaracampoamor\/files\/2024\/05\/EXPOSICION-PLASTICA-MARZO-2024c2.pdf\"><span style=\"color: #ff00ff\">AQU\u00cd<\/span><\/a>&nbsp;<\/strong> <span style=\"color: #ff0000\">PARA VER LA EXPO COMPLETA<\/span><\/span><\/h3>\n<p><a href=\"https:\/\/blogsaverroes.juntadeandalucia.es\/iesclaracampoamor\/files\/2024\/05\/EXPOSICION-PLASTICA-MARZO-2024c2.pdf\">EXPOSICI\u00d3N PL\u00c1STICA MARZO 2024c2<\/a><\/p>\n<p><a href=\"https:\/\/blogsaverroes.juntadeandalucia.es\/iesclaracampoamor\/files\/2024\/05\/PECES.png\"><img loading=\"lazy\" decoding=\"async\" class=\"alignnone size-medium wp-image-3418\" src=\"https:\/\/blogsaverroes.juntadeandalucia.es\/iesclaracampoamor\/files\/2024\/05\/PECES-213x300.png\" alt=\"\" width=\"213\" height=\"300\" srcset=\"https:\/\/blogsaverroes.juntadeandalucia.es\/iesclaracampoamor\/files\/2024\/05\/PECES-213x300.png 213w, https:\/\/blogsaverroes.juntadeandalucia.es\/iesclaracampoamor\/files\/2024\/05\/PECES-332x467.png 332w, https:\/\/blogsaverroes.juntadeandalucia.es\/iesclaracampoamor\/files\/2024\/05\/PECES.png 672w\" sizes=\"(max-width: 213px) 100vw, 213px\" \/><\/a><\/p>\n<p>&nbsp;<\/p>\n<p>&nbsp;<\/p>\n<p><span style=\"color: #00ff00\"><strong><span style=\"color: #3366ff\">EXPOSICI\u00d3N FEBRERO 2024<\/span><\/strong><\/span><\/p>\n<h3><span style=\"color: #3366ff\">PINCHA <a href=\"https:\/\/blogsaverroes.juntadeandalucia.es\/iesclaracampoamor\/files\/2024\/02\/EXPOSICI\u00d3N-PL\u00c1STICA-2024-FEBRERO.pdf\"><strong><span style=\"color: #ff00ff\">AQU\u00cd<\/span>&nbsp;<\/strong><\/a> PARA VER LA EXPO COMPLETA<\/span><\/h3>\n<p><a href=\"https:\/\/blogsaverroes.juntadeandalucia.es\/iesclaracampoamor\/files\/2024\/02\/EXPO-1.png\"><img loading=\"lazy\" decoding=\"async\" class=\"alignnone size-medium wp-image-3383\" src=\"https:\/\/blogsaverroes.juntadeandalucia.es\/iesclaracampoamor\/files\/2024\/02\/EXPO-1-213x300.png\" alt=\"\" width=\"213\" height=\"300\" srcset=\"https:\/\/blogsaverroes.juntadeandalucia.es\/iesclaracampoamor\/files\/2024\/02\/EXPO-1-213x300.png 213w, https:\/\/blogsaverroes.juntadeandalucia.es\/iesclaracampoamor\/files\/2024\/02\/EXPO-1-332x467.png 332w, https:\/\/blogsaverroes.juntadeandalucia.es\/iesclaracampoamor\/files\/2024\/02\/EXPO-1.png 614w\" sizes=\"(max-width: 213px) 100vw, 213px\" \/><\/a><\/p>\n<p>&nbsp;<\/p>\n<p>&nbsp;<\/p>\n","protected":false},"excerpt":{"rendered":"<p>PUBLICACIONES 25-26 &nbsp; &nbsp; Criterios Educaci\u00f3n Pl\u00e1stica 1\u00ba 3\u00ba y 4\u00ba &nbsp; Plan de recuperaci\u00f3n pendientes 25-26 &nbsp; PUBLICACIONES 23-24 NUEVA EXPOSICI\u00d3N MARZO 2024 PINCHA AQU\u00cd&nbsp; PARA VER LA EXPO COMPLETA EXPOSICI\u00d3N PL\u00c1STICA MARZO&#46;&#46;&#46;<\/p>\n","protected":false},"author":1,"featured_media":0,"parent":0,"menu_order":0,"comment_status":"open","ping_status":"open","template":"","meta":{"ngg_post_thumbnail":0,"footnotes":"","_mc_calendar":[]},"aioseo_notices":[],"_links":{"self":[{"href":"https:\/\/blogsaverroes.juntadeandalucia.es\/iesclaracampoamor\/wp-json\/wp\/v2\/pages\/174"}],"collection":[{"href":"https:\/\/blogsaverroes.juntadeandalucia.es\/iesclaracampoamor\/wp-json\/wp\/v2\/pages"}],"about":[{"href":"https:\/\/blogsaverroes.juntadeandalucia.es\/iesclaracampoamor\/wp-json\/wp\/v2\/types\/page"}],"author":[{"embeddable":true,"href":"https:\/\/blogsaverroes.juntadeandalucia.es\/iesclaracampoamor\/wp-json\/wp\/v2\/users\/1"}],"replies":[{"embeddable":true,"href":"https:\/\/blogsaverroes.juntadeandalucia.es\/iesclaracampoamor\/wp-json\/wp\/v2\/comments?post=174"}],"version-history":[{"count":18,"href":"https:\/\/blogsaverroes.juntadeandalucia.es\/iesclaracampoamor\/wp-json\/wp\/v2\/pages\/174\/revisions"}],"predecessor-version":[{"id":3572,"href":"https:\/\/blogsaverroes.juntadeandalucia.es\/iesclaracampoamor\/wp-json\/wp\/v2\/pages\/174\/revisions\/3572"}],"wp:attachment":[{"href":"https:\/\/blogsaverroes.juntadeandalucia.es\/iesclaracampoamor\/wp-json\/wp\/v2\/media?parent=174"}],"curies":[{"name":"wp","href":"https:\/\/api.w.org\/{rel}","templated":true}]}}