{"id":178,"date":"2015-03-17T07:56:43","date_gmt":"2015-03-17T07:56:43","guid":{"rendered":"http:\/\/blogsaverroes.juntadeandalucia.es\/pre\/ceip\/?page_id=178"},"modified":"2025-11-09T14:38:12","modified_gmt":"2025-11-09T12:38:12","slug":"musica","status":"publish","type":"page","link":"https:\/\/blogsaverroes.juntadeandalucia.es\/iesclaracampoamor\/musica\/","title":{"rendered":"M\u00fasica"},"content":{"rendered":"<h1>&nbsp;<\/h1>\n<p><img loading=\"lazy\" decoding=\"async\" class=\"alignleft\" src=\"https:\/\/encrypted-tbn0.gstatic.com\/images?q=tbn:ANd9GcTxpUBpFaF3kf7LPLHZrhFj7nSDdPT_YFCiYg&amp;usqp=CAU\" alt=\"https:\/\/encrypted-tbn0.gstatic.com\/images?q=tbn:ANd9GcTxpUBpFaF3kf7LPLHZrhFj7nSDdPT_YFCiYg&amp;usqp=CAU\" width=\"387\" height=\"217\"><\/p>\n<h4>&nbsp;<\/h4>\n<h4>&nbsp;<\/h4>\n<h4>&nbsp;<\/h4>\n<h4>&nbsp;<\/h4>\n<h4>&nbsp;<\/h4>\n<h4>&nbsp;<\/h4>\n<h2><span style=\"color: #ff0000\">PUBLICACIONES 25-26<\/span><\/h2>\n<h4><a href=\"https:\/\/blogsaverroes.juntadeandalucia.es\/iesclaracampoamor\/files\/2023\/11\/R\u00f3tulo-Criterios.png\"><img loading=\"lazy\" decoding=\"async\" class=\"alignnone wp-image-3322\" src=\"https:\/\/blogsaverroes.juntadeandalucia.es\/iesclaracampoamor\/files\/2023\/11\/R\u00f3tulo-Criterios-300x65.png\" alt=\"\" width=\"331\" height=\"81\"><\/a><\/h4>\n<h4>&nbsp;<\/h4>\n<h4><a href=\"https:\/\/blogsaverroes.juntadeandalucia.es\/iesclaracampoamor\/files\/2024\/11\/z11-Musica.pdf\">Criterios M\u00daSICA<\/a><\/h4>\n<ul>\n<li><a href=\"https:\/\/blogsaverroes.juntadeandalucia.es\/iesclaracampoamor\/files\/2025\/11\/K-Musica-SISTEMA-DE-PENDIENTES-1.pdf\">Plan de recuperaci\u00f3n pendientes 25-26<\/a><\/li>\n<\/ul>\n<p>&nbsp;<\/p>\n<p>&nbsp;<\/p>\n<p>&nbsp;<\/p>\n<p>&nbsp;<\/p>\n<h4><span style=\"color: #ff0000\">PUBLICACIONES 23-24<\/span><\/h4>\n<h4>&nbsp;<\/h4>\n<h4>&nbsp;<\/h4>\n<h4><span style=\"color: #ff0000\">PUBLICACIONES 22-23<\/span><\/h4>\n<ul>\n<li><a href=\"https:\/\/blogsaverroes.juntadeandalucia.es\/iesclaracampoamor\/actividad-dia-8m-musica\/\" target=\"_blank\" rel=\"noopener noreferrer\">D\u00eda 8M: actividad 4\u00ba ESO<\/a> (Marzo-2023)<\/li>\n<li><a href=\"https:\/\/blogsaverroes.juntadeandalucia.es\/iesclaracampoamor\/dia-de-la-mujer-8-de-marzo\/\" target=\"_blank\" rel=\"noopener noreferrer\">Rap D\u00eda de la Mujer<\/a> (Marzo-2023)<\/li>\n<li><a href=\"https:\/\/blogsaverroes.juntadeandalucia.es\/iesclaracampoamor\/enjoy-the-orchestra\/\" target=\"_blank\" rel=\"noopener noreferrer\">Enjoy the Orchestra<\/a> (Febrero-2023)<\/li>\n<li><a href=\"https:\/\/blogsaverroes.juntadeandalucia.es\/iesclaracampoamor\/felicitacion-navidena-2o-eso-a\/\" target=\"_blank\" rel=\"noopener noreferrer\">Felicitaci\u00f3n navide\u00f1a<\/a> (Diciembre-2022)<\/li>\n<li><a href=\"https:\/\/blogsaverroes.juntadeandalucia.es\/iesclaracampoamor\/una-estrella-para-rosie\/\" target=\"_blank\" rel=\"noopener noreferrer\">Una estrella para Rosie<\/a> (Mayo-2022)<\/li>\n<li><a href=\"https:\/\/blogsaverroes.juntadeandalucia.es\/iesclaracampoamor\/la-musica-en-la-edad-media\/\" target=\"_blank\" rel=\"noopener noreferrer\">La M\u00fasica en la Edad Media<\/a> (Mayo-2022)<\/li>\n<li><a href=\"https:\/\/blogsaverroes.juntadeandalucia.es\/iesclaracampoamor\/xi-concurso-de-solistas-javier-perianes\/\" target=\"_blank\" rel=\"noopener noreferrer\">XI Concurso de solistas Javier Perianes<\/a> (Mayo-2022)<\/li>\n<\/ul>\n<p>&nbsp;<\/p>\n<p>&nbsp;<\/p>\n","protected":false},"excerpt":{"rendered":"<p>&nbsp; &nbsp; &nbsp; &nbsp; &nbsp; &nbsp; &nbsp; PUBLICACIONES 25-26 &nbsp; Criterios M\u00daSICA Plan de recuperaci\u00f3n pendientes 25-26 &nbsp; &nbsp; &nbsp; &nbsp; PUBLICACIONES 23-24 &nbsp; &nbsp; PUBLICACIONES 22-23 D\u00eda 8M: actividad 4\u00ba ESO (Marzo-2023) Rap&#46;&#46;&#46;<\/p>\n","protected":false},"author":1,"featured_media":0,"parent":0,"menu_order":0,"comment_status":"open","ping_status":"open","template":"","meta":{"ngg_post_thumbnail":0,"footnotes":"","_mc_calendar":[]},"aioseo_notices":[],"_links":{"self":[{"href":"https:\/\/blogsaverroes.juntadeandalucia.es\/iesclaracampoamor\/wp-json\/wp\/v2\/pages\/178"}],"collection":[{"href":"https:\/\/blogsaverroes.juntadeandalucia.es\/iesclaracampoamor\/wp-json\/wp\/v2\/pages"}],"about":[{"href":"https:\/\/blogsaverroes.juntadeandalucia.es\/iesclaracampoamor\/wp-json\/wp\/v2\/types\/page"}],"author":[{"embeddable":true,"href":"https:\/\/blogsaverroes.juntadeandalucia.es\/iesclaracampoamor\/wp-json\/wp\/v2\/users\/1"}],"replies":[{"embeddable":true,"href":"https:\/\/blogsaverroes.juntadeandalucia.es\/iesclaracampoamor\/wp-json\/wp\/v2\/comments?post=178"}],"version-history":[{"count":18,"href":"https:\/\/blogsaverroes.juntadeandalucia.es\/iesclaracampoamor\/wp-json\/wp\/v2\/pages\/178\/revisions"}],"predecessor-version":[{"id":3592,"href":"https:\/\/blogsaverroes.juntadeandalucia.es\/iesclaracampoamor\/wp-json\/wp\/v2\/pages\/178\/revisions\/3592"}],"wp:attachment":[{"href":"https:\/\/blogsaverroes.juntadeandalucia.es\/iesclaracampoamor\/wp-json\/wp\/v2\/media?parent=178"}],"curies":[{"name":"wp","href":"https:\/\/api.w.org\/{rel}","templated":true}]}}