{"id":2904,"date":"2022-04-06T13:05:42","date_gmt":"2022-04-06T11:05:42","guid":{"rendered":"https:\/\/blogsaverroes.juntadeandalucia.es\/iesclaracampoamor\/?page_id=2904"},"modified":"2025-03-10T14:11:27","modified_gmt":"2025-03-10T12:11:27","slug":"proyecto-bilingue-ingles","status":"publish","type":"page","link":"https:\/\/blogsaverroes.juntadeandalucia.es\/iesclaracampoamor\/planes-y-proyectos\/proyecto-bilingue-ingles\/","title":{"rendered":"Programa biling\u00fce: ingl\u00e9s."},"content":{"rendered":"<p><a href=\"https:\/\/blogsaverroes.juntadeandalucia.es\/iesclaracampoamor\/files\/2022\/04\/descarga.png\"><img loading=\"lazy\" decoding=\"async\" class=\"size-medium wp-image-2905 aligncenter\" src=\"https:\/\/blogsaverroes.juntadeandalucia.es\/iesclaracampoamor\/files\/2022\/04\/descarga-300x88.png\" alt=\"\" width=\"300\" height=\"88\" srcset=\"https:\/\/blogsaverroes.juntadeandalucia.es\/iesclaracampoamor\/files\/2022\/04\/descarga-300x88.png 300w, https:\/\/blogsaverroes.juntadeandalucia.es\/iesclaracampoamor\/files\/2022\/04\/descarga-768x224.png 768w, https:\/\/blogsaverroes.juntadeandalucia.es\/iesclaracampoamor\/files\/2022\/04\/descarga-700x204.png 700w, https:\/\/blogsaverroes.juntadeandalucia.es\/iesclaracampoamor\/files\/2022\/04\/descarga-332x97.png 332w, https:\/\/blogsaverroes.juntadeandalucia.es\/iesclaracampoamor\/files\/2022\/04\/descarga.png 1024w\" sizes=\"(max-width: 300px) 100vw, 300px\" \/><\/a><\/p>\n<p>&nbsp;<\/p>\n<ul>\n<li>\n<h3><strong><a href=\"https:\/\/blogsaverroes.juntadeandalucia.es\/iesclaracampoamor\/files\/2025\/03\/31-Programacion-Bilingue-2024-25.pdf\"><span style=\"color: #ff0000\">Programaci\u00f3n Biling\u00fce 2024-2025<\/span><\/a><\/strong><\/h3>\n<\/li>\n<li><a href=\"https:\/\/blogsaverroes.juntadeandalucia.es\/iesclaracampoamor\/files\/2025\/03\/Information-Sheet-for-LANGUAGE-2025.pdf\">Information Sheet for LANGUAGE Assistants <\/a><\/li>\n<li><a href=\"https:\/\/blogsaverroes.juntadeandalucia.es\/iesclaracampoamor\/files\/2025\/03\/Ficha-de-Informacion-para-Auxiliares-de-Conversacion-25.pdf\" target=\"_blank\" rel=\"noopener noreferrer\">Ficha de Informaci\u00f3n para Auxiliares de Conversaci\u00f3n&nbsp;<\/a><\/li>\n<li><a href=\"https:\/\/blogsaverroes.juntadeandalucia.es\/iesclaracampoamor\/bilingual-project-2020-2021\/\" target=\"_blank\" rel=\"noopener noreferrer\">BILINGUAL PROJECTS&nbsp;<\/a><\/li>\n<\/ul>\n","protected":false},"excerpt":{"rendered":"<p>&nbsp; Programaci\u00f3n Biling\u00fce 2024-2025 Information Sheet for LANGUAGE Assistants Ficha de Informaci\u00f3n para Auxiliares de Conversaci\u00f3n&nbsp; BILINGUAL PROJECTS&nbsp;<\/p>\n","protected":false},"author":10480,"featured_media":0,"parent":44,"menu_order":0,"comment_status":"closed","ping_status":"closed","template":"","meta":{"ngg_post_thumbnail":0,"footnotes":"","_mc_calendar":[]},"aioseo_notices":[],"_links":{"self":[{"href":"https:\/\/blogsaverroes.juntadeandalucia.es\/iesclaracampoamor\/wp-json\/wp\/v2\/pages\/2904"}],"collection":[{"href":"https:\/\/blogsaverroes.juntadeandalucia.es\/iesclaracampoamor\/wp-json\/wp\/v2\/pages"}],"about":[{"href":"https:\/\/blogsaverroes.juntadeandalucia.es\/iesclaracampoamor\/wp-json\/wp\/v2\/types\/page"}],"author":[{"embeddable":true,"href":"https:\/\/blogsaverroes.juntadeandalucia.es\/iesclaracampoamor\/wp-json\/wp\/v2\/users\/10480"}],"replies":[{"embeddable":true,"href":"https:\/\/blogsaverroes.juntadeandalucia.es\/iesclaracampoamor\/wp-json\/wp\/v2\/comments?post=2904"}],"version-history":[{"count":14,"href":"https:\/\/blogsaverroes.juntadeandalucia.es\/iesclaracampoamor\/wp-json\/wp\/v2\/pages\/2904\/revisions"}],"predecessor-version":[{"id":3561,"href":"https:\/\/blogsaverroes.juntadeandalucia.es\/iesclaracampoamor\/wp-json\/wp\/v2\/pages\/2904\/revisions\/3561"}],"up":[{"embeddable":true,"href":"https:\/\/blogsaverroes.juntadeandalucia.es\/iesclaracampoamor\/wp-json\/wp\/v2\/pages\/44"}],"wp:attachment":[{"href":"https:\/\/blogsaverroes.juntadeandalucia.es\/iesclaracampoamor\/wp-json\/wp\/v2\/media?parent=2904"}],"curies":[{"name":"wp","href":"https:\/\/api.w.org\/{rel}","templated":true}]}}