{"id":35,"date":"2015-03-13T08:21:43","date_gmt":"2015-03-13T08:21:43","guid":{"rendered":"http:\/\/blogsaverroes.juntadeandalucia.es\/pre\/ceip\/?page_id=35"},"modified":"2022-12-05T13:25:56","modified_gmt":"2022-12-05T11:25:56","slug":"el-centro-2","status":"publish","type":"page","link":"https:\/\/blogsaverroes.juntadeandalucia.es\/iesclaracampoamor\/el-centro-2\/","title":{"rendered":"Datos del centro"},"content":{"rendered":"<p><iframe loading=\"lazy\" src=\"https:\/\/www.google.com\/maps\/embed?pb=!1m14!1m8!1m3!1d12701.897248902096!2d-6.941168!3d37.2601782!3m2!1i1024!2i768!4f13.1!3m3!1m2!1s0x0%3A0xffb6cb32990845df!2sIES%20Clara%20Campoamor!5e0!3m2!1ses!2ses!4v1669109293152!5m2!1ses!2ses\" width=\"400\" height=\"300\"><\/iframe><\/p>\n<h4><strong>Datos de contacto<\/strong><\/h4>\n<p>I.E.S. \u00abClara Campoamor\u00bb<\/p>\n<p><strong>Direcci\u00f3n:<\/strong>&nbsp; Avenida P\u00edo XII, s\/n. 21006 Huelva<\/p>\n<p><strong>Tel\u00e9fono: <\/strong>959 52 41 72<\/p>\n<p><strong>Tel\u00e9fono corporativo: <\/strong>250172<\/p>\n<p><strong>FAX: <\/strong>959 52 41 73<\/p>\n<p><strong>Email:<\/strong> 21700393.edu@juntadeandalucia.es<\/p>\n<p><strong>Email secretar\u00eda\/administraci\u00f3n:<\/strong> 21700393@g.educaand.es&nbsp;<\/p>\n<h4><strong>Horarios<\/strong><\/h4>\n<p>Horario lectivo: 8:15 h &#8211; 14:45 h<\/p>\n<h4><strong>Oferta educativa<\/strong><\/h4>\n<ul>\n<li>Educaci\u00f3n Secundaria Obligatoria: cursos 1\u00ba, 2\u00ba, 3\u00ba y 4\u00ba.<\/li>\n<li>Educaci\u00f3n B\u00e1sica Especial: unidad espec\u00edfica TEA.<\/li>\n<\/ul>\n","protected":false},"excerpt":{"rendered":"<p>Datos de contacto I.E.S. \u00abClara Campoamor\u00bb Direcci\u00f3n:&nbsp; Avenida P\u00edo XII, s\/n. 21006 Huelva Tel\u00e9fono: 959 52 41 72 Tel\u00e9fono corporativo: 250172 FAX: 959 52 41 73 Email: 21700393.edu@juntadeandalucia.es Email secretar\u00eda\/administraci\u00f3n: 21700393@g.educaand.es&nbsp; Horarios Horario lectivo:&#46;&#46;&#46;<\/p>\n","protected":false},"author":1,"featured_media":0,"parent":0,"menu_order":0,"comment_status":"open","ping_status":"open","template":"","meta":{"ngg_post_thumbnail":0,"footnotes":"","_mc_calendar":[]},"aioseo_notices":[],"_links":{"self":[{"href":"https:\/\/blogsaverroes.juntadeandalucia.es\/iesclaracampoamor\/wp-json\/wp\/v2\/pages\/35"}],"collection":[{"href":"https:\/\/blogsaverroes.juntadeandalucia.es\/iesclaracampoamor\/wp-json\/wp\/v2\/pages"}],"about":[{"href":"https:\/\/blogsaverroes.juntadeandalucia.es\/iesclaracampoamor\/wp-json\/wp\/v2\/types\/page"}],"author":[{"embeddable":true,"href":"https:\/\/blogsaverroes.juntadeandalucia.es\/iesclaracampoamor\/wp-json\/wp\/v2\/users\/1"}],"replies":[{"embeddable":true,"href":"https:\/\/blogsaverroes.juntadeandalucia.es\/iesclaracampoamor\/wp-json\/wp\/v2\/comments?post=35"}],"version-history":[{"count":41,"href":"https:\/\/blogsaverroes.juntadeandalucia.es\/iesclaracampoamor\/wp-json\/wp\/v2\/pages\/35\/revisions"}],"predecessor-version":[{"id":3084,"href":"https:\/\/blogsaverroes.juntadeandalucia.es\/iesclaracampoamor\/wp-json\/wp\/v2\/pages\/35\/revisions\/3084"}],"wp:attachment":[{"href":"https:\/\/blogsaverroes.juntadeandalucia.es\/iesclaracampoamor\/wp-json\/wp\/v2\/media?parent=35"}],"curies":[{"name":"wp","href":"https:\/\/api.w.org\/{rel}","templated":true}]}}