{"id":44,"date":"2015-03-13T08:42:15","date_gmt":"2015-03-13T08:42:15","guid":{"rendered":"http:\/\/blogsaverroes.juntadeandalucia.es\/pre\/ceip\/?page_id=44"},"modified":"2025-03-02T20:43:42","modified_gmt":"2025-03-02T18:43:42","slug":"planes-y-proyectos","status":"publish","type":"page","link":"https:\/\/blogsaverroes.juntadeandalucia.es\/iesclaracampoamor\/planes-y-proyectos\/","title":{"rendered":"Planes y Programas"},"content":{"rendered":"<p><img loading=\"lazy\" decoding=\"async\" class=\"size-medium wp-image-1667 aligncenter\" src=\"http:\/\/blogsaverroes.juntadeandalucia.es\/temahuemanies\/files\/2015\/03\/planes-300x150.png\" alt=\"planes\" width=\"300\" height=\"150\" srcset=\"https:\/\/blogsaverroes.juntadeandalucia.es\/iesclaracampoamor\/files\/2015\/03\/planes-300x150.png 300w, https:\/\/blogsaverroes.juntadeandalucia.es\/iesclaracampoamor\/files\/2015\/03\/planes.png 640w\" sizes=\"(max-width: 300px) 100vw, 300px\" \/><\/p>\n<p>El centro se encuentra participando en diferentes <strong>Planes y Programas<\/strong> promovidos desde la Consejer\u00eda de Educaci\u00f3n, Cultura y Deporte.<\/p>\n<ul>\n<li><a href=\"https:\/\/blogsaverroes.juntadeandalucia.es\/iesclaracampoamor\/plan-de-igualdad\/\"><strong>Plan de igualdad de g\u00e9nero.<\/strong><\/a><\/li>\n<li><a href=\"https:\/\/blogsaverroes.juntadeandalucia.es\/iesclaracampoamor\/planes-y-proyectos\/proyecto-bilingue-ingles\/\"><strong>Programa biling\u00fce: ingl\u00e9s.<\/strong><\/a><\/li>\n<li><a href=\"https:\/\/blogsaverroes.juntadeandalucia.es\/iesclaracampoamor\/planes-y-proyectos\/programa-transformacion-digital-educativa-tde\/\"><strong>Programa Transformaci\u00f3n Digital Educativa (TDE).<\/strong><\/a><\/li>\n<li>&#8212;<\/li>\n<li><strong>Red Andaluza: \u00abEscuela espacio de paz\u00bb.<\/strong><\/li>\n<li><strong>Pr\u00e1cticum M\u00e1ster Secundaria\/Primaria.<\/strong><\/li>\n<li><strong>Proyecto Aldea.<\/strong><\/li>\n<li><strong>Forma joven en el \u00e1mbito educativo.<\/strong><\/li>\n<li><strong>Plan de apertura. Comedor (servicio prestado en I.E.S. Alonso S\u00e1nchez).<\/strong><\/li>\n<li><strong>Plan de apertura. Actividades extraescolares.<\/strong><\/li>\n<li><strong>Transporte escolar.<\/strong><\/li>\n<li>&nbsp;<\/li>\n<\/ul>\n<p>&nbsp;<\/p>\n","protected":false},"excerpt":{"rendered":"<p>El centro se encuentra participando en diferentes Planes y Programas promovidos desde la Consejer\u00eda de Educaci\u00f3n, Cultura y Deporte. Plan de igualdad de g\u00e9nero. Programa biling\u00fce: ingl\u00e9s. Programa Transformaci\u00f3n Digital Educativa (TDE). &#8212; Red&#46;&#46;&#46;<\/p>\n","protected":false},"author":1,"featured_media":0,"parent":0,"menu_order":0,"comment_status":"open","ping_status":"closed","template":"","meta":{"ngg_post_thumbnail":0,"footnotes":"","_mc_calendar":[]},"aioseo_notices":[],"_links":{"self":[{"href":"https:\/\/blogsaverroes.juntadeandalucia.es\/iesclaracampoamor\/wp-json\/wp\/v2\/pages\/44"}],"collection":[{"href":"https:\/\/blogsaverroes.juntadeandalucia.es\/iesclaracampoamor\/wp-json\/wp\/v2\/pages"}],"about":[{"href":"https:\/\/blogsaverroes.juntadeandalucia.es\/iesclaracampoamor\/wp-json\/wp\/v2\/types\/page"}],"author":[{"embeddable":true,"href":"https:\/\/blogsaverroes.juntadeandalucia.es\/iesclaracampoamor\/wp-json\/wp\/v2\/users\/1"}],"replies":[{"embeddable":true,"href":"https:\/\/blogsaverroes.juntadeandalucia.es\/iesclaracampoamor\/wp-json\/wp\/v2\/comments?post=44"}],"version-history":[{"count":14,"href":"https:\/\/blogsaverroes.juntadeandalucia.es\/iesclaracampoamor\/wp-json\/wp\/v2\/pages\/44\/revisions"}],"predecessor-version":[{"id":3547,"href":"https:\/\/blogsaverroes.juntadeandalucia.es\/iesclaracampoamor\/wp-json\/wp\/v2\/pages\/44\/revisions\/3547"}],"wp:attachment":[{"href":"https:\/\/blogsaverroes.juntadeandalucia.es\/iesclaracampoamor\/wp-json\/wp\/v2\/media?parent=44"}],"curies":[{"name":"wp","href":"https:\/\/api.w.org\/{rel}","templated":true}]}}