{"id":8773,"date":"2022-05-31T08:32:35","date_gmt":"2022-05-31T06:32:35","guid":{"rendered":"https:\/\/blogsaverroes.juntadeandalucia.es\/iescoloma\/?page_id=8773"},"modified":"2022-06-01T14:02:56","modified_gmt":"2022-06-01T12:02:56","slug":"nota-oficial","status":"publish","type":"page","link":"https:\/\/blogsaverroes.juntadeandalucia.es\/iescoloma\/","title":{"rendered":"Nota oficial"},"content":{"rendered":"<h2 style=\"text-align: justify\">&nbsp; Comunicamos a la Comunidad Educativa y al p\u00fablico en general que trasladamos la web oficial del Instituto. Desde este momento todas las comunicaciones que haga el Centro se publicar\u00e1n en la nueva p\u00e1gina. \u00c9sta, la \u00abantigua\u00bb, se ir\u00e1 vaciando de contenido progresivamente y desaparecer\u00e1. La nueva direcci\u00f3n es:<\/h2>\n<h2 style=\"text-align: center\"><a href=\"http:\/\/iescoloma.es\"><strong>iescoloma.es<\/strong><\/a><\/h2>\n<p>&nbsp;<\/p>\n<hr \/>\n","protected":false},"excerpt":{"rendered":"<p>&nbsp; Comunicamos a la Comunidad Educativa y al p\u00fablico en general que trasladamos la web oficial del&#46;&#46;&#46;<\/p>\n","protected":false},"author":2410,"featured_media":0,"parent":0,"menu_order":0,"comment_status":"closed","ping_status":"closed","template":"","meta":{"ngg_post_thumbnail":0,"footnotes":"","_mc_calendar":[]},"aioseo_notices":[],"_links":{"self":[{"href":"https:\/\/blogsaverroes.juntadeandalucia.es\/iescoloma\/wp-json\/wp\/v2\/pages\/8773"}],"collection":[{"href":"https:\/\/blogsaverroes.juntadeandalucia.es\/iescoloma\/wp-json\/wp\/v2\/pages"}],"about":[{"href":"https:\/\/blogsaverroes.juntadeandalucia.es\/iescoloma\/wp-json\/wp\/v2\/types\/page"}],"author":[{"embeddable":true,"href":"https:\/\/blogsaverroes.juntadeandalucia.es\/iescoloma\/wp-json\/wp\/v2\/users\/2410"}],"replies":[{"embeddable":true,"href":"https:\/\/blogsaverroes.juntadeandalucia.es\/iescoloma\/wp-json\/wp\/v2\/comments?post=8773"}],"version-history":[{"count":2,"href":"https:\/\/blogsaverroes.juntadeandalucia.es\/iescoloma\/wp-json\/wp\/v2\/pages\/8773\/revisions"}],"predecessor-version":[{"id":8776,"href":"https:\/\/blogsaverroes.juntadeandalucia.es\/iescoloma\/wp-json\/wp\/v2\/pages\/8773\/revisions\/8776"}],"wp:attachment":[{"href":"https:\/\/blogsaverroes.juntadeandalucia.es\/iescoloma\/wp-json\/wp\/v2\/media?parent=8773"}],"curies":[{"name":"wp","href":"https:\/\/api.w.org\/{rel}","templated":true}]}}