{"id":111,"date":"2016-01-29T13:35:31","date_gmt":"2016-01-29T13:35:31","guid":{"rendered":"http:\/\/blogsaverroes.juntadeandalucia.es\/iesconchamendezcuesta\/?page_id=111"},"modified":"2016-02-14T09:32:33","modified_gmt":"2016-02-14T09:32:33","slug":"nuestro-centro","status":"publish","type":"page","link":"https:\/\/blogsaverroes.juntadeandalucia.es\/iesconchamendezcuesta\/nuestro-centro\/","title":{"rendered":"Nuestro Centro"},"content":{"rendered":"<p>El <em>IES Concha M\u00e9ndez Cuesta<\/em> es un centro de nueva creaci\u00f3n situado en Torremolinos, a unos 15 km de M\u00e1laga. Demos un recorrido por sus instalaciones:<\/p>\n<p>&nbsp;<\/p>\n<p><a href=\"https:\/\/picasaweb.google.com\/110001693844564902366\/SlideAlbumInstituto?authuser=0&amp;feat=embedwebsite\"><img decoding=\"async\" class=\" aligncenter\" src=\"https:\/\/lh4.googleusercontent.com\/-6NWYnYcnWyU\/Tq6YGpoc9OE\/AAAAAAAAAi8\/aaB_go_Ne8U\/s160-c\/SlideAlbumInstituto.jpg\" alt=\"\" width=\"160\" height=\"160\" \/><\/a><\/p>\n<p>&nbsp;<\/p>\n<p style=\"text-align: center\"><a href=\"https:\/\/picasaweb.google.com\/110001693844564902366\/SlideAlbumInstituto?authuser=0&amp;feat=embedwebsite\">Slide Album: Instituto<\/a><\/p>\n<p>&nbsp;<\/p>\n<p>&nbsp;<\/p>\n","protected":false},"excerpt":{"rendered":"<p>El IES Concha M\u00e9ndez Cuesta es un centro de nueva creaci\u00f3n situado en Torremolinos, a unos 15 km de M\u00e1laga. Demos un recorrido por sus instalaciones: &nbsp; &nbsp; Slide Album: Instituto &nbsp; &nbsp;<\/p>\n","protected":false},"author":1,"featured_media":0,"parent":0,"menu_order":0,"comment_status":"open","ping_status":"open","template":"","meta":{"ngg_post_thumbnail":0,"footnotes":""},"aioseo_notices":[],"_links":{"self":[{"href":"https:\/\/blogsaverroes.juntadeandalucia.es\/iesconchamendezcuesta\/wp-json\/wp\/v2\/pages\/111"}],"collection":[{"href":"https:\/\/blogsaverroes.juntadeandalucia.es\/iesconchamendezcuesta\/wp-json\/wp\/v2\/pages"}],"about":[{"href":"https:\/\/blogsaverroes.juntadeandalucia.es\/iesconchamendezcuesta\/wp-json\/wp\/v2\/types\/page"}],"author":[{"embeddable":true,"href":"https:\/\/blogsaverroes.juntadeandalucia.es\/iesconchamendezcuesta\/wp-json\/wp\/v2\/users\/1"}],"replies":[{"embeddable":true,"href":"https:\/\/blogsaverroes.juntadeandalucia.es\/iesconchamendezcuesta\/wp-json\/wp\/v2\/comments?post=111"}],"version-history":[{"count":4,"href":"https:\/\/blogsaverroes.juntadeandalucia.es\/iesconchamendezcuesta\/wp-json\/wp\/v2\/pages\/111\/revisions"}],"predecessor-version":[{"id":336,"href":"https:\/\/blogsaverroes.juntadeandalucia.es\/iesconchamendezcuesta\/wp-json\/wp\/v2\/pages\/111\/revisions\/336"}],"wp:attachment":[{"href":"https:\/\/blogsaverroes.juntadeandalucia.es\/iesconchamendezcuesta\/wp-json\/wp\/v2\/media?parent=111"}],"curies":[{"name":"wp","href":"https:\/\/api.w.org\/{rel}","templated":true}]}}