{"id":194,"date":"2016-02-01T10:52:10","date_gmt":"2016-02-01T10:52:10","guid":{"rendered":"http:\/\/blogsaverroes.juntadeandalucia.es\/iesconchamendezcuesta\/?page_id=194"},"modified":"2024-09-30T08:09:38","modified_gmt":"2024-09-30T06:09:38","slug":"departamento-de-lengua-castellana-y-literatura","status":"publish","type":"page","link":"https:\/\/blogsaverroes.juntadeandalucia.es\/iesconchamendezcuesta\/departamento-de-lengua-castellana-y-literatura\/","title":{"rendered":"Departamento de Lengua Castellana y Literatura"},"content":{"rendered":"<table style=\"width: 141.154%;height: 312px\" width=\"630\">\n<tbody>\n<tr style=\"height: 24px\">\n<td style=\"width: 29.9548%;height: 24px\" width=\"222\"><strong>Profesor\/a<\/strong><\/td>\n<td style=\"width: 34.7416%;height: 24px\" width=\"191\"><strong>Cargo<\/strong><\/td>\n<td style=\"width: 77.4121%;height: 24px\" width=\"217\"><strong>Puesto<\/strong><\/td>\n<\/tr>\n<tr style=\"height: 24px\">\n<td style=\"width: 29.9548%;height: 24px\" width=\"222\">\u00c1lvarez Moreno, Mercedes<\/td>\n<td style=\"width: 34.7416%;height: 24px\">Responsable de la biblioteca escolar<\/td>\n<td style=\"width: 77.4121%;height: 24px\" width=\"217\">Lengua Castellana y Literatura P.E.S.<\/td>\n<\/tr>\n<tr style=\"height: 24px\">\n<td style=\"width: 29.9548%;height: 24px\" width=\"222\">Garc\u00eda M\u00e9rida, Marina<\/td>\n<td style=\"width: 34.7416%;height: 24px\">Tutora de 1\u00ba ESO C<\/td>\n<td style=\"width: 77.4121%;height: 24px\" width=\"217\">Lengua Castellana y Literatura P.E.S.<\/td>\n<\/tr>\n<tr style=\"height: 24px\">\n<td style=\"width: 29.9548%;height: 24px\" width=\"222\">Chac\u00f3n L\u00f3pez, Margarita<\/td>\n<td style=\"width: 34.7416%;height: 24px\">&nbsp;<\/td>\n<td style=\"width: 77.4121%;height: 24px\" width=\"217\">Lengua Castellana y Literatura P.E.S.<\/td>\n<\/tr>\n<tr style=\"height: 24px\">\n<td style=\"width: 29.9548%;height: 24px\" width=\"222\">Delgado Burgos, Marta<\/td>\n<td style=\"width: 34.7416%;height: 24px\">Tutora de 2\u00ba Bachillerato C<\/td>\n<td style=\"width: 77.4121%;height: 24px\" width=\"217\">Lengua Castellana y Literatura P.E.S.<\/td>\n<\/tr>\n<tr style=\"height: 24px\">\n<td style=\"width: 29.9548%;height: 24px\" width=\"222\">G\u00f3mez Sim\u00f3n, Gustavo<\/td>\n<td style=\"width: 34.7416%;height: 24px\">Jefe del departamento<\/td>\n<td style=\"width: 77.4121%;height: 24px\" width=\"217\">Lengua Castellana y Literatura P.E.S.<\/td>\n<\/tr>\n<tr style=\"height: 24px\">\n<td style=\"width: 29.9548%;height: 24px\" width=\"222\">Bellido Figueroa, Juan Antonio<\/td>\n<td style=\"width: 34.7416%;height: 24px\">&nbsp;<\/td>\n<td style=\"width: 77.4121%;height: 24px\" width=\"217\">Lengua Castellana y Literatura P.E.S.<\/td>\n<\/tr>\n<tr style=\"height: 24px\">\n<td style=\"width: 29.9548%;height: 24px\" width=\"222\">Miranda Vallejo, F\u00e9lix<\/td>\n<td style=\"width: 34.7416%;height: 24px\">Profesor de Lat\u00edn y Griego<\/td>\n<td style=\"width: 77.4121%;height: 24px\" width=\"217\">Cultura Cl\u00e1sica P.E.S.<\/td>\n<\/tr>\n<tr style=\"height: 24px\">\n<td style=\"width: 29.9548%;height: 24px\" width=\"222\">Rodr\u00edguez Jim\u00e9nez, Elena<\/td>\n<td style=\"width: 34.7416%;height: 24px\">&nbsp;<\/td>\n<td style=\"width: 77.4121%;height: 24px\" width=\"217\">Lengua Castellana y Literatura P.E.S.<\/td>\n<\/tr>\n<tr style=\"height: 24px\">\n<td style=\"width: 29.9548%;height: 24px\" width=\"222\">Gonz\u00e1lez G\u00f3mez, \u00c1ngel<\/td>\n<td style=\"width: 34.7416%;height: 24px\">Tutor de 1\u00ba Bachillerato B<\/td>\n<td style=\"width: 77.4121%;height: 24px\" width=\"217\">Lengua Castellana y Literatura P.E.S.<\/td>\n<\/tr>\n<tr style=\"height: 24px\">\n<td style=\"width: 29.9548%;height: 24px\" width=\"222\">Ruiz Aguilera, Lydia M.\u00aa<\/td>\n<td style=\"width: 34.7416%;height: 24px\">Tutora de 3\u00ba ESO D<\/td>\n<td style=\"width: 77.4121%;height: 24px\" width=\"217\">Lengua Castellana y Literatura P.E.S.<\/td>\n<\/tr>\n<tr style=\"height: 24px\">\n<td style=\"width: 29.9548%;height: 24px\" width=\"222\">Pat\u00f3n Becerra, M.\u00aa Nieves<\/td>\n<td style=\"width: 34.7416%;height: 24px\">Tutora de 3\u00ba ESO C<\/td>\n<td style=\"width: 77.4121%;height: 24px\" width=\"217\">Lengua Castellana y Literatura P.E.S.<\/td>\n<\/tr>\n<tr style=\"height: 24px\">\n<td style=\"width: 29.9548%;height: 24px\" width=\"222\">&nbsp;<\/td>\n<td style=\"width: 34.7416%;height: 24px\">&nbsp;<\/td>\n<td style=\"width: 77.4121%;height: 24px\" width=\"217\">&nbsp;<\/td>\n<\/tr>\n<\/tbody>\n<\/table>\n<p>Ejercicios de comprensi\u00f3n lectora: Pod\u00e9is descagarlo e imprimirlos o fotocopiarlos en la conserjer\u00eda del IES. (1&#8217;85\u20ac):<\/p>\n<p><a href=\"https:\/\/blogsaverroes.juntadeandalucia.es\/iesconchamendezcuesta\/files\/2019\/10\/Ejercicios_CL.pdf\">Ejercicios_CL<\/a><\/p>\n<p>&nbsp;<\/p>\n","protected":false},"excerpt":{"rendered":"<p>Profesor\/a Cargo Puesto \u00c1lvarez Moreno, Mercedes Responsable de la biblioteca escolar Lengua Castellana y Literatura P.E.S. Garc\u00eda M\u00e9rida, Marina Tutora de 1\u00ba ESO C Lengua Castellana y Literatura P.E.S. Chac\u00f3n L\u00f3pez, Margarita &nbsp; Lengua&#46;&#46;&#46;<\/p>\n","protected":false},"author":1,"featured_media":0,"parent":0,"menu_order":0,"comment_status":"open","ping_status":"open","template":"","meta":{"ngg_post_thumbnail":0,"footnotes":""},"aioseo_notices":[],"_links":{"self":[{"href":"https:\/\/blogsaverroes.juntadeandalucia.es\/iesconchamendezcuesta\/wp-json\/wp\/v2\/pages\/194"}],"collection":[{"href":"https:\/\/blogsaverroes.juntadeandalucia.es\/iesconchamendezcuesta\/wp-json\/wp\/v2\/pages"}],"about":[{"href":"https:\/\/blogsaverroes.juntadeandalucia.es\/iesconchamendezcuesta\/wp-json\/wp\/v2\/types\/page"}],"author":[{"embeddable":true,"href":"https:\/\/blogsaverroes.juntadeandalucia.es\/iesconchamendezcuesta\/wp-json\/wp\/v2\/users\/1"}],"replies":[{"embeddable":true,"href":"https:\/\/blogsaverroes.juntadeandalucia.es\/iesconchamendezcuesta\/wp-json\/wp\/v2\/comments?post=194"}],"version-history":[{"count":22,"href":"https:\/\/blogsaverroes.juntadeandalucia.es\/iesconchamendezcuesta\/wp-json\/wp\/v2\/pages\/194\/revisions"}],"predecessor-version":[{"id":6320,"href":"https:\/\/blogsaverroes.juntadeandalucia.es\/iesconchamendezcuesta\/wp-json\/wp\/v2\/pages\/194\/revisions\/6320"}],"wp:attachment":[{"href":"https:\/\/blogsaverroes.juntadeandalucia.es\/iesconchamendezcuesta\/wp-json\/wp\/v2\/media?parent=194"}],"curies":[{"name":"wp","href":"https:\/\/api.w.org\/{rel}","templated":true}]}}