{"id":230,"date":"2016-02-01T11:22:53","date_gmt":"2016-02-01T11:22:53","guid":{"rendered":"http:\/\/blogsaverroes.juntadeandalucia.es\/iesconchamendezcuesta\/?page_id=230"},"modified":"2022-11-09T14:21:54","modified_gmt":"2022-11-09T12:21:54","slug":"230-2","status":"publish","type":"page","link":"https:\/\/blogsaverroes.juntadeandalucia.es\/iesconchamendezcuesta\/230-2\/","title":{"rendered":"Departamento de Tecnolog\u00eda e Inform\u00e1tica"},"content":{"rendered":"<p>&nbsp;<\/p>\n<table style=\"width: 95.8322%;height: 106px\" width=\"630\">\n<tbody>\n<tr style=\"height: 24px\">\n<td style=\"width: 38.9625%;height: 24px\" width=\"222\"><strong>Profesor\/a<\/strong><\/td>\n<td style=\"width: 25.7339%;height: 24px\" width=\"191\"><strong>Cargo<\/strong><\/td>\n<td style=\"width: 34.6283%;height: 24px\" width=\"217\"><strong>Puesto<\/strong><\/td>\n<\/tr>\n<tr style=\"height: 24px\">\n<td style=\"width: 38.9625%;height: 24px\" width=\"222\">Paco Balbuena&nbsp;<\/td>\n<td style=\"width: 25.7339%;height: 24px\">Jefe Departamento<\/td>\n<td style=\"width: 34.6283%;height: 24px\" width=\"217\">Tecnolog\u00eda P.E.S.<\/td>\n<\/tr>\n<tr style=\"height: 24px\">\n<td style=\"width: 38.9625%;height: 24px\" width=\"222\">Manuel Guerrero<\/td>\n<td style=\"width: 25.7339%;height: 24px\">Tutor 1\u00baB<\/td>\n<td style=\"width: 34.6283%;height: 24px\" width=\"217\">Inform\u00e1tica P.E.S.<\/td>\n<\/tr>\n<tr style=\"height: 24px\">\n<td style=\"width: 38.9625%;height: 24px\" width=\"222\">Aurora Leiva<\/td>\n<td style=\"width: 25.7339%;height: 24px\">Tutora 2\u00baA<\/td>\n<td style=\"width: 34.6283%;height: 24px\" width=\"217\">Tecnolog\u00eda P.E.S.<\/td>\n<\/tr>\n<tr style=\"height: 24px\">\n<td style=\"width: 38.9625%;height: 10px\" width=\"222\">David L\u00f3pez<\/p>\n<p>Tania Lara<\/td>\n<td style=\"width: 25.7339%;height: 10px\">Tutor 2\u00baB<\/p>\n<p>&nbsp;<\/td>\n<td style=\"width: 34.6283%;height: 10px\" width=\"217\">Tecnolog\u00eda P.E.S.<\/p>\n<p>Tecnolog\u00eda P.E.S.<\/td>\n<\/tr>\n<\/tbody>\n<\/table>\n<div align=\"center\">&nbsp;<\/div>\n<div align=\"center\">&nbsp;Nueva web sobre <a href=\"https:\/\/sites.google.com\/iesconchamendezcuesta.es\/paco-balbuena\/inicio\">Computaci\u00f3n y Rob\u00f3tica (clic aqu\u00ed)<\/a><\/div>\n<div align=\"center\">&nbsp;<\/div>\n<div align=\"center\">Ahora puedes seguir nuestra cuenta de Instagram (curso 21\/22) para ver algunos de los trabajos que se realizan en clase<\/div>\n<div align=\"center\">&nbsp;<\/div>\n<div align=\"center\"><strong>@cyrpb<\/strong><\/div>\n<div align=\"center\">&nbsp;<\/div>\n<div align=\"center\">(No te preocupes por tu privacidad. Desde esta cuenta no seguiremos a ning\u00fan usuario.)<\/div>\n<div align=\"center\">&nbsp;<\/div>\n<div align=\"center\"><a href=\"http:\/\/ticrecursos.wordpress.com\" target=\"_blank\" rel=\"noopener noreferrer\">ticrecursos.wordpress.com<\/a><\/div>\n<p align=\"center\">&nbsp;<\/p>\n<p>&nbsp;<\/p>\n","protected":false},"excerpt":{"rendered":"<p>&nbsp; Profesor\/a Cargo Puesto Paco Balbuena&nbsp; Jefe Departamento Tecnolog\u00eda P.E.S. Manuel Guerrero Tutor 1\u00baB Inform\u00e1tica P.E.S. Aurora Leiva Tutora 2\u00baA Tecnolog\u00eda P.E.S. David L\u00f3pez Tania Lara Tutor 2\u00baB &nbsp; Tecnolog\u00eda P.E.S. Tecnolog\u00eda P.E.S. &nbsp;&#46;&#46;&#46;<\/p>\n","protected":false},"author":1,"featured_media":0,"parent":0,"menu_order":0,"comment_status":"open","ping_status":"open","template":"","meta":{"ngg_post_thumbnail":0,"footnotes":""},"aioseo_notices":[],"_links":{"self":[{"href":"https:\/\/blogsaverroes.juntadeandalucia.es\/iesconchamendezcuesta\/wp-json\/wp\/v2\/pages\/230"}],"collection":[{"href":"https:\/\/blogsaverroes.juntadeandalucia.es\/iesconchamendezcuesta\/wp-json\/wp\/v2\/pages"}],"about":[{"href":"https:\/\/blogsaverroes.juntadeandalucia.es\/iesconchamendezcuesta\/wp-json\/wp\/v2\/types\/page"}],"author":[{"embeddable":true,"href":"https:\/\/blogsaverroes.juntadeandalucia.es\/iesconchamendezcuesta\/wp-json\/wp\/v2\/users\/1"}],"replies":[{"embeddable":true,"href":"https:\/\/blogsaverroes.juntadeandalucia.es\/iesconchamendezcuesta\/wp-json\/wp\/v2\/comments?post=230"}],"version-history":[{"count":19,"href":"https:\/\/blogsaverroes.juntadeandalucia.es\/iesconchamendezcuesta\/wp-json\/wp\/v2\/pages\/230\/revisions"}],"predecessor-version":[{"id":293,"href":"https:\/\/blogsaverroes.juntadeandalucia.es\/iesconchamendezcuesta\/wp-json\/wp\/v2\/pages\/230\/revisions\/293"}],"wp:attachment":[{"href":"https:\/\/blogsaverroes.juntadeandalucia.es\/iesconchamendezcuesta\/wp-json\/wp\/v2\/media?parent=230"}],"curies":[{"name":"wp","href":"https:\/\/api.w.org\/{rel}","templated":true}]}}