{"id":240,"date":"2016-02-01T11:25:51","date_gmt":"2016-02-01T11:25:51","guid":{"rendered":"http:\/\/blogsaverroes.juntadeandalucia.es\/iesconchamendezcuesta\/?page_id=240"},"modified":"2025-11-12T11:47:30","modified_gmt":"2025-11-12T09:47:30","slug":"departamento-de-orientacion","status":"publish","type":"page","link":"https:\/\/blogsaverroes.juntadeandalucia.es\/iesconchamendezcuesta\/departamento-de-orientacion\/","title":{"rendered":"Departamento de Orientaci\u00f3n"},"content":{"rendered":"<table style=\"width: 109.971%;height: 216px\" width=\"630\">\n<tbody>\n<tr style=\"height: 24px\">\n<td style=\"width: 528.516px;height: 24px\"><strong>Profesor\/a<\/strong><\/td>\n<td style=\"width: 441.469px;height: 24px\"><strong>Cargo<\/strong><\/td>\n<td style=\"width: 529.703px;height: 24px\"><strong>Puesto<\/strong><\/td>\n<\/tr>\n<tr style=\"height: 24px\">\n<td style=\"width: 528.516px;height: 24px\">D\u00f3pido Tolosa, Amaro<\/td>\n<td style=\"width: 441.469px;height: 24px\">Jefe de Estudios Adjunto, Orientador<\/td>\n<td style=\"width: 529.703px;height: 24px\">Orientaci\u00f3n Educativa P.E.S.<\/td>\n<\/tr>\n<tr style=\"height: 24px\">\n<td style=\"width: 528.516px;height: 24px\">Carmona Gonz\u00e1lez, Dolores (Lola)<\/td>\n<td style=\"width: 441.469px;height: 24px\"><em>Jefe del Dto. Orientaci\u00f3n<\/em><\/td>\n<td style=\"width: 529.703px;height: 24px\">Orientaci\u00f3n Educativa P.E.S.<\/td>\n<\/tr>\n<tr style=\"height: 24px\">\n<td style=\"width: 528.516px;height: 24px\">G\u00f3mez Garc\u00eda, Almudena<\/p>\n<p>Cano Nolting, Paz<\/td>\n<td style=\"width: 441.469px;height: 24px\">Profesoras PT. y AE<\/td>\n<td style=\"width: 529.703px;height: 24px\">Pedagog\u00eda Terap\u00e9utica Eso<\/td>\n<\/tr>\n<tr style=\"height: 24px\">\n<td style=\"width: 528.516px;height: 24px\">Rodr\u00edguez Garc\u00eda, Mar\u00eda Alejandra<\/td>\n<td style=\"width: 441.469px;height: 24px\">Profesora PT y tutora AE.<\/td>\n<td style=\"width: 529.703px;height: 24px\">Pedagog\u00eda Terap\u00e9utica Eso<\/td>\n<\/tr>\n<\/tbody>\n<\/table>\n<p>Estimada Comunidad Educativa:<\/p>\n<p>Encontrar\u00e1n orientaci\u00f3n acad\u00e9mica y profesional en el siguiente enlace:<\/p>\n<p><a href=\"http:\/\/www.orientaline.es\/?yafxb=48364\">http:\/\/www.orientaline.es\/?yafxb=48364<\/a><\/p>\n<p>Para consultar sobre los distintos Ciclos de Formaci\u00f3n Profesional os recomendamos los siguientes enlaces a p\u00e1ginas oficiales:<\/p>\n<p><a href=\"https:\/\/www.juntadeandalucia.es\/educacion\/portals\/web\/formacion-profesional-andaluza\">https:\/\/www.juntadeandalucia.es\/educacion\/portals\/web\/formacion-profesional-andaluza<\/a><\/p>\n<p><a href=\"https:\/\/www.todofp.es\/inicio.html\">https:\/\/www.todofp.es\/inicio.html<\/a><\/p>\n<p>&nbsp;<\/p>\n<p>Dejamos un enlace a una presentaci\u00f3n que contempla las diferentes posibilidades al acabar 3\u00ba de la ESO, elaborada por el departamento de orientaci\u00f3n:<\/p>\n<p><a title=\"Despu\u00e9s de 3\u00ba de la ESO\" href=\"https:\/\/view.genial.ly\/604f386a289c2b0d3579b15c\/presentation-cmc-alummado-despues-de-3o-eso-copia-copia-copia\" target=\"_blank\" rel=\"noopener noreferrer\">Despu\u00e9s de 3\u00ba de la ESO<\/a><\/p>\n<p><a href=\"https:\/\/blogsaverroes.juntadeandalucia.es\/iesconchamendezcuesta\/files\/2020\/03\/TAREAS-PARA-AUMENTAR-EL-BIENESTAR-PSICOLO\u0301GICO-1-IES-SALVADOR-RUEDA.pdf.pdf\">TAREAS PARA AUMENTAR EL BIENESTAR PSICOLO\u0301GICO<\/a><\/p>\n<p>&nbsp;<\/p>\n<p>&nbsp;<\/p>\n","protected":false},"excerpt":{"rendered":"<p>Profesor\/a Cargo Puesto D\u00f3pido Tolosa, Amaro Jefe de Estudios Adjunto, Orientador Orientaci\u00f3n Educativa P.E.S. Carmona Gonz\u00e1lez, Dolores (Lola) Jefe del Dto. Orientaci\u00f3n Orientaci\u00f3n Educativa P.E.S. G\u00f3mez Garc\u00eda, Almudena Cano Nolting, Paz Profesoras PT. y&#46;&#46;&#46;<\/p>\n","protected":false},"author":1,"featured_media":0,"parent":0,"menu_order":0,"comment_status":"open","ping_status":"open","template":"","meta":{"ngg_post_thumbnail":0,"footnotes":""},"aioseo_notices":[],"_links":{"self":[{"href":"https:\/\/blogsaverroes.juntadeandalucia.es\/iesconchamendezcuesta\/wp-json\/wp\/v2\/pages\/240"}],"collection":[{"href":"https:\/\/blogsaverroes.juntadeandalucia.es\/iesconchamendezcuesta\/wp-json\/wp\/v2\/pages"}],"about":[{"href":"https:\/\/blogsaverroes.juntadeandalucia.es\/iesconchamendezcuesta\/wp-json\/wp\/v2\/types\/page"}],"author":[{"embeddable":true,"href":"https:\/\/blogsaverroes.juntadeandalucia.es\/iesconchamendezcuesta\/wp-json\/wp\/v2\/users\/1"}],"replies":[{"embeddable":true,"href":"https:\/\/blogsaverroes.juntadeandalucia.es\/iesconchamendezcuesta\/wp-json\/wp\/v2\/comments?post=240"}],"version-history":[{"count":23,"href":"https:\/\/blogsaverroes.juntadeandalucia.es\/iesconchamendezcuesta\/wp-json\/wp\/v2\/pages\/240\/revisions"}],"predecessor-version":[{"id":6575,"href":"https:\/\/blogsaverroes.juntadeandalucia.es\/iesconchamendezcuesta\/wp-json\/wp\/v2\/pages\/240\/revisions\/6575"}],"wp:attachment":[{"href":"https:\/\/blogsaverroes.juntadeandalucia.es\/iesconchamendezcuesta\/wp-json\/wp\/v2\/media?parent=240"}],"curies":[{"name":"wp","href":"https:\/\/api.w.org\/{rel}","templated":true}]}}