{"id":4102,"date":"2020-07-31T03:29:23","date_gmt":"2020-07-31T01:29:23","guid":{"rendered":"https:\/\/blogsaverroes.juntadeandalucia.es\/iesconchamendezcuesta\/?page_id=4102"},"modified":"2025-06-21T19:56:27","modified_gmt":"2025-06-21T17:56:27","slug":"bilinguismo","status":"publish","type":"page","link":"https:\/\/blogsaverroes.juntadeandalucia.es\/iesconchamendezcuesta\/inicio\/bilinguismo\/","title":{"rendered":"Biling\u00fcismo"},"content":{"rendered":"<p><a href=\"https:\/\/sites.google.com\/g.educaand.es\/faqs4teens\/bilingualism\">https:\/\/sites.google.com\/g.educaand.es\/faqs4teens\/bilingualism<\/a><\/p>\n<p><a href=\"https:\/\/blogsaverroes.juntadeandalucia.es\/iesconchamendezcuesta\/files\/2022\/04\/Proyecto-Biling\u00fae.pdf\">Proyecto Biling\u00fce CMC<\/a><\/p>\n<p><a href=\"https:\/\/blogsaverroes.juntadeandalucia.es\/iesconchamendezcuesta\/files\/2025\/03\/English_Information-sheet-for-LA-25.26.pdf\">English_Information sheet for LA 25.26<\/a><\/p>\n<table>\n<tbody>\n<tr>\n<td><b>&nbsp;<\/b><\/td>\n<td><b>2023-24<\/b><\/td>\n<td><b>2024-25<\/b><\/td>\n<td><b>2025-26<\/b><\/td>\n<\/tr>\n<tr>\n<td><b>1\u00ba ESO<\/b><\/td>\n<td><b>Biolog\u00eda y Geolog\u00eda<\/b><\/p>\n<p><b>Geograf\u00eda e Historia<\/b><\/td>\n<td><b>Biolog\u00eda y Geolog\u00eda<\/b><\/p>\n<p><b>M\u00fasica<\/b><\/td>\n<td><b>Biolog\u00eda y Geolog\u00eda<\/b><\/p>\n<p><b>M\u00fasica<\/b><\/td>\n<\/tr>\n<tr>\n<td><b>2\u00ba ESO<\/b><\/td>\n<td><b>Matem\u00e1ticas<\/b><\/p>\n<p><b>F\u00edsica y Qu\u00edmica<\/b><\/td>\n<td><b>Matem\u00e1ticas<\/b><\/p>\n<p><b>F\u00edsica y Qu\u00edmica<\/b><\/td>\n<td><b>Tecnolog\u00eda<\/b><\/p>\n<p><b>F\u00edsica y Qu\u00edmica<\/b><\/td>\n<\/tr>\n<tr>\n<td><b>3\u00ba ESO<\/b><\/td>\n<td><b>Tecnolog\u00eda<\/b><\/p>\n<p><b>Pl\u00e1stica<\/b><\/td>\n<td><b>Tecnolog\u00eda<\/b><\/p>\n<p><b>Pl\u00e1stica<\/b><\/td>\n<td><b>Geograf\u00eda e Historia<\/b><\/p>\n<p><b>Pl\u00e1stica<\/b><\/td>\n<\/tr>\n<tr>\n<td><b>4\u00ba ESO<\/b><\/td>\n<td><b>Geograf\u00eda e Historia<\/b><\/p>\n<p><b>Educaci\u00f3n F\u00edsica<\/b><\/td>\n<td><b>Geograf\u00eda e Historia<\/b><\/p>\n<p><b>Educaci\u00f3n F\u00edsica<\/b><\/td>\n<td><b>Matem\u00e1ticas A\/B<\/b><\/p>\n<p><b>Educaci\u00f3n F\u00edsica<\/b><\/td>\n<\/tr>\n<\/tbody>\n<\/table>\n<p>&nbsp;<\/p>\n","protected":false},"excerpt":{"rendered":"<p>https:\/\/sites.google.com\/g.educaand.es\/faqs4teens\/bilingualism Proyecto Biling\u00fce CMC English_Information sheet for LA 25.26 &nbsp; 2023-24 2024-25 2025-26 1\u00ba ESO Biolog\u00eda y Geolog\u00eda Geograf\u00eda e Historia Biolog\u00eda y Geolog\u00eda M\u00fasica Biolog\u00eda y Geolog\u00eda M\u00fasica 2\u00ba ESO Matem\u00e1ticas F\u00edsica y&#46;&#46;&#46;<\/p>\n","protected":false},"author":2960,"featured_media":0,"parent":20,"menu_order":6,"comment_status":"closed","ping_status":"closed","template":"","meta":{"ngg_post_thumbnail":0,"footnotes":""},"aioseo_notices":[],"_links":{"self":[{"href":"https:\/\/blogsaverroes.juntadeandalucia.es\/iesconchamendezcuesta\/wp-json\/wp\/v2\/pages\/4102"}],"collection":[{"href":"https:\/\/blogsaverroes.juntadeandalucia.es\/iesconchamendezcuesta\/wp-json\/wp\/v2\/pages"}],"about":[{"href":"https:\/\/blogsaverroes.juntadeandalucia.es\/iesconchamendezcuesta\/wp-json\/wp\/v2\/types\/page"}],"author":[{"embeddable":true,"href":"https:\/\/blogsaverroes.juntadeandalucia.es\/iesconchamendezcuesta\/wp-json\/wp\/v2\/users\/2960"}],"replies":[{"embeddable":true,"href":"https:\/\/blogsaverroes.juntadeandalucia.es\/iesconchamendezcuesta\/wp-json\/wp\/v2\/comments?post=4102"}],"version-history":[{"count":8,"href":"https:\/\/blogsaverroes.juntadeandalucia.es\/iesconchamendezcuesta\/wp-json\/wp\/v2\/pages\/4102\/revisions"}],"predecessor-version":[{"id":6501,"href":"https:\/\/blogsaverroes.juntadeandalucia.es\/iesconchamendezcuesta\/wp-json\/wp\/v2\/pages\/4102\/revisions\/6501"}],"up":[{"embeddable":true,"href":"https:\/\/blogsaverroes.juntadeandalucia.es\/iesconchamendezcuesta\/wp-json\/wp\/v2\/pages\/20"}],"wp:attachment":[{"href":"https:\/\/blogsaverroes.juntadeandalucia.es\/iesconchamendezcuesta\/wp-json\/wp\/v2\/media?parent=4102"}],"curies":[{"name":"wp","href":"https:\/\/api.w.org\/{rel}","templated":true}]}}