{"id":4775,"date":"2021-10-31T09:37:17","date_gmt":"2021-10-31T07:37:17","guid":{"rendered":"https:\/\/blogsaverroes.juntadeandalucia.es\/iesconchamendezcuesta\/?page_id=4775"},"modified":"2024-10-03T18:20:31","modified_gmt":"2024-10-03T16:20:31","slug":"departamento-de-filosofia","status":"publish","type":"page","link":"https:\/\/blogsaverroes.juntadeandalucia.es\/iesconchamendezcuesta\/departamentos\/departamento-de-filosofia\/","title":{"rendered":"Departamento de Filosof\u00eda"},"content":{"rendered":"<p>El Departamento de Filosof\u00eda del IES Concha M\u00e9ndez Cuesta consta de los siguientes docentes:&nbsp;<\/p>\n<p>Irene Jaime G\u00f3mez, profesora de Filosof\u00eda y Jefa del Departamento.<\/p>\n<p>Antonio Granados Guerrero, profesor de Filosof\u00eda y tutor de 2\u00baBachillerato A.<\/p>\n","protected":false},"excerpt":{"rendered":"<p>El Departamento de Filosof\u00eda del IES Concha M\u00e9ndez Cuesta consta de los siguientes docentes:&nbsp; Irene Jaime G\u00f3mez, profesora de Filosof\u00eda y Jefa del Departamento. Antonio Granados Guerrero, profesor de Filosof\u00eda y tutor de 2\u00baBachillerato&#46;&#46;&#46;<\/p>\n","protected":false},"author":2960,"featured_media":0,"parent":182,"menu_order":0,"comment_status":"closed","ping_status":"closed","template":"","meta":{"ngg_post_thumbnail":0,"footnotes":""},"aioseo_notices":[],"_links":{"self":[{"href":"https:\/\/blogsaverroes.juntadeandalucia.es\/iesconchamendezcuesta\/wp-json\/wp\/v2\/pages\/4775"}],"collection":[{"href":"https:\/\/blogsaverroes.juntadeandalucia.es\/iesconchamendezcuesta\/wp-json\/wp\/v2\/pages"}],"about":[{"href":"https:\/\/blogsaverroes.juntadeandalucia.es\/iesconchamendezcuesta\/wp-json\/wp\/v2\/types\/page"}],"author":[{"embeddable":true,"href":"https:\/\/blogsaverroes.juntadeandalucia.es\/iesconchamendezcuesta\/wp-json\/wp\/v2\/users\/2960"}],"replies":[{"embeddable":true,"href":"https:\/\/blogsaverroes.juntadeandalucia.es\/iesconchamendezcuesta\/wp-json\/wp\/v2\/comments?post=4775"}],"version-history":[{"count":8,"href":"https:\/\/blogsaverroes.juntadeandalucia.es\/iesconchamendezcuesta\/wp-json\/wp\/v2\/pages\/4775\/revisions"}],"predecessor-version":[{"id":6333,"href":"https:\/\/blogsaverroes.juntadeandalucia.es\/iesconchamendezcuesta\/wp-json\/wp\/v2\/pages\/4775\/revisions\/6333"}],"up":[{"embeddable":true,"href":"https:\/\/blogsaverroes.juntadeandalucia.es\/iesconchamendezcuesta\/wp-json\/wp\/v2\/pages\/182"}],"wp:attachment":[{"href":"https:\/\/blogsaverroes.juntadeandalucia.es\/iesconchamendezcuesta\/wp-json\/wp\/v2\/media?parent=4775"}],"curies":[{"name":"wp","href":"https:\/\/api.w.org\/{rel}","templated":true}]}}