{"id":851,"date":"2016-06-21T11:01:47","date_gmt":"2016-06-21T11:01:47","guid":{"rendered":"http:\/\/blogsaverroes.juntadeandalucia.es\/iesconchamendezcuesta\/?page_id=851"},"modified":"2025-06-23T13:09:14","modified_gmt":"2025-06-23T11:09:14","slug":"transito","status":"publish","type":"page","link":"https:\/\/blogsaverroes.juntadeandalucia.es\/iesconchamendezcuesta\/transito\/","title":{"rendered":"Tr\u00e1nsito"},"content":{"rendered":"<p>Tr\u00e1nsito es el programa para el paso del colegio al Instituto.<\/p>\n<p>Recordad que la matr\u00edcula se hace del 1 al 10 de julio a trav\u00e9s de <a href=\"https:\/\/www.juntadeandalucia.es\/educacion\/secretariavirtual\/\" target=\"_blank\" rel=\"noopener\">secretar\u00eda virtual<\/a>. Aconsejamos hacerla en los primeros d\u00edas, por si surgen dificultades. Si necesitas ayuda en el proceso, puedes pasar por el IES, en horario de 9:15h a 13:30h.&nbsp;<\/p>\n<p>Os dejamos una <a href=\"https:\/\/blogsaverroes.juntadeandalucia.es\/iesconchamendezcuesta\/files\/2025\/06\/Tutoria-general-padres-y-madres-CEIPS-2022.pdf\">Tutoria-general-padres-y-madres-CEIPS-2022<\/a><\/p>\n<p>Y las actividades de tr\u00e1nsito para el curso que viene. Deber\u00e1n ser entregadas a los\/as profesores\/as de lengua, matem\u00e1ticas e ingl\u00e9s del 15 al 30 de septiembre, salvo indicaciones distintas de los docentes.<\/p>\n<p><a href=\"https:\/\/blogsaverroes.juntadeandalucia.es\/iesconchamendezcuesta\/files\/2025\/06\/Cuadernillo-de-Transito.pdf\">Tr\u00e1nsito Ingl\u00e9s<\/a><\/p>\n<p><a href=\"https:\/\/blogsaverroes.juntadeandalucia.es\/iesconchamendezcuesta\/files\/2025\/06\/Transito-Lengua.pdf\">Tra\u0301nsito Lengua<\/a><\/p>\n<p><a href=\"https:\/\/blogsaverroes.juntadeandalucia.es\/iesconchamendezcuesta\/files\/2025\/06\/Transito-Matematicas.pdf\">Tr\u00e1nsito Matem\u00e1ticas<\/a><\/p>\n<p>FAQs:<\/p>\n<div>&nbsp;<\/div>\n<div>&nbsp;<\/div>\n","protected":false},"excerpt":{"rendered":"<p>Tr\u00e1nsito es el programa para el paso del colegio al Instituto. Recordad que la matr\u00edcula se hace del 1 al 10 de julio a trav\u00e9s de secretar\u00eda virtual. Aconsejamos hacerla en los primeros d\u00edas,&#46;&#46;&#46;<\/p>\n","protected":false},"author":2960,"featured_media":855,"parent":0,"menu_order":0,"comment_status":"open","ping_status":"open","template":"","meta":{"ngg_post_thumbnail":0,"footnotes":""},"aioseo_notices":[],"_links":{"self":[{"href":"https:\/\/blogsaverroes.juntadeandalucia.es\/iesconchamendezcuesta\/wp-json\/wp\/v2\/pages\/851"}],"collection":[{"href":"https:\/\/blogsaverroes.juntadeandalucia.es\/iesconchamendezcuesta\/wp-json\/wp\/v2\/pages"}],"about":[{"href":"https:\/\/blogsaverroes.juntadeandalucia.es\/iesconchamendezcuesta\/wp-json\/wp\/v2\/types\/page"}],"author":[{"embeddable":true,"href":"https:\/\/blogsaverroes.juntadeandalucia.es\/iesconchamendezcuesta\/wp-json\/wp\/v2\/users\/2960"}],"replies":[{"embeddable":true,"href":"https:\/\/blogsaverroes.juntadeandalucia.es\/iesconchamendezcuesta\/wp-json\/wp\/v2\/comments?post=851"}],"version-history":[{"count":25,"href":"https:\/\/blogsaverroes.juntadeandalucia.es\/iesconchamendezcuesta\/wp-json\/wp\/v2\/pages\/851\/revisions"}],"predecessor-version":[{"id":6503,"href":"https:\/\/blogsaverroes.juntadeandalucia.es\/iesconchamendezcuesta\/wp-json\/wp\/v2\/pages\/851\/revisions\/6503"}],"wp:featuredmedia":[{"embeddable":true,"href":"https:\/\/blogsaverroes.juntadeandalucia.es\/iesconchamendezcuesta\/wp-json\/wp\/v2\/media\/855"}],"wp:attachment":[{"href":"https:\/\/blogsaverroes.juntadeandalucia.es\/iesconchamendezcuesta\/wp-json\/wp\/v2\/media?parent=851"}],"curies":[{"name":"wp","href":"https:\/\/api.w.org\/{rel}","templated":true}]}}