{"id":16,"date":"2020-01-10T08:42:15","date_gmt":"2020-01-10T07:42:15","guid":{"rendered":"http:\/\/blogsaverroes.juntadeandalucia.es\/pre\/nuevoies2v2\/?page_id=16"},"modified":"2021-05-19T12:01:18","modified_gmt":"2021-05-19T11:01:18","slug":"1o-eso","status":"publish","type":"page","link":"https:\/\/blogsaverroes.juntadeandalucia.es\/iescuencaminera\/1o-eso\/","title":{"rendered":"MATEM\u00c1TICAS"},"content":{"rendered":"<p><span style=\"text-decoration: underline\"><span style=\"color: #ff0000\"><strong><em>Miembros del Departamento:<\/em><\/strong><\/span><\/span><\/p>\n<ul>\n<li><strong>Carlos Oliva Gonz\u00e1lez (Jefe de departamento)<\/strong><\/li>\n<li><strong>Aitor S\u00e1nchez<br \/>\n<\/strong><\/li>\n<li><strong>Ana Isabel Mart\u00ednez Lob\u00f3n<\/strong><\/li>\n<li><strong>Manuel Jes\u00fas L\u00f3pez Robledo<\/strong><\/li>\n<\/ul>\n","protected":false},"excerpt":{"rendered":"<p>Miembros del Departamento: Carlos Oliva Gonz\u00e1lez (Jefe de departamento) Aitor S\u00e1nchez Ana Isabel Mart\u00ednez Lob\u00f3n Manuel Jes\u00fas L\u00f3pez Robledo<\/p>\n","protected":false},"author":7051,"featured_media":0,"parent":0,"menu_order":0,"comment_status":"closed","ping_status":"closed","template":"","meta":{"ngg_post_thumbnail":0,"footnotes":""},"aioseo_notices":[],"_links":{"self":[{"href":"https:\/\/blogsaverroes.juntadeandalucia.es\/iescuencaminera\/wp-json\/wp\/v2\/pages\/16"}],"collection":[{"href":"https:\/\/blogsaverroes.juntadeandalucia.es\/iescuencaminera\/wp-json\/wp\/v2\/pages"}],"about":[{"href":"https:\/\/blogsaverroes.juntadeandalucia.es\/iescuencaminera\/wp-json\/wp\/v2\/types\/page"}],"author":[{"embeddable":true,"href":"https:\/\/blogsaverroes.juntadeandalucia.es\/iescuencaminera\/wp-json\/wp\/v2\/users\/7051"}],"replies":[{"embeddable":true,"href":"https:\/\/blogsaverroes.juntadeandalucia.es\/iescuencaminera\/wp-json\/wp\/v2\/comments?post=16"}],"version-history":[{"count":2,"href":"https:\/\/blogsaverroes.juntadeandalucia.es\/iescuencaminera\/wp-json\/wp\/v2\/pages\/16\/revisions"}],"predecessor-version":[{"id":589,"href":"https:\/\/blogsaverroes.juntadeandalucia.es\/iescuencaminera\/wp-json\/wp\/v2\/pages\/16\/revisions\/589"}],"wp:attachment":[{"href":"https:\/\/blogsaverroes.juntadeandalucia.es\/iescuencaminera\/wp-json\/wp\/v2\/media?parent=16"}],"curies":[{"name":"wp","href":"https:\/\/api.w.org\/{rel}","templated":true}]}}