{"id":36,"date":"2020-01-10T09:31:25","date_gmt":"2020-01-10T08:31:25","guid":{"rendered":"http:\/\/blogsaverroes.juntadeandalucia.es\/pre\/nuevoies2v2\/?page_id=36"},"modified":"2021-05-19T16:05:50","modified_gmt":"2021-05-19T15:05:50","slug":"biblioteca","status":"publish","type":"page","link":"https:\/\/blogsaverroes.juntadeandalucia.es\/iescuencaminera\/biblioteca\/","title":{"rendered":"PROYECTO TIC"},"content":{"rendered":"<p><img loading=\"lazy\" decoding=\"async\" title=\"Placa DIG\" src=\"http:\/\/www.juntadeandalucia.es\/averroes\/centros-tic\/21700290\/helvia\/sitio\/upload\/img\/placa_dig.gif\" alt=\"Placa DIG\" width=\"83\" height=\"62\" border=\"0\"><img decoding=\"async\" title=\"Placa TIC\" src=\"http:\/\/www.juntadeandalucia.es\/averroes\/centros-tic\/21700290\/helvia\/sitio\/upload\/img\/logoplacatic.gif\" alt=\"Placa TIC\" border=\"0\"><\/p>\n<p>Proyecto de Centro TIC (Tecnolog\u00edas de la Informaci\u00f3n y la Comunicaci\u00f3n) a nivel de Gesti\u00f3n (2005) y de Docencia (2007), con los siguientes OBJETIVOS:<\/p>\n<ul>\n<li>PARA EL ALUMNADO:<br \/>\nPensando en nuestros ALUMNOS formulamos los siguientes Objetivos:<br \/>\n\u00b7 FACILITAR LA IGUALDAD DE OPORTUNIDADES EDUCATIVAS:<br \/>\ntodos los alumnos\/as en igualdad de condiciones en la escuela y ante la educaci\u00f3n. Nadie discriminado por su condici\u00f3n personal, social,&#8230;<br \/>\n\u00b7 OFRECER UNA RESPUESTA EDUCATIVA acorde con los tiempos actuales y que nuestros alumnos\/as perciben, a trav\u00e9s, de la televisi\u00f3n, cine&#8230;etc. para que comprendan que su vida en la escuela es una continuidad de lo que sucede fuera.<br \/>\n\u00b7 LOGRAR UNA MAYOR MOTIVACI\u00d3N con la utilizaci\u00f3n de las Nuevas Tecnolog\u00edas para lograr que disminuya el absentismo, la apat\u00eda, el desinter\u00e9s&#8230;etc. Tan corriente hoy en d\u00eda.<br \/>\n\u00b7 POTENCIAR EL TRABAJO GRUPAL, con actitudes colaborativas y solidarias, al compartir equipo.<br \/>\n\u00b7 POTENCIAR EL SENTIMIENTO DE RESPONSABILIDAD en el cuido de los nuevos equipos e instalaciones.<br \/>\n\u00b7 MEJORAR LA ATENCI\u00d3N A LA DIVERSIDAD, respetando los diversos ritmos de aprendizajes y la adaptaci\u00f3n a las diversas capacidades.<br \/>\n\u00b7 ACOSTUMBRAR AL ALUMNADO A UNA NUEVA FORMA DE BUSCAR INFORMACI\u00d3N y a seleccionarla de forma cr\u00edtica.<br \/>\n\u00b7 INTERCAMBIAR INFORMACI\u00d3N CON EL EXTERIOR. El alumno\/a y su entorno m\u00e1s o menos inmediato. P\u00e1gina Web del Centro.<\/li>\n<\/ul>\n<ul>\n<li>PARA EL PROFESORADO<br \/>\n\u00b7 ACOSTUMBRAR al profesorado al uso de la Nuevas Tecnolog\u00edas con objeto de conseguir una mejora en la calidad de la ense\u00f1anza.<br \/>\n\u00b7 MENTALIZAR DEL USO del ordenador como herramienta de trabajo diaria.<br \/>\n\u00b7 POTENCIAR TRABAJOS COOPERATIVOS entre los miembros de grupos de trabajos, de los Departamentos, trabajos interdepartamentales&#8230;etc.<br \/>\n\u00b7 UTILIZAR LAS NUEVAS TECNOLOG\u00cdAS para la b\u00fasqueda y selecci\u00f3n de la informaci\u00f3n que redunde en la actividad docente.<br \/>\n\u00b7 COLABORAR EN LA ACTUALIZACI\u00d3N de la p\u00e1gina Web del Centro.<br \/>\n\u00b7 UTILIZAR LAS TIC como medio de formaci\u00f3n permanente.<br \/>\n\u00b7 INTERCAMBIAR INFORMACI\u00d3N con el exterior: otros centros, Administraciones, padres y madres&#8230;etc.<\/li>\n<li>PARA EL CENTRO<br \/>\n\u00b7 POTENCIAR LA UTILIZACI\u00d3N DE LA NUEVAS TECNOLOG\u00cdAS como herramientas de trabajo cotidiano, tanto para el profesorado como del alumnado.<br \/>\n\u00b7 IMPULSAR LA COMUNICACI\u00d3N CON EL EXTERIOR, para informar a los padres y madres, para relacionarse con otros centros, para gestiones cerca de las administraciones, para publicitar trabajos realizados y captaci\u00f3n de futuro alumnado &#8230;etc.<br \/>\n\u00b7 FACILITAR LA B\u00daSQUEDA Y SELECCI\u00d3N DE LA INFORMACI\u00d3N, a trav\u00e9s de Internet, tanto de profesores como de los alumnos.<br \/>\n\u00b7 RESPONSABILIZAR A TODOS LOS USUARIOS del uso y disfrute de los nuevos equipos con objeto de desarrollar el sentido de la responsabilidad en el cuido de objetos e instalaciones.<\/li>\n<\/ul>\n<p><a title=\"Proyecto Centro TIC\" href=\"http:\/\/www.juntadeandalucia.es\/averroes\/centros-tic\/21700290\/helvia\/sitio\/upload\/TIC_Docencia_MMVI.pdf\" target=\"_blank\" rel=\"noopener noreferrer\">-Texto del Proyecto Completo-<\/a><\/p>\n","protected":false},"excerpt":{"rendered":"<p>Proyecto de Centro TIC (Tecnolog\u00edas de la Informaci\u00f3n y la Comunicaci\u00f3n) a nivel de Gesti\u00f3n (2005) y de Docencia (2007), con los siguientes OBJETIVOS: PARA&hellip;<\/p>\n","protected":false},"author":7051,"featured_media":0,"parent":0,"menu_order":0,"comment_status":"closed","ping_status":"closed","template":"","meta":{"ngg_post_thumbnail":0,"footnotes":""},"aioseo_notices":[],"_links":{"self":[{"href":"https:\/\/blogsaverroes.juntadeandalucia.es\/iescuencaminera\/wp-json\/wp\/v2\/pages\/36"}],"collection":[{"href":"https:\/\/blogsaverroes.juntadeandalucia.es\/iescuencaminera\/wp-json\/wp\/v2\/pages"}],"about":[{"href":"https:\/\/blogsaverroes.juntadeandalucia.es\/iescuencaminera\/wp-json\/wp\/v2\/types\/page"}],"author":[{"embeddable":true,"href":"https:\/\/blogsaverroes.juntadeandalucia.es\/iescuencaminera\/wp-json\/wp\/v2\/users\/7051"}],"replies":[{"embeddable":true,"href":"https:\/\/blogsaverroes.juntadeandalucia.es\/iescuencaminera\/wp-json\/wp\/v2\/comments?post=36"}],"version-history":[{"count":2,"href":"https:\/\/blogsaverroes.juntadeandalucia.es\/iescuencaminera\/wp-json\/wp\/v2\/pages\/36\/revisions"}],"predecessor-version":[{"id":606,"href":"https:\/\/blogsaverroes.juntadeandalucia.es\/iescuencaminera\/wp-json\/wp\/v2\/pages\/36\/revisions\/606"}],"wp:attachment":[{"href":"https:\/\/blogsaverroes.juntadeandalucia.es\/iescuencaminera\/wp-json\/wp\/v2\/media?parent=36"}],"curies":[{"name":"wp","href":"https:\/\/api.w.org\/{rel}","templated":true}]}}