{"id":642,"date":"2021-05-19T16:45:41","date_gmt":"2021-05-19T15:45:41","guid":{"rendered":"https:\/\/blogsaverroes.juntadeandalucia.es\/iescuencaminera\/?page_id=642"},"modified":"2025-05-20T09:31:03","modified_gmt":"2025-05-20T08:31:03","slug":"pruebas-libres","status":"publish","type":"page","link":"https:\/\/blogsaverroes.juntadeandalucia.es\/iescuencaminera\/pruebas-libres\/","title":{"rendered":"PRUEBAS LIBRES"},"content":{"rendered":"<div id=\"contenido_sitio\">\n<p><span style=\"text-decoration: underline\"><span style=\"color: #ff0000\"><strong>PRUEBAS LIBRES 2025<\/strong><\/span><\/span><\/p>\n<p><span style=\"text-decoration: underline\"><em><a href=\"https:\/\/blogsaverroes.juntadeandalucia.es\/iescuencaminera\/files\/2025\/05\/TECNICO-EN-EMERGENCIAS-SANITARIAS-POT-25.pdf\">T\u00c9CNICO EN EMERGENCIAS SANITARIAS POT 25 (DESCARGAR PDF)<\/a><\/em><\/span><\/p>\n<p><a href=\"https:\/\/blogsaverroes.juntadeandalucia.es\/iescuencaminera\/files\/2025\/05\/Tecnico-en-emergencias-sanitarias-pot-25.png\">POT 2025 I.E.S. CUENCA MINERAT\u00c9CNICO EN EMERGENCIAS SANITARIAS<\/a><\/p>\n<hr>\n<p style=\"text-align: center\"><a href=\"https:\/\/blogsaverroes.juntadeandalucia.es\/iescuencaminera\/files\/2025\/05\/Tecnico-en-emergencias-sanitarias-pot-25.png\"><img loading=\"lazy\" decoding=\"async\" class=\"aligncenter size-full wp-image-816\" src=\"https:\/\/blogsaverroes.juntadeandalucia.es\/iescuencaminera\/files\/2025\/05\/Tecnico-en-emergencias-sanitarias-pot-25.png\" alt=\"\" width=\"586\" height=\"795\" srcset=\"https:\/\/blogsaverroes.juntadeandalucia.es\/iescuencaminera\/files\/2025\/05\/Tecnico-en-emergencias-sanitarias-pot-25.png 586w, https:\/\/blogsaverroes.juntadeandalucia.es\/iescuencaminera\/files\/2025\/05\/Tecnico-en-emergencias-sanitarias-pot-25-221x300.png 221w\" sizes=\"(max-width: 586px) 100vw, 586px\" \/>RECORDATORIO IMPORTANTE PARA LA REALIZACI\u00d3N DEL ACTO DE PRESENTACI\u00d3N TELEM\u00c1TICO:<\/a><\/p>\n<p><span style=\"font-size: 36pt\">A<\/span>quellas personas que hayan decidido realizar la presentaci\u00f3n telem\u00e1tica, es OBLIGATORIO que el alumnado se descargue la documentaci\u00f3n de la Comisi\u00f3n de evaluaci\u00f3n, para que dicha presentaci\u00f3n,,se<\/p>\n<p>d\u00e9 por v\u00e1lida. En el caso de no descargar dicho documento la presentaci\u00f3n no puede ser validada.<\/p>\n<\/div>\n<p>ATENCI\u00d3N:&nbsp; &nbsp; &nbsp;EL C\u00d3DIGO DE SIMULACRO ES: <span style=\"color: #ff0000\">MC5WY93<\/span><\/p>\n<div id=\"contenido_sitio\">\n<p>&nbsp;<\/p>\n<\/div>\n","protected":false},"excerpt":{"rendered":"<p>PRUEBAS LIBRES 2025 T\u00c9CNICO EN EMERGENCIAS SANITARIAS POT 25 (DESCARGAR PDF) POT 2025 I.E.S. CUENCA MINERAT\u00c9CNICO EN EMERGENCIAS SANITARIAS RECORDATORIO IMPORTANTE PARA LA REALIZACI\u00d3N DEL&hellip;<\/p>\n","protected":false},"author":12902,"featured_media":816,"parent":0,"menu_order":0,"comment_status":"closed","ping_status":"closed","template":"","meta":{"ngg_post_thumbnail":0,"footnotes":""},"aioseo_notices":[],"_links":{"self":[{"href":"https:\/\/blogsaverroes.juntadeandalucia.es\/iescuencaminera\/wp-json\/wp\/v2\/pages\/642"}],"collection":[{"href":"https:\/\/blogsaverroes.juntadeandalucia.es\/iescuencaminera\/wp-json\/wp\/v2\/pages"}],"about":[{"href":"https:\/\/blogsaverroes.juntadeandalucia.es\/iescuencaminera\/wp-json\/wp\/v2\/types\/page"}],"author":[{"embeddable":true,"href":"https:\/\/blogsaverroes.juntadeandalucia.es\/iescuencaminera\/wp-json\/wp\/v2\/users\/12902"}],"replies":[{"embeddable":true,"href":"https:\/\/blogsaverroes.juntadeandalucia.es\/iescuencaminera\/wp-json\/wp\/v2\/comments?post=642"}],"version-history":[{"count":15,"href":"https:\/\/blogsaverroes.juntadeandalucia.es\/iescuencaminera\/wp-json\/wp\/v2\/pages\/642\/revisions"}],"predecessor-version":[{"id":831,"href":"https:\/\/blogsaverroes.juntadeandalucia.es\/iescuencaminera\/wp-json\/wp\/v2\/pages\/642\/revisions\/831"}],"wp:featuredmedia":[{"embeddable":true,"href":"https:\/\/blogsaverroes.juntadeandalucia.es\/iescuencaminera\/wp-json\/wp\/v2\/media\/816"}],"wp:attachment":[{"href":"https:\/\/blogsaverroes.juntadeandalucia.es\/iescuencaminera\/wp-json\/wp\/v2\/media?parent=642"}],"curies":[{"name":"wp","href":"https:\/\/api.w.org\/{rel}","templated":true}]}}