{"id":714,"date":"2021-05-23T20:45:19","date_gmt":"2021-05-23T19:45:19","guid":{"rendered":"https:\/\/blogsaverroes.juntadeandalucia.es\/iescuencaminera\/?page_id=714"},"modified":"2021-05-23T20:45:19","modified_gmt":"2021-05-23T19:45:19","slug":"electricidad","status":"publish","type":"page","link":"https:\/\/blogsaverroes.juntadeandalucia.es\/iescuencaminera\/electricidad\/","title":{"rendered":"ELECTRICIDAD"},"content":{"rendered":"<p><span style=\"text-decoration: underline;color: #ff0000\"><strong>Componentes:<\/strong><\/span><\/p>\n<ul>\n<li>Jos\u00e9 A. G\u00f3mez<\/li>\n<li>Rafael D\u00edaz<\/li>\n<li>Manuel Caballero<\/li>\n<li>Alberto D\u00edaz<\/li>\n<li>Tamara Nogues<\/li>\n<li>Daniel Chaparro<\/li>\n<li>Alejandro Zambrana<\/li>\n<\/ul>\n","protected":false},"excerpt":{"rendered":"<p>Componentes: Jos\u00e9 A. G\u00f3mez Rafael D\u00edaz Manuel Caballero Alberto D\u00edaz Tamara Nogues Daniel Chaparro Alejandro Zambrana<\/p>\n","protected":false},"author":12902,"featured_media":0,"parent":0,"menu_order":0,"comment_status":"closed","ping_status":"closed","template":"","meta":{"ngg_post_thumbnail":0,"footnotes":""},"aioseo_notices":[],"_links":{"self":[{"href":"https:\/\/blogsaverroes.juntadeandalucia.es\/iescuencaminera\/wp-json\/wp\/v2\/pages\/714"}],"collection":[{"href":"https:\/\/blogsaverroes.juntadeandalucia.es\/iescuencaminera\/wp-json\/wp\/v2\/pages"}],"about":[{"href":"https:\/\/blogsaverroes.juntadeandalucia.es\/iescuencaminera\/wp-json\/wp\/v2\/types\/page"}],"author":[{"embeddable":true,"href":"https:\/\/blogsaverroes.juntadeandalucia.es\/iescuencaminera\/wp-json\/wp\/v2\/users\/12902"}],"replies":[{"embeddable":true,"href":"https:\/\/blogsaverroes.juntadeandalucia.es\/iescuencaminera\/wp-json\/wp\/v2\/comments?post=714"}],"version-history":[{"count":1,"href":"https:\/\/blogsaverroes.juntadeandalucia.es\/iescuencaminera\/wp-json\/wp\/v2\/pages\/714\/revisions"}],"predecessor-version":[{"id":715,"href":"https:\/\/blogsaverroes.juntadeandalucia.es\/iescuencaminera\/wp-json\/wp\/v2\/pages\/714\/revisions\/715"}],"wp:attachment":[{"href":"https:\/\/blogsaverroes.juntadeandalucia.es\/iescuencaminera\/wp-json\/wp\/v2\/media?parent=714"}],"curies":[{"name":"wp","href":"https:\/\/api.w.org\/{rel}","templated":true}]}}