{"id":178,"date":"2015-03-17T07:56:43","date_gmt":"2015-03-17T07:56:43","guid":{"rendered":"http:\/\/blogsaverroes.juntadeandalucia.es\/pre\/ceip\/?page_id=178"},"modified":"2017-09-27T14:37:47","modified_gmt":"2017-09-27T12:37:47","slug":"musica","status":"publish","type":"page","link":"https:\/\/blogsaverroes.juntadeandalucia.es\/iesdiegoangulo\/musica\/","title":{"rendered":"M\u00fasica"},"content":{"rendered":"<p><a href=\"http:\/\/blogsaverroes.juntadeandalucia.es\/iesdiegoangulo\/files\/2015\/03\/musica.jpg\"><img loading=\"lazy\" decoding=\"async\" class=\"aligncenter size-medium wp-image-2143\" src=\"http:\/\/blogsaverroes.juntadeandalucia.es\/iesdiegoangulo\/files\/2015\/03\/musica-300x300.jpg\" alt=\"musica\" width=\"300\" height=\"300\" srcset=\"https:\/\/blogsaverroes.juntadeandalucia.es\/iesdiegoangulo\/files\/2015\/03\/musica-300x300.jpg 300w, https:\/\/blogsaverroes.juntadeandalucia.es\/iesdiegoangulo\/files\/2015\/03\/musica-150x150.jpg 150w, https:\/\/blogsaverroes.juntadeandalucia.es\/iesdiegoangulo\/files\/2015\/03\/musica-160x160.jpg 160w, https:\/\/blogsaverroes.juntadeandalucia.es\/iesdiegoangulo\/files\/2015\/03\/musica.jpg 640w\" sizes=\"(max-width: 300px) 100vw, 300px\" \/><\/a><\/p>\n<p style=\"text-align: right\"><strong>Jefa de Departamento:&nbsp;<\/strong>BELLA M\u00aa LAZO ROSA<\/p>\n<p><strong><span style=\"font-family: sans-serif\"><span style=\"font-size: medium\">M\u00fasica <\/span><\/span><\/strong><\/p>\n<p><span style=\"font-family: sans-serif\"><span style=\"font-size: medium\">La m\u00fasica, como bien cultural y como lenguaje y medio de comunicaci\u00f3n no verbal, constituye un elemento con gran valor en la vida de las personas; adem\u00e1s, favorece el desarrollo integral de los individuos, interviene en su formaci\u00f3n emocional e intelectual, a trav\u00e9s del conocimiento del hecho musical como manifestaci\u00f3n cultural e hist\u00f3rica, y contribuye al afianzamiento de una postura abierta, reflexiva y cr\u00edtica en el alumnado. <\/span><\/span><\/p>\n<p><span style=\"font-family: sans-serif\"><span style=\"font-size: medium\">En la actualidad la m\u00fasica constituye uno de los principales referentes de identificaci\u00f3n de la juventud. Con el desarrollo tecnol\u00f3gico se han multiplicado los cauces de acceso a las cada vez m\u00e1s numerosas fuentes de cultura musical, as\u00ed como a sus diversas maneras de creaci\u00f3n e interpretaci\u00f3n a trav\u00e9s de veh\u00edculos que forman parte de su vida cotidiana como Internet, dispositivos m\u00f3viles, reproductores de audio o videojuegos; adem\u00e1s, fomenta el desarrollo de la percepci\u00f3n, la sensibilidad est\u00e9tica, la expresi\u00f3n creativa y la reflexi\u00f3n cr\u00edtica. <\/span><\/span><\/p>\n","protected":false},"excerpt":{"rendered":"<p>Jefa de Departamento:&nbsp;BELLA M\u00aa LAZO ROSA M\u00fasica La m\u00fasica, como bien cultural y como lenguaje y medio de comunicaci\u00f3n no verbal, constituye un elemento con&hellip;<\/p>\n","protected":false},"author":1,"featured_media":0,"parent":0,"menu_order":0,"comment_status":"closed","ping_status":"open","template":"template-sidebar-content.php","meta":{"footnotes":""},"aioseo_notices":[],"_links":{"self":[{"href":"https:\/\/blogsaverroes.juntadeandalucia.es\/iesdiegoangulo\/wp-json\/wp\/v2\/pages\/178"}],"collection":[{"href":"https:\/\/blogsaverroes.juntadeandalucia.es\/iesdiegoangulo\/wp-json\/wp\/v2\/pages"}],"about":[{"href":"https:\/\/blogsaverroes.juntadeandalucia.es\/iesdiegoangulo\/wp-json\/wp\/v2\/types\/page"}],"author":[{"embeddable":true,"href":"https:\/\/blogsaverroes.juntadeandalucia.es\/iesdiegoangulo\/wp-json\/wp\/v2\/users\/1"}],"replies":[{"embeddable":true,"href":"https:\/\/blogsaverroes.juntadeandalucia.es\/iesdiegoangulo\/wp-json\/wp\/v2\/comments?post=178"}],"version-history":[{"count":3,"href":"https:\/\/blogsaverroes.juntadeandalucia.es\/iesdiegoangulo\/wp-json\/wp\/v2\/pages\/178\/revisions"}],"predecessor-version":[{"id":2776,"href":"https:\/\/blogsaverroes.juntadeandalucia.es\/iesdiegoangulo\/wp-json\/wp\/v2\/pages\/178\/revisions\/2776"}],"wp:attachment":[{"href":"https:\/\/blogsaverroes.juntadeandalucia.es\/iesdiegoangulo\/wp-json\/wp\/v2\/media?parent=178"}],"curies":[{"name":"wp","href":"https:\/\/api.w.org\/{rel}","templated":true}]}}